{"id":1096,"date":"2023-03-14T11:59:32","date_gmt":"2023-03-14T10:59:32","guid":{"rendered":"https:\/\/galerielecolibri.fr\/?page_id=1096"},"modified":"2024-11-19T12:07:14","modified_gmt":"2024-11-19T11:07:14","slug":"sophie-vincent","status":"publish","type":"page","link":"https:\/\/galerielecolibri.fr\/?page_id=1096","title":{"rendered":"Sophie VINCENT"},"content":{"rendered":"<div class=\"wp-block-image\">\n<figure class=\"aligncenter size-large is-resized\"><img loading=\"lazy\" decoding=\"async\" width=\"1024\" height=\"683\" src=\"https:\/\/galerielecolibri.fr\/wp-content\/uploads\/2023\/04\/Photo-Sophie-b-1024x683.jpeg\" alt=\"\" class=\"wp-image-1394\" style=\"width:408px;height:272px\" srcset=\"https:\/\/galerielecolibri.fr\/wp-content\/uploads\/2023\/04\/Photo-Sophie-b-1024x683.jpeg 1024w, https:\/\/galerielecolibri.fr\/wp-content\/uploads\/2023\/04\/Photo-Sophie-b-300x200.jpeg 300w, https:\/\/galerielecolibri.fr\/wp-content\/uploads\/2023\/04\/Photo-Sophie-b-768x512.jpeg 768w, https:\/\/galerielecolibri.fr\/wp-content\/uploads\/2023\/04\/Photo-Sophie-b-1536x1024.jpeg 1536w, https:\/\/galerielecolibri.fr\/wp-content\/uploads\/2023\/04\/Photo-Sophie-b-2048x1365.jpeg 2048w, https:\/\/galerielecolibri.fr\/wp-content\/uploads\/2023\/04\/Photo-Sophie-b-900x600.jpeg 900w, https:\/\/galerielecolibri.fr\/wp-content\/uploads\/2023\/04\/Photo-Sophie-b-500x333.jpeg 500w\" sizes=\"auto, (max-width: 1024px) 100vw, 1024px\" \/><\/figure>\n<\/div>\n\n\n<p>La sculptrice Sophie Vincent a plusieurs facettes \u00e0 son travail. Le d\u00e9nominateur commun, malgr\u00e9 tout, est l&rsquo;ailleurs. Ses femmes, c\u00e9ramiques en raku, grandes, dress\u00e9es, presque fauves dans la couleur de leur parure, au visage d\u00e9termin\u00e9, semblent venues d&rsquo;un autre pays et d&rsquo;un autre temps. Mais avec elles, ont est encore un peu sur Terre. Les \u00e2mes telluriques, \u00e0 l&rsquo;inverse, faites en gr\u00e8s et en fa\u00efence afin d&rsquo;obtenir deux couleurs et deux mati\u00e8res tout en restant volontairement brutes (le gr\u00e8s dur et rugueux pour la terre, et la fa\u00efence lisse pour les personnages), nous laissent \u00e0 imaginer des \u00e2mes sorties du plus profond de la Terre. Leurs visages aux oreilles pointues et aux grands yeux, leurs ailes, nous laisse \u00e0 voir comme ils s&rsquo;amusent parfois \u00e0 nos d\u00e9pends et restent compl\u00e8tement en dehors de nos pr\u00e9occupations de Terriens&#8230; <\/p>\n\n\n\n<p>Sophie Vincent a expos\u00e9 au salon Comparaisons 2023 du Grand Palais Eph\u00e9m\u00e8re \u00e0 Paris. <\/p>\n\n\n\n<figure class=\"wp-block-gallery has-nested-images columns-default is-cropped wp-block-gallery-1 is-layout-flex wp-block-gallery-is-layout-flex\">\n<figure class=\"wp-block-image size-large\"><img loading=\"lazy\" decoding=\"async\" width=\"662\" height=\"1024\" data-id=\"2257\" src=\"https:\/\/galerielecolibri.fr\/wp-content\/uploads\/2023\/11\/IMG_9978-662x1024.jpg\" alt=\"\" class=\"wp-image-2257\" srcset=\"https:\/\/galerielecolibri.fr\/wp-content\/uploads\/2023\/11\/IMG_9978-662x1024.jpg 662w, https:\/\/galerielecolibri.fr\/wp-content\/uploads\/2023\/11\/IMG_9978-194x300.jpg 194w, https:\/\/galerielecolibri.fr\/wp-content\/uploads\/2023\/11\/IMG_9978-768x1187.jpg 768w, https:\/\/galerielecolibri.fr\/wp-content\/uploads\/2023\/11\/IMG_9978-994x1536.jpg 994w, https:\/\/galerielecolibri.fr\/wp-content\/uploads\/2023\/11\/IMG_9978-1325x2048.jpg 1325w, https:\/\/galerielecolibri.fr\/wp-content\/uploads\/2023\/11\/IMG_9978-900x1391.jpg 900w, https:\/\/galerielecolibri.fr\/wp-content\/uploads\/2023\/11\/IMG_9978-500x773.jpg 500w, https:\/\/galerielecolibri.fr\/wp-content\/uploads\/2023\/11\/IMG_9978-scaled.jpg 1656w\" sizes=\"auto, (max-width: 662px) 100vw, 662px\" \/><figcaption class=\"wp-element-caption\">Femme collerette, fa\u00efence \u00e9maill\u00e9e Vendu<\/figcaption><\/figure>\n<\/figure>\n\n\n\n<figure class=\"wp-block-gallery has-nested-images columns-default is-cropped wp-block-gallery-2 is-layout-flex wp-block-gallery-is-layout-flex\">\n<figure class=\"wp-block-image size-large\"><img loading=\"lazy\" decoding=\"async\" width=\"768\" height=\"1024\" data-id=\"2253\" src=\"https:\/\/galerielecolibri.fr\/wp-content\/uploads\/2023\/11\/IMG_9991-768x1024.jpg\" alt=\"\" class=\"wp-image-2253\" srcset=\"https:\/\/galerielecolibri.fr\/wp-content\/uploads\/2023\/11\/IMG_9991-768x1024.jpg 768w, https:\/\/galerielecolibri.fr\/wp-content\/uploads\/2023\/11\/IMG_9991-225x300.jpg 225w, https:\/\/galerielecolibri.fr\/wp-content\/uploads\/2023\/11\/IMG_9991-1152x1536.jpg 1152w, https:\/\/galerielecolibri.fr\/wp-content\/uploads\/2023\/11\/IMG_9991-1536x2048.jpg 1536w, https:\/\/galerielecolibri.fr\/wp-content\/uploads\/2023\/11\/IMG_9991-900x1200.jpg 900w, https:\/\/galerielecolibri.fr\/wp-content\/uploads\/2023\/11\/IMG_9991-500x667.jpg 500w, https:\/\/galerielecolibri.fr\/wp-content\/uploads\/2023\/11\/IMG_9991-scaled.jpg 1920w\" sizes=\"auto, (max-width: 768px) 100vw, 768px\" \/><figcaption class=\"wp-element-caption\">Amies pour la vie<\/figcaption><\/figure>\n\n\n\n<figure class=\"wp-block-image size-large\"><img loading=\"lazy\" decoding=\"async\" width=\"683\" height=\"1024\" data-id=\"2254\" src=\"https:\/\/galerielecolibri.fr\/wp-content\/uploads\/2023\/11\/IMG_9988-683x1024.jpg\" alt=\"\" class=\"wp-image-2254\" srcset=\"https:\/\/galerielecolibri.fr\/wp-content\/uploads\/2023\/11\/IMG_9988-683x1024.jpg 683w, https:\/\/galerielecolibri.fr\/wp-content\/uploads\/2023\/11\/IMG_9988-200x300.jpg 200w, https:\/\/galerielecolibri.fr\/wp-content\/uploads\/2023\/11\/IMG_9988-768x1152.jpg 768w, https:\/\/galerielecolibri.fr\/wp-content\/uploads\/2023\/11\/IMG_9988-1024x1536.jpg 1024w, https:\/\/galerielecolibri.fr\/wp-content\/uploads\/2023\/11\/IMG_9988-1365x2048.jpg 1365w, https:\/\/galerielecolibri.fr\/wp-content\/uploads\/2023\/11\/IMG_9988-900x1350.jpg 900w, https:\/\/galerielecolibri.fr\/wp-content\/uploads\/2023\/11\/IMG_9988-500x750.jpg 500w, https:\/\/galerielecolibri.fr\/wp-content\/uploads\/2023\/11\/IMG_9988-scaled.jpg 1707w\" sizes=\"auto, (max-width: 683px) 100vw, 683px\" \/><figcaption class=\"wp-element-caption\">Amies pour la vie 52&#215;15 <\/figcaption><\/figure>\n<\/figure>\n\n\n\n<figure class=\"wp-block-gallery has-nested-images columns-default is-cropped wp-block-gallery-3 is-layout-flex wp-block-gallery-is-layout-flex\">\n<figure class=\"wp-block-image size-large\"><img loading=\"lazy\" decoding=\"async\" width=\"730\" height=\"1024\" data-id=\"2256\" src=\"https:\/\/galerielecolibri.fr\/wp-content\/uploads\/2023\/11\/IMG_9982-730x1024.jpg\" alt=\"\" class=\"wp-image-2256\" srcset=\"https:\/\/galerielecolibri.fr\/wp-content\/uploads\/2023\/11\/IMG_9982-730x1024.jpg 730w, https:\/\/galerielecolibri.fr\/wp-content\/uploads\/2023\/11\/IMG_9982-214x300.jpg 214w, https:\/\/galerielecolibri.fr\/wp-content\/uploads\/2023\/11\/IMG_9982-768x1077.jpg 768w, https:\/\/galerielecolibri.fr\/wp-content\/uploads\/2023\/11\/IMG_9982-1095x1536.jpg 1095w, https:\/\/galerielecolibri.fr\/wp-content\/uploads\/2023\/11\/IMG_9982-1460x2048.jpg 1460w, https:\/\/galerielecolibri.fr\/wp-content\/uploads\/2023\/11\/IMG_9982-900x1262.jpg 900w, https:\/\/galerielecolibri.fr\/wp-content\/uploads\/2023\/11\/IMG_9982-500x701.jpg 500w, https:\/\/galerielecolibri.fr\/wp-content\/uploads\/2023\/11\/IMG_9982-scaled.jpg 1826w\" sizes=\"auto, (max-width: 730px) 100vw, 730px\" \/><figcaption class=\"wp-element-caption\">Meilleures amies <\/figcaption><\/figure>\n\n\n\n<figure class=\"wp-block-image size-large\"><img loading=\"lazy\" decoding=\"async\" width=\"768\" height=\"1024\" data-id=\"2255\" src=\"https:\/\/galerielecolibri.fr\/wp-content\/uploads\/2023\/11\/IMG_9983-768x1024.jpg\" alt=\"\" class=\"wp-image-2255\" srcset=\"https:\/\/galerielecolibri.fr\/wp-content\/uploads\/2023\/11\/IMG_9983-768x1024.jpg 768w, https:\/\/galerielecolibri.fr\/wp-content\/uploads\/2023\/11\/IMG_9983-225x300.jpg 225w, https:\/\/galerielecolibri.fr\/wp-content\/uploads\/2023\/11\/IMG_9983-1152x1536.jpg 1152w, https:\/\/galerielecolibri.fr\/wp-content\/uploads\/2023\/11\/IMG_9983-1536x2048.jpg 1536w, https:\/\/galerielecolibri.fr\/wp-content\/uploads\/2023\/11\/IMG_9983-900x1200.jpg 900w, https:\/\/galerielecolibri.fr\/wp-content\/uploads\/2023\/11\/IMG_9983-500x667.jpg 500w, https:\/\/galerielecolibri.fr\/wp-content\/uploads\/2023\/11\/IMG_9983-scaled.jpg 1920w\" sizes=\"auto, (max-width: 768px) 100vw, 768px\" \/><figcaption class=\"wp-element-caption\">Meilleures amies 45&#215;20 <\/figcaption><\/figure>\n<\/figure>\n\n\n\n<div class=\"wp-block-columns is-layout-flex wp-container-core-columns-is-layout-9d6595d7 wp-block-columns-is-layout-flex\">\n<div class=\"wp-block-column is-layout-flow wp-block-column-is-layout-flow\" style=\"flex-basis:100%\">\n<div class=\"wp-block-columns is-layout-flex wp-container-core-columns-is-layout-9d6595d7 wp-block-columns-is-layout-flex\">\n<div class=\"wp-block-column is-layout-flow wp-block-column-is-layout-flow\" style=\"flex-basis:100%\">\n<figure class=\"wp-block-gallery has-nested-images columns-default is-cropped wp-block-gallery-4 is-layout-flex wp-block-gallery-is-layout-flex\">\n<figure class=\"wp-block-image size-large\"><img loading=\"lazy\" decoding=\"async\" width=\"806\" height=\"1024\" data-id=\"1466\" src=\"https:\/\/galerielecolibri.fr\/wp-content\/uploads\/2023\/05\/IMG_6095-806x1024.jpg\" alt=\"\" class=\"wp-image-1466\" srcset=\"https:\/\/galerielecolibri.fr\/wp-content\/uploads\/2023\/05\/IMG_6095-806x1024.jpg 806w, https:\/\/galerielecolibri.fr\/wp-content\/uploads\/2023\/05\/IMG_6095-236x300.jpg 236w, https:\/\/galerielecolibri.fr\/wp-content\/uploads\/2023\/05\/IMG_6095-768x975.jpg 768w, https:\/\/galerielecolibri.fr\/wp-content\/uploads\/2023\/05\/IMG_6095-1209x1536.jpg 1209w, https:\/\/galerielecolibri.fr\/wp-content\/uploads\/2023\/05\/IMG_6095-1613x2048.jpg 1613w, https:\/\/galerielecolibri.fr\/wp-content\/uploads\/2023\/05\/IMG_6095-900x1143.jpg 900w, https:\/\/galerielecolibri.fr\/wp-content\/uploads\/2023\/05\/IMG_6095-500x635.jpg 500w, https:\/\/galerielecolibri.fr\/wp-content\/uploads\/2023\/05\/IMG_6095-scaled.jpg 2016w\" sizes=\"auto, (max-width: 806px) 100vw, 806px\" \/><figcaption class=\"wp-element-caption\">Femme Fleur 40\/18\/28 Raku <\/figcaption><\/figure>\n\n\n\n<figure class=\"wp-block-image size-large\"><img loading=\"lazy\" decoding=\"async\" width=\"750\" height=\"1024\" data-id=\"1205\" src=\"https:\/\/galerielecolibri.fr\/wp-content\/uploads\/2023\/03\/IMG-5598-750x1024.jpg\" alt=\"\" class=\"wp-image-1205\" srcset=\"https:\/\/galerielecolibri.fr\/wp-content\/uploads\/2023\/03\/IMG-5598-750x1024.jpg 750w, https:\/\/galerielecolibri.fr\/wp-content\/uploads\/2023\/03\/IMG-5598-220x300.jpg 220w, https:\/\/galerielecolibri.fr\/wp-content\/uploads\/2023\/03\/IMG-5598-768x1049.jpg 768w, https:\/\/galerielecolibri.fr\/wp-content\/uploads\/2023\/03\/IMG-5598-1125x1536.jpg 1125w, https:\/\/galerielecolibri.fr\/wp-content\/uploads\/2023\/03\/IMG-5598-1500x2048.jpg 1500w, https:\/\/galerielecolibri.fr\/wp-content\/uploads\/2023\/03\/IMG-5598-900x1229.jpg 900w, https:\/\/galerielecolibri.fr\/wp-content\/uploads\/2023\/03\/IMG-5598-500x683.jpg 500w, https:\/\/galerielecolibri.fr\/wp-content\/uploads\/2023\/03\/IMG-5598-scaled.jpg 1875w\" sizes=\"auto, (max-width: 750px) 100vw, 750px\" \/><figcaption class=\"wp-element-caption\">Salsa 42x14x21 Raku <\/figcaption><\/figure>\n<\/figure>\n<\/div>\n<\/div>\n<\/div>\n<\/div>\n\n\n\n<p><\/p>\n\n\n\n<figure class=\"wp-block-gallery has-nested-images columns-default is-cropped wp-block-gallery-5 is-layout-flex wp-block-gallery-is-layout-flex\">\n<figure class=\"wp-block-image size-large\"><img loading=\"lazy\" decoding=\"async\" width=\"768\" height=\"1024\" data-id=\"1468\" src=\"https:\/\/galerielecolibri.fr\/wp-content\/uploads\/2023\/05\/IMG-6865-768x1024.jpg\" alt=\"\" class=\"wp-image-1468\" srcset=\"https:\/\/galerielecolibri.fr\/wp-content\/uploads\/2023\/05\/IMG-6865-768x1024.jpg 768w, https:\/\/galerielecolibri.fr\/wp-content\/uploads\/2023\/05\/IMG-6865-225x300.jpg 225w, https:\/\/galerielecolibri.fr\/wp-content\/uploads\/2023\/05\/IMG-6865-1152x1536.jpg 1152w, https:\/\/galerielecolibri.fr\/wp-content\/uploads\/2023\/05\/IMG-6865-1536x2048.jpg 1536w, https:\/\/galerielecolibri.fr\/wp-content\/uploads\/2023\/05\/IMG-6865-900x1200.jpg 900w, https:\/\/galerielecolibri.fr\/wp-content\/uploads\/2023\/05\/IMG-6865-500x667.jpg 500w, https:\/\/galerielecolibri.fr\/wp-content\/uploads\/2023\/05\/IMG-6865-scaled.jpg 1920w\" sizes=\"auto, (max-width: 768px) 100vw, 768px\" \/><figcaption class=\"wp-element-caption\">La Parure 39\/11\/9, terre cuite teint\u00e9e sur socle bois<\/figcaption><\/figure>\n\n\n\n<figure class=\"wp-block-image size-large\"><img loading=\"lazy\" decoding=\"async\" width=\"737\" height=\"1024\" data-id=\"1469\" src=\"https:\/\/galerielecolibri.fr\/wp-content\/uploads\/2023\/05\/IMG-6870-737x1024.jpg\" alt=\"\" class=\"wp-image-1469\" srcset=\"https:\/\/galerielecolibri.fr\/wp-content\/uploads\/2023\/05\/IMG-6870-737x1024.jpg 737w, https:\/\/galerielecolibri.fr\/wp-content\/uploads\/2023\/05\/IMG-6870-216x300.jpg 216w, https:\/\/galerielecolibri.fr\/wp-content\/uploads\/2023\/05\/IMG-6870-768x1068.jpg 768w, https:\/\/galerielecolibri.fr\/wp-content\/uploads\/2023\/05\/IMG-6870-1105x1536.jpg 1105w, https:\/\/galerielecolibri.fr\/wp-content\/uploads\/2023\/05\/IMG-6870-1473x2048.jpg 1473w, https:\/\/galerielecolibri.fr\/wp-content\/uploads\/2023\/05\/IMG-6870-900x1251.jpg 900w, https:\/\/galerielecolibri.fr\/wp-content\/uploads\/2023\/05\/IMG-6870-500x695.jpg 500w, https:\/\/galerielecolibri.fr\/wp-content\/uploads\/2023\/05\/IMG-6870-scaled.jpg 1842w\" sizes=\"auto, (max-width: 737px) 100vw, 737px\" \/><figcaption class=\"wp-element-caption\">D&rsquo;or v\u00eatue, 38\/19\/14, <br>terre cuite teint\u00e9e<\/figcaption><\/figure>\n\n\n\n<figure class=\"wp-block-image size-large\"><img loading=\"lazy\" decoding=\"async\" width=\"824\" height=\"1024\" data-id=\"1467\" src=\"https:\/\/galerielecolibri.fr\/wp-content\/uploads\/2023\/05\/IMG-6864-824x1024.jpg\" alt=\"\" class=\"wp-image-1467\" srcset=\"https:\/\/galerielecolibri.fr\/wp-content\/uploads\/2023\/05\/IMG-6864-824x1024.jpg 824w, https:\/\/galerielecolibri.fr\/wp-content\/uploads\/2023\/05\/IMG-6864-241x300.jpg 241w, https:\/\/galerielecolibri.fr\/wp-content\/uploads\/2023\/05\/IMG-6864-768x955.jpg 768w, https:\/\/galerielecolibri.fr\/wp-content\/uploads\/2023\/05\/IMG-6864-1236x1536.jpg 1236w, https:\/\/galerielecolibri.fr\/wp-content\/uploads\/2023\/05\/IMG-6864-1647x2048.jpg 1647w, https:\/\/galerielecolibri.fr\/wp-content\/uploads\/2023\/05\/IMG-6864-900x1119.jpg 900w, https:\/\/galerielecolibri.fr\/wp-content\/uploads\/2023\/05\/IMG-6864-500x622.jpg 500w\" sizes=\"auto, (max-width: 824px) 100vw, 824px\" \/><figcaption class=\"wp-element-caption\">AWA 41\/14\/13,Terre cuite teint\u00e9e sur socle bois<\/figcaption><\/figure>\n<\/figure>\n","protected":false},"excerpt":{"rendered":"<p>La sculptrice Sophie Vincent a plusieurs facettes \u00e0 son travail. Le d\u00e9nominateur commun, malgr\u00e9 tout, est l&rsquo;ailleurs. Ses femmes, c\u00e9ramiques en raku, [&hellip;]<\/p>\n","protected":false},"author":1,"featured_media":0,"parent":0,"menu_order":0,"comment_status":"closed","ping_status":"closed","template":"","meta":{"footnotes":""},"class_list":{"0":"post-1096","1":"page","2":"type-page","3":"status-publish","5":"col-md-12"},"_links":{"self":[{"href":"https:\/\/galerielecolibri.fr\/index.php?rest_route=\/wp\/v2\/pages\/1096","targetHints":{"allow":["GET"]}}],"collection":[{"href":"https:\/\/galerielecolibri.fr\/index.php?rest_route=\/wp\/v2\/pages"}],"about":[{"href":"https:\/\/galerielecolibri.fr\/index.php?rest_route=\/wp\/v2\/types\/page"}],"author":[{"embeddable":true,"href":"https:\/\/galerielecolibri.fr\/index.php?rest_route=\/wp\/v2\/users\/1"}],"replies":[{"embeddable":true,"href":"https:\/\/galerielecolibri.fr\/index.php?rest_route=%2Fwp%2Fv2%2Fcomments&post=1096"}],"version-history":[{"count":14,"href":"https:\/\/galerielecolibri.fr\/index.php?rest_route=\/wp\/v2\/pages\/1096\/revisions"}],"predecessor-version":[{"id":3193,"href":"https:\/\/galerielecolibri.fr\/index.php?rest_route=\/wp\/v2\/pages\/1096\/revisions\/3193"}],"wp:attachment":[{"href":"https:\/\/galerielecolibri.fr\/index.php?rest_route=%2Fwp%2Fv2%2Fmedia&parent=1096"}],"curies":[{"name":"wp","href":"https:\/\/api.w.org\/{rel}","templated":true}]}}