{"id":1846,"date":"2023-09-23T19:22:46","date_gmt":"2023-09-23T17:22:46","guid":{"rendered":"https:\/\/galerielecolibri.fr\/?page_id=1846"},"modified":"2024-11-19T12:09:36","modified_gmt":"2024-11-19T11:09:36","slug":"franck-scala","status":"publish","type":"page","link":"https:\/\/galerielecolibri.fr\/?page_id=1846","title":{"rendered":"Franck SCALA"},"content":{"rendered":"\n<p class=\"has-text-align-center\">N\u00e9 en 1995, artiste autodidacte et pluridisciplinaire, Franck Scala pratique diff\u00e9rentes disciplines mais nous avons choisi d&rsquo;exposer ici ses pi\u00e8ces en mosa\u00efque. Meubles, sculptures, miroir, toutes les formes sont ainsi cr\u00e9\u00e9es et donnent un r\u00e9sultat d&rsquo;une force \u00e9tonnante.&nbsp;<\/p>\n\n\n\n<figure class=\"wp-block-gallery has-nested-images columns-default is-cropped wp-block-gallery-1 is-layout-flex wp-block-gallery-is-layout-flex\">\n<figure class=\"wp-block-image size-large\"><img loading=\"lazy\" decoding=\"async\" width=\"763\" height=\"1024\" data-id=\"2137\" src=\"https:\/\/galerielecolibri.fr\/wp-content\/uploads\/2023\/11\/Capture-decran-2023-09-09-a-10.46.13-763x1024.png\" alt=\"\" class=\"wp-image-2137\" srcset=\"https:\/\/galerielecolibri.fr\/wp-content\/uploads\/2023\/11\/Capture-decran-2023-09-09-a-10.46.13-763x1024.png 763w, https:\/\/galerielecolibri.fr\/wp-content\/uploads\/2023\/11\/Capture-decran-2023-09-09-a-10.46.13-224x300.png 224w, https:\/\/galerielecolibri.fr\/wp-content\/uploads\/2023\/11\/Capture-decran-2023-09-09-a-10.46.13-768x1031.png 768w, https:\/\/galerielecolibri.fr\/wp-content\/uploads\/2023\/11\/Capture-decran-2023-09-09-a-10.46.13-500x671.png 500w, https:\/\/galerielecolibri.fr\/wp-content\/uploads\/2023\/11\/Capture-decran-2023-09-09-a-10.46.13.png 866w\" sizes=\"auto, (max-width: 763px) 100vw, 763px\" \/><\/figure>\n\n\n\n<figure class=\"wp-block-image size-large\"><img loading=\"lazy\" decoding=\"async\" width=\"864\" height=\"990\" data-id=\"2140\" src=\"https:\/\/galerielecolibri.fr\/wp-content\/uploads\/2023\/11\/Capture-decran-2023-09-09-a-10.46.38.png\" alt=\"\" class=\"wp-image-2140\" srcset=\"https:\/\/galerielecolibri.fr\/wp-content\/uploads\/2023\/11\/Capture-decran-2023-09-09-a-10.46.38.png 864w, https:\/\/galerielecolibri.fr\/wp-content\/uploads\/2023\/11\/Capture-decran-2023-09-09-a-10.46.38-262x300.png 262w, https:\/\/galerielecolibri.fr\/wp-content\/uploads\/2023\/11\/Capture-decran-2023-09-09-a-10.46.38-768x880.png 768w, https:\/\/galerielecolibri.fr\/wp-content\/uploads\/2023\/11\/Capture-decran-2023-09-09-a-10.46.38-500x573.png 500w\" sizes=\"auto, (max-width: 864px) 100vw, 864px\" \/><figcaption class=\"wp-element-caption\">Artic miror 124x50x7, 13,3kg <\/figcaption><\/figure>\n\n\n\n<figure class=\"wp-block-image size-large\"><img loading=\"lazy\" decoding=\"async\" width=\"768\" height=\"1024\" data-id=\"2139\" src=\"https:\/\/galerielecolibri.fr\/wp-content\/uploads\/2023\/11\/Capture-decran-2023-09-09-a-10.45.37-768x1024.png\" alt=\"\" class=\"wp-image-2139\" srcset=\"https:\/\/galerielecolibri.fr\/wp-content\/uploads\/2023\/11\/Capture-decran-2023-09-09-a-10.45.37-768x1023.png 768w, https:\/\/galerielecolibri.fr\/wp-content\/uploads\/2023\/11\/Capture-decran-2023-09-09-a-10.45.37-225x300.png 225w, https:\/\/galerielecolibri.fr\/wp-content\/uploads\/2023\/11\/Capture-decran-2023-09-09-a-10.45.37-500x666.png 500w, https:\/\/galerielecolibri.fr\/wp-content\/uploads\/2023\/11\/Capture-decran-2023-09-09-a-10.45.37.png 860w\" sizes=\"auto, (max-width: 768px) 100vw, 768px\" \/><\/figure>\n<\/figure>\n\n\n\n<p><strong>Arctic Mirror &#8211; Miroir Mosa\u00efque &#8211; Tesselles d\u2019Emaux de Briare.<\/strong><br>L\u2019irr\u00e9gularit\u00e9 et la spontan\u00e9it\u00e9 du proc\u00e9d\u00e9 n\u00e9cessaire \u00e0 la r\u00e9alisation de cette mosa\u00efque au motif morcel\u00e9, sont ici choisies, assum\u00e9es et employ\u00e9es en tant que composantes essentielles apportant esth\u00e9tisme et singularit\u00e9 dans un objet, sans en entraver la fonction.<\/p>\n\n\n\n<figure class=\"wp-block-gallery has-nested-images columns-default is-cropped wp-block-gallery-2 is-layout-flex wp-block-gallery-is-layout-flex\">\n<figure class=\"wp-block-image size-large\"><img loading=\"lazy\" decoding=\"async\" width=\"480\" height=\"640\" data-id=\"1869\" src=\"https:\/\/galerielecolibri.fr\/wp-content\/uploads\/2023\/09\/IMG_8790.jpeg\" alt=\"\" class=\"wp-image-1869\" srcset=\"https:\/\/galerielecolibri.fr\/wp-content\/uploads\/2023\/09\/IMG_8790.jpeg 480w, https:\/\/galerielecolibri.fr\/wp-content\/uploads\/2023\/09\/IMG_8790-225x300.jpeg 225w\" sizes=\"auto, (max-width: 480px) 100vw, 480px\" \/><\/figure>\n\n\n\n<figure class=\"wp-block-image size-large\"><img loading=\"lazy\" decoding=\"async\" width=\"481\" height=\"618\" data-id=\"1871\" src=\"https:\/\/galerielecolibri.fr\/wp-content\/uploads\/2023\/09\/IMG_8863.jpeg\" alt=\"\" class=\"wp-image-1871\" srcset=\"https:\/\/galerielecolibri.fr\/wp-content\/uploads\/2023\/09\/IMG_8863.jpeg 481w, https:\/\/galerielecolibri.fr\/wp-content\/uploads\/2023\/09\/IMG_8863-233x300.jpeg 233w\" sizes=\"auto, (max-width: 481px) 100vw, 481px\" \/><figcaption class=\"wp-element-caption\"><br><strong>Char AMX 4<\/strong>0 (table d&rsquo;apoint)<br>52x76x27, 20kg <\/figcaption><\/figure>\n\n\n\n<figure class=\"wp-block-image size-full\"><img loading=\"lazy\" decoding=\"async\" width=\"830\" height=\"1024\" data-id=\"1907\" src=\"https:\/\/galerielecolibri.fr\/wp-content\/uploads\/2023\/09\/06de9738-31b2-4201-866f-8c26b83c062c.jpg\" alt=\"\" class=\"wp-image-1907\" srcset=\"https:\/\/galerielecolibri.fr\/wp-content\/uploads\/2023\/09\/06de9738-31b2-4201-866f-8c26b83c062c.jpg 830w, https:\/\/galerielecolibri.fr\/wp-content\/uploads\/2023\/09\/06de9738-31b2-4201-866f-8c26b83c062c-243x300.jpg 243w, https:\/\/galerielecolibri.fr\/wp-content\/uploads\/2023\/09\/06de9738-31b2-4201-866f-8c26b83c062c-768x948.jpg 768w, https:\/\/galerielecolibri.fr\/wp-content\/uploads\/2023\/09\/06de9738-31b2-4201-866f-8c26b83c062c-500x617.jpg 500w\" sizes=\"auto, (max-width: 830px) 100vw, 830px\" \/><\/figure>\n<\/figure>\n\n\n\n<p><strong>Char AMX 40 &#8211; Table d\u2019appoint &#8211; Mosa\u00efque de Fa\u00efence.<\/strong><br>\u00c0 la marge entre l\u2019art et le design, les objets de la s\u00e9rie Fracture illustrent par leur aspect craquel\u00e9 la manifestation d\u2019une soci\u00e9t\u00e9 qui se maltraite. D\u00e9connect\u00e9 de son int\u00e9riorit\u00e9 et de son environnement, l\u2019homme de- vient fragile, instable, et le r\u00e9- percute sur ce qui l\u2019entoure. Ainsi, les objets de notre quotidien, souvent consi- d\u00e9r\u00e9s comme des biens de consommation d\u00e9nu\u00e9s de valeur, sont trop facilement accumul\u00e9s, remplac\u00e9s, je- t\u00e9s, &#8230; Un retour \u00e0 une conception lente, manuelle et minutieuse, \u00e0 l\u2019instar de la mosa\u00efque, permet au cr\u00e9ateur, mais aussi \u00e0 l\u2019usager, de retrouver un lien privil\u00e9gi\u00e9 avec l\u2019objet. De fait, l\u2019objet issu d\u2019un proc\u00e9d\u00e9 artisanal traditionnel poss\u00e8de ses propres codes et singularise un espace de plus en plus standardis\u00e9.<\/p>\n\n\n\n<figure class=\"wp-block-gallery has-nested-images columns-default is-cropped wp-block-gallery-3 is-layout-flex wp-block-gallery-is-layout-flex\">\n<figure class=\"wp-block-image size-full\"><img loading=\"lazy\" decoding=\"async\" width=\"768\" height=\"1024\" data-id=\"1909\" src=\"https:\/\/galerielecolibri.fr\/wp-content\/uploads\/2023\/09\/592cdf24-bbc9-48a8-82c8-bcf0a930c425.jpg\" alt=\"\" class=\"wp-image-1909\" srcset=\"https:\/\/galerielecolibri.fr\/wp-content\/uploads\/2023\/09\/592cdf24-bbc9-48a8-82c8-bcf0a930c425.jpg 768w, https:\/\/galerielecolibri.fr\/wp-content\/uploads\/2023\/09\/592cdf24-bbc9-48a8-82c8-bcf0a930c425-225x300.jpg 225w, https:\/\/galerielecolibri.fr\/wp-content\/uploads\/2023\/09\/592cdf24-bbc9-48a8-82c8-bcf0a930c425-500x667.jpg 500w\" sizes=\"auto, (max-width: 768px) 100vw, 768px\" \/><\/figure>\n\n\n\n<figure class=\"wp-block-image size-large\"><img loading=\"lazy\" decoding=\"async\" width=\"480\" height=\"640\" data-id=\"1862\" src=\"https:\/\/galerielecolibri.fr\/wp-content\/uploads\/2023\/09\/IMG_8817-2.jpeg\" alt=\"\" class=\"wp-image-1862\" srcset=\"https:\/\/galerielecolibri.fr\/wp-content\/uploads\/2023\/09\/IMG_8817-2.jpeg 480w, https:\/\/galerielecolibri.fr\/wp-content\/uploads\/2023\/09\/IMG_8817-2-225x300.jpeg 225w\" sizes=\"auto, (max-width: 480px) 100vw, 480px\" \/><figcaption class=\"wp-element-caption\"><strong>Stalagmite 2<\/strong><br>42x35x30, 7kg <br>Vendu<\/figcaption><\/figure>\n\n\n\n<figure class=\"wp-block-image size-large\"><img loading=\"lazy\" decoding=\"async\" width=\"481\" height=\"587\" data-id=\"1861\" src=\"https:\/\/galerielecolibri.fr\/wp-content\/uploads\/2023\/09\/IMG_8819-2.jpeg\" alt=\"\" class=\"wp-image-1861\" srcset=\"https:\/\/galerielecolibri.fr\/wp-content\/uploads\/2023\/09\/IMG_8819-2.jpeg 481w, https:\/\/galerielecolibri.fr\/wp-content\/uploads\/2023\/09\/IMG_8819-2-246x300.jpeg 246w\" sizes=\"auto, (max-width: 481px) 100vw, 481px\" \/><\/figure>\n<\/figure>\n\n\n\n<p><strong>Stalagmite 2 &#8211; Mosa\u00efque de Gr\u00e8s Noir Mat.<\/strong><br>Pour sa s\u00e9rie \u201cLes Stalagmites\u201d, collection de sculpture \u00e0 inspiration g\u00e9ologique, Franck Scala, essaye de r\u00e9duire au maximum l\u2019impact \u00e9cologique de son activit\u00e9. Dans cette d\u00e9marche il revalorise les chutes de mat\u00e9riaux et mati\u00e8res de sa gamme de mobilier mosa\u00efque pour en faire des sculptures \u00e0 part enti\u00e8re.<\/p>\n\n\n\n<figure class=\"wp-block-gallery has-nested-images columns-default is-cropped wp-block-gallery-4 is-layout-flex wp-block-gallery-is-layout-flex\">\n<figure class=\"wp-block-image size-large\"><img loading=\"lazy\" decoding=\"async\" width=\"480\" height=\"565\" data-id=\"1863\" src=\"https:\/\/galerielecolibri.fr\/wp-content\/uploads\/2023\/09\/IMG-8870.jpeg\" alt=\"\" class=\"wp-image-1863\" srcset=\"https:\/\/galerielecolibri.fr\/wp-content\/uploads\/2023\/09\/IMG-8870.jpeg 480w, https:\/\/galerielecolibri.fr\/wp-content\/uploads\/2023\/09\/IMG-8870-255x300.jpeg 255w\" sizes=\"auto, (max-width: 480px) 100vw, 480px\" \/><\/figure>\n\n\n\n<figure class=\"wp-block-image size-full\"><img loading=\"lazy\" decoding=\"async\" width=\"896\" height=\"1024\" data-id=\"1911\" src=\"https:\/\/galerielecolibri.fr\/wp-content\/uploads\/2023\/09\/3791a920-2e51-441a-9c76-b888dbe14ae3.jpg\" alt=\"\" class=\"wp-image-1911\" srcset=\"https:\/\/galerielecolibri.fr\/wp-content\/uploads\/2023\/09\/3791a920-2e51-441a-9c76-b888dbe14ae3.jpg 896w, https:\/\/galerielecolibri.fr\/wp-content\/uploads\/2023\/09\/3791a920-2e51-441a-9c76-b888dbe14ae3-263x300.jpg 263w, https:\/\/galerielecolibri.fr\/wp-content\/uploads\/2023\/09\/3791a920-2e51-441a-9c76-b888dbe14ae3-768x878.jpg 768w, https:\/\/galerielecolibri.fr\/wp-content\/uploads\/2023\/09\/3791a920-2e51-441a-9c76-b888dbe14ae3-500x571.jpg 500w\" sizes=\"auto, (max-width: 896px) 100vw, 896px\" \/><figcaption class=\"wp-element-caption\"><strong>Massif Centra<\/strong>l <br>38x44x40, 10kg <\/figcaption><\/figure>\n\n\n\n<figure class=\"wp-block-image size-full\"><img loading=\"lazy\" decoding=\"async\" width=\"870\" height=\"1024\" data-id=\"1910\" src=\"https:\/\/galerielecolibri.fr\/wp-content\/uploads\/2023\/09\/089d1d2a-d399-45fc-a3b5-8006e017e10d.jpg\" alt=\"\" class=\"wp-image-1910\" srcset=\"https:\/\/galerielecolibri.fr\/wp-content\/uploads\/2023\/09\/089d1d2a-d399-45fc-a3b5-8006e017e10d.jpg 870w, https:\/\/galerielecolibri.fr\/wp-content\/uploads\/2023\/09\/089d1d2a-d399-45fc-a3b5-8006e017e10d-255x300.jpg 255w, https:\/\/galerielecolibri.fr\/wp-content\/uploads\/2023\/09\/089d1d2a-d399-45fc-a3b5-8006e017e10d-768x904.jpg 768w, https:\/\/galerielecolibri.fr\/wp-content\/uploads\/2023\/09\/089d1d2a-d399-45fc-a3b5-8006e017e10d-500x589.jpg 500w\" sizes=\"auto, (max-width: 870px) 100vw, 870px\" \/><figcaption class=\"wp-element-caption\"><strong>Monolithe Blanc<\/strong> <br>36x22x12, vendu<\/figcaption><\/figure>\n<\/figure>\n\n\n\n<p><strong>Massif Central &#8211; Mosa\u00efque de Gr\u00e8s Noir &amp; Blanc.<\/strong> Pour sa s\u00e9rie \u201cLes Stalagmites\u201d, collection de sculpture \u00e0 inspiration g\u00e9ologique, Franck Scala, essaye de r\u00e9duire au maximum l\u2019impact \u00e9cologique de son activit\u00e9. Dans cette d\u00e9marche il revalorise les chutes de mat\u00e9riaux et mati\u00e8res de sa gamme de mobilier mosa\u00efque pour en faire des sculptures \u00e0 part enti\u00e8re.<\/p>\n\n\n\n<p><strong>Monolithe Blanc- Mosa\u00efque de Gr\u00e8s Blanc Mat.<\/strong><br>Pour sa s\u00e9rie \u201cLes Stalagmites\u201d, collection de sculpture \u00e0 inspiration g\u00e9ologique, Franck Scala, essaye de r\u00e9duire au maximum l\u2019impact \u00e9cologique de son activit\u00e9. Dans cette d\u00e9marche il revalorise les chutes de mat\u00e9riaux et mati\u00e8res de sa gamme de mobilier mosa\u00efque pour en faire des sculptures \u00e0 part enti\u00e8re.<\/p>\n","protected":false},"excerpt":{"rendered":"<p>N\u00e9 en 1995, artiste autodidacte et pluridisciplinaire, Franck Scala pratique diff\u00e9rentes disciplines mais nous avons choisi d&rsquo;exposer ici ses pi\u00e8ces en mosa\u00efque. [&hellip;]<\/p>\n","protected":false},"author":1,"featured_media":0,"parent":0,"menu_order":0,"comment_status":"closed","ping_status":"closed","template":"","meta":{"footnotes":""},"class_list":{"0":"post-1846","1":"page","2":"type-page","3":"status-publish","5":"col-md-12"},"_links":{"self":[{"href":"https:\/\/galerielecolibri.fr\/index.php?rest_route=\/wp\/v2\/pages\/1846","targetHints":{"allow":["GET"]}}],"collection":[{"href":"https:\/\/galerielecolibri.fr\/index.php?rest_route=\/wp\/v2\/pages"}],"about":[{"href":"https:\/\/galerielecolibri.fr\/index.php?rest_route=\/wp\/v2\/types\/page"}],"author":[{"embeddable":true,"href":"https:\/\/galerielecolibri.fr\/index.php?rest_route=\/wp\/v2\/users\/1"}],"replies":[{"embeddable":true,"href":"https:\/\/galerielecolibri.fr\/index.php?rest_route=%2Fwp%2Fv2%2Fcomments&post=1846"}],"version-history":[{"count":16,"href":"https:\/\/galerielecolibri.fr\/index.php?rest_route=\/wp\/v2\/pages\/1846\/revisions"}],"predecessor-version":[{"id":3195,"href":"https:\/\/galerielecolibri.fr\/index.php?rest_route=\/wp\/v2\/pages\/1846\/revisions\/3195"}],"wp:attachment":[{"href":"https:\/\/galerielecolibri.fr\/index.php?rest_route=%2Fwp%2Fv2%2Fmedia&parent=1846"}],"curies":[{"name":"wp","href":"https:\/\/api.w.org\/{rel}","templated":true}]}}