{"id":1848,"date":"2023-09-23T19:05:32","date_gmt":"2023-09-23T17:05:32","guid":{"rendered":"https:\/\/galerielecolibri.fr\/?page_id=1848"},"modified":"2024-11-19T12:12:07","modified_gmt":"2024-11-19T11:12:07","slug":"ronceval","status":"publish","type":"page","link":"https:\/\/galerielecolibri.fr\/?page_id=1848","title":{"rendered":"Ronceval"},"content":{"rendered":"\n<p class=\"has-text-align-center\">Ronceval est sculpteur et aime travailler la terre. Terres enfum\u00e9es ou laiss\u00e9es brutes, sa cr\u00e9ativit\u00e9 se concentre sur l&rsquo;animal et principalement le f\u00e9lin, symbole de puissance, d\u00e9termination et \u00e9l\u00e9gance<\/p>\n\n\n\n<div class=\"wp-block-columns is-layout-flex wp-container-core-columns-is-layout-9d6595d7 wp-block-columns-is-layout-flex\">\n<div class=\"wp-block-column is-layout-flow wp-block-column-is-layout-flow\" style=\"flex-basis:100%\">\n<figure class=\"wp-block-gallery has-nested-images columns-default is-cropped wp-block-gallery-1 is-layout-flex wp-block-gallery-is-layout-flex\">\n<figure class=\"wp-block-image size-full\"><img loading=\"lazy\" decoding=\"async\" width=\"1920\" height=\"2560\" data-id=\"2188\" src=\"https:\/\/galerielecolibri.fr\/wp-content\/uploads\/2023\/11\/IMG-8751-2-scaled.jpg\" alt=\"\" class=\"wp-image-2188\" srcset=\"https:\/\/galerielecolibri.fr\/wp-content\/uploads\/2023\/11\/IMG-8751-2-scaled.jpg 1920w, https:\/\/galerielecolibri.fr\/wp-content\/uploads\/2023\/11\/IMG-8751-2-225x300.jpg 225w, https:\/\/galerielecolibri.fr\/wp-content\/uploads\/2023\/11\/IMG-8751-2-768x1024.jpg 768w, https:\/\/galerielecolibri.fr\/wp-content\/uploads\/2023\/11\/IMG-8751-2-1152x1536.jpg 1152w, https:\/\/galerielecolibri.fr\/wp-content\/uploads\/2023\/11\/IMG-8751-2-1536x2048.jpg 1536w, https:\/\/galerielecolibri.fr\/wp-content\/uploads\/2023\/11\/IMG-8751-2-900x1200.jpg 900w, https:\/\/galerielecolibri.fr\/wp-content\/uploads\/2023\/11\/IMG-8751-2-500x667.jpg 500w\" sizes=\"auto, (max-width: 1920px) 100vw, 1920px\" \/><figcaption class=\"wp-element-caption\"><strong>Lionne enfum\u00e9<\/strong>e Ronceval<br><strong>33\/25\/25<\/strong> <\/figcaption><\/figure>\n\n\n\n<figure class=\"wp-block-image size-full\"><img loading=\"lazy\" decoding=\"async\" width=\"749\" height=\"888\" data-id=\"1901\" src=\"https:\/\/galerielecolibri.fr\/wp-content\/uploads\/2023\/09\/c7fdbb5c-3762-4027-ac13-db7b0d0c1c99.jpg\" alt=\"\" class=\"wp-image-1901\" srcset=\"https:\/\/galerielecolibri.fr\/wp-content\/uploads\/2023\/09\/c7fdbb5c-3762-4027-ac13-db7b0d0c1c99.jpg 749w, https:\/\/galerielecolibri.fr\/wp-content\/uploads\/2023\/09\/c7fdbb5c-3762-4027-ac13-db7b0d0c1c99-253x300.jpg 253w, https:\/\/galerielecolibri.fr\/wp-content\/uploads\/2023\/09\/c7fdbb5c-3762-4027-ac13-db7b0d0c1c99-500x593.jpg 500w\" sizes=\"auto, (max-width: 749px) 100vw, 749px\" \/><figcaption class=\"wp-element-caption\"><br><strong>Panth\u00e8re noire<\/strong><br><strong>26\/22\/28<\/strong> <\/figcaption><\/figure>\n<\/figure>\n<\/div>\n<\/div>\n\n\n\n<figure class=\"wp-block-gallery has-nested-images columns-default is-cropped wp-block-gallery-2 is-layout-flex wp-block-gallery-is-layout-flex\">\n<figure class=\"wp-block-image size-full\"><img loading=\"lazy\" decoding=\"async\" width=\"803\" height=\"1024\" data-id=\"1903\" src=\"https:\/\/galerielecolibri.fr\/wp-content\/uploads\/2023\/09\/9825e1fc-d98a-45fc-b5b0-d0b1454f17c0.jpg\" alt=\"\" class=\"wp-image-1903\" srcset=\"https:\/\/galerielecolibri.fr\/wp-content\/uploads\/2023\/09\/9825e1fc-d98a-45fc-b5b0-d0b1454f17c0.jpg 803w, https:\/\/galerielecolibri.fr\/wp-content\/uploads\/2023\/09\/9825e1fc-d98a-45fc-b5b0-d0b1454f17c0-235x300.jpg 235w, https:\/\/galerielecolibri.fr\/wp-content\/uploads\/2023\/09\/9825e1fc-d98a-45fc-b5b0-d0b1454f17c0-768x979.jpg 768w, https:\/\/galerielecolibri.fr\/wp-content\/uploads\/2023\/09\/9825e1fc-d98a-45fc-b5b0-d0b1454f17c0-500x638.jpg 500w\" sizes=\"auto, (max-width: 803px) 100vw, 803px\" \/><figcaption class=\"wp-element-caption\"><strong>Petite t\u00eate de f\u00e9lin 1 sur tige<\/strong><br><strong>14\/12\/12<\/strong> &#8211; vendu<\/figcaption><\/figure>\n\n\n\n<figure class=\"wp-block-image size-large\"><img loading=\"lazy\" decoding=\"async\" width=\"481\" height=\"617\" data-id=\"1852\" src=\"https:\/\/galerielecolibri.fr\/wp-content\/uploads\/2023\/09\/IMG_8719.jpeg\" alt=\"\" class=\"wp-image-1852\" srcset=\"https:\/\/galerielecolibri.fr\/wp-content\/uploads\/2023\/09\/IMG_8719.jpeg 481w, https:\/\/galerielecolibri.fr\/wp-content\/uploads\/2023\/09\/IMG_8719-234x300.jpeg 234w\" sizes=\"auto, (max-width: 481px) 100vw, 481px\" \/><figcaption class=\"wp-element-caption\"><strong>Le Rhino moyen bleut<\/strong>\u00e9<br><strong>17\/14\/9<\/strong> &#8211; vendu<\/figcaption><\/figure>\n\n\n\n<figure class=\"wp-block-image size-full\"><img loading=\"lazy\" decoding=\"async\" width=\"845\" height=\"1024\" data-id=\"1902\" src=\"https:\/\/galerielecolibri.fr\/wp-content\/uploads\/2023\/09\/5ce13752-c34f-4c1d-ad7b-d5d16a5a2262.jpg\" alt=\"\" class=\"wp-image-1902\" srcset=\"https:\/\/galerielecolibri.fr\/wp-content\/uploads\/2023\/09\/5ce13752-c34f-4c1d-ad7b-d5d16a5a2262.jpg 845w, https:\/\/galerielecolibri.fr\/wp-content\/uploads\/2023\/09\/5ce13752-c34f-4c1d-ad7b-d5d16a5a2262-248x300.jpg 248w, https:\/\/galerielecolibri.fr\/wp-content\/uploads\/2023\/09\/5ce13752-c34f-4c1d-ad7b-d5d16a5a2262-768x931.jpg 768w, https:\/\/galerielecolibri.fr\/wp-content\/uploads\/2023\/09\/5ce13752-c34f-4c1d-ad7b-d5d16a5a2262-500x606.jpg 500w\" sizes=\"auto, (max-width: 845px) 100vw, 845px\" \/><figcaption class=\"wp-element-caption\"><strong>Petite t\u00eate de f\u00e9lin 2 sur tige<\/strong><br><strong>14\/12\/1<\/strong>2 vendu<\/figcaption><\/figure>\n<\/figure>\n","protected":false},"excerpt":{"rendered":"<p>Ronceval est sculpteur et aime travailler la terre. Terres enfum\u00e9es ou laiss\u00e9es brutes, sa cr\u00e9ativit\u00e9 se concentre sur l&rsquo;animal et principalement le [&hellip;]<\/p>\n","protected":false},"author":1,"featured_media":0,"parent":0,"menu_order":0,"comment_status":"closed","ping_status":"closed","template":"","meta":{"footnotes":""},"class_list":{"0":"post-1848","1":"page","2":"type-page","3":"status-publish","5":"col-md-12"},"_links":{"self":[{"href":"https:\/\/galerielecolibri.fr\/index.php?rest_route=\/wp\/v2\/pages\/1848","targetHints":{"allow":["GET"]}}],"collection":[{"href":"https:\/\/galerielecolibri.fr\/index.php?rest_route=\/wp\/v2\/pages"}],"about":[{"href":"https:\/\/galerielecolibri.fr\/index.php?rest_route=\/wp\/v2\/types\/page"}],"author":[{"embeddable":true,"href":"https:\/\/galerielecolibri.fr\/index.php?rest_route=\/wp\/v2\/users\/1"}],"replies":[{"embeddable":true,"href":"https:\/\/galerielecolibri.fr\/index.php?rest_route=%2Fwp%2Fv2%2Fcomments&post=1848"}],"version-history":[{"count":15,"href":"https:\/\/galerielecolibri.fr\/index.php?rest_route=\/wp\/v2\/pages\/1848\/revisions"}],"predecessor-version":[{"id":3197,"href":"https:\/\/galerielecolibri.fr\/index.php?rest_route=\/wp\/v2\/pages\/1848\/revisions\/3197"}],"wp:attachment":[{"href":"https:\/\/galerielecolibri.fr\/index.php?rest_route=%2Fwp%2Fv2%2Fmedia&parent=1848"}],"curies":[{"name":"wp","href":"https:\/\/api.w.org\/{rel}","templated":true}]}}