{"id":2067,"date":"2023-11-16T16:52:38","date_gmt":"2023-11-16T15:52:38","guid":{"rendered":"https:\/\/galerielecolibri.fr\/?page_id=2067"},"modified":"2023-12-19T12:33:39","modified_gmt":"2023-12-19T11:33:39","slug":"laurence-mallart-2","status":"publish","type":"page","link":"https:\/\/galerielecolibri.fr\/?page_id=2067","title":{"rendered":"Laurence MALLART"},"content":{"rendered":"<div class=\"wp-block-image\">\n<figure class=\"aligncenter size-full\"><img loading=\"lazy\" decoding=\"async\" width=\"241\" height=\"292\" src=\"https:\/\/galerielecolibri.fr\/wp-content\/uploads\/2023\/11\/IMG-6828.jpeg\" alt=\"\" class=\"wp-image-2070\"\/><\/figure>\n<\/div>\n\n\n<p>Laurence Mallart est c\u00e9ramiste. Elle travaille uniquement la porcelaine sur des th\u00e8mes floraux. Blanches ou noires, abstraites ou figuratives, ses pi\u00e8ces (coupes, fleurs, vases) travaill\u00e9es \u00e0 la main avec une grande minutie et parfois dans l\u2019infiniment petit, sont \u00e0 elles seules de vrais bijoux d\u2019une grande d\u00e9licatesse et pr\u00e9ciosit\u00e9.&nbsp;<\/p>\n\n\n\n<figure class=\"wp-block-image size-large\"><img loading=\"lazy\" decoding=\"async\" width=\"899\" height=\"1024\" src=\"https:\/\/galerielecolibri.fr\/wp-content\/uploads\/2023\/12\/IMG_0510-899x1024.jpg\" alt=\"\" class=\"wp-image-2386\" srcset=\"https:\/\/galerielecolibri.fr\/wp-content\/uploads\/2023\/12\/IMG_0510-899x1024.jpg 899w, https:\/\/galerielecolibri.fr\/wp-content\/uploads\/2023\/12\/IMG_0510-263x300.jpg 263w, https:\/\/galerielecolibri.fr\/wp-content\/uploads\/2023\/12\/IMG_0510-768x875.jpg 768w, https:\/\/galerielecolibri.fr\/wp-content\/uploads\/2023\/12\/IMG_0510-1349x1536.jpg 1349w, https:\/\/galerielecolibri.fr\/wp-content\/uploads\/2023\/12\/IMG_0510-1798x2048.jpg 1798w, https:\/\/galerielecolibri.fr\/wp-content\/uploads\/2023\/12\/IMG_0510-900x1025.jpg 900w, https:\/\/galerielecolibri.fr\/wp-content\/uploads\/2023\/12\/IMG_0510-500x570.jpg 500w\" sizes=\"auto, (max-width: 899px) 100vw, 899px\" \/><\/figure>\n\n\n\n<figure class=\"wp-block-gallery has-nested-images columns-default is-cropped wp-block-gallery-1 is-layout-flex wp-block-gallery-is-layout-flex\">\n<figure class=\"wp-block-image size-large\"><img loading=\"lazy\" decoding=\"async\" width=\"825\" height=\"1024\" data-id=\"2388\" src=\"https:\/\/galerielecolibri.fr\/wp-content\/uploads\/2023\/12\/IMG_0504-825x1024.jpg\" alt=\"\" class=\"wp-image-2388\" srcset=\"https:\/\/galerielecolibri.fr\/wp-content\/uploads\/2023\/12\/IMG_0504-825x1024.jpg 825w, https:\/\/galerielecolibri.fr\/wp-content\/uploads\/2023\/12\/IMG_0504-242x300.jpg 242w, https:\/\/galerielecolibri.fr\/wp-content\/uploads\/2023\/12\/IMG_0504-768x953.jpg 768w, https:\/\/galerielecolibri.fr\/wp-content\/uploads\/2023\/12\/IMG_0504-1238x1536.jpg 1238w, https:\/\/galerielecolibri.fr\/wp-content\/uploads\/2023\/12\/IMG_0504-1650x2048.jpg 1650w, https:\/\/galerielecolibri.fr\/wp-content\/uploads\/2023\/12\/IMG_0504-900x1117.jpg 900w, https:\/\/galerielecolibri.fr\/wp-content\/uploads\/2023\/12\/IMG_0504-500x621.jpg 500w\" sizes=\"auto, (max-width: 825px) 100vw, 825px\" \/><figcaption class=\"wp-element-caption\">Fleurs \u00e0 poser<\/figcaption><\/figure>\n\n\n\n<figure class=\"wp-block-image size-large\"><img loading=\"lazy\" decoding=\"async\" width=\"882\" height=\"1024\" data-id=\"2387\" src=\"https:\/\/galerielecolibri.fr\/wp-content\/uploads\/2023\/12\/IMG_0509-882x1024.jpg\" alt=\"\" class=\"wp-image-2387\" srcset=\"https:\/\/galerielecolibri.fr\/wp-content\/uploads\/2023\/12\/IMG_0509-882x1024.jpg 882w, https:\/\/galerielecolibri.fr\/wp-content\/uploads\/2023\/12\/IMG_0509-258x300.jpg 258w, https:\/\/galerielecolibri.fr\/wp-content\/uploads\/2023\/12\/IMG_0509-768x892.jpg 768w, https:\/\/galerielecolibri.fr\/wp-content\/uploads\/2023\/12\/IMG_0509-1323x1536.jpg 1323w, https:\/\/galerielecolibri.fr\/wp-content\/uploads\/2023\/12\/IMG_0509-1764x2048.jpg 1764w, https:\/\/galerielecolibri.fr\/wp-content\/uploads\/2023\/12\/IMG_0509-900x1045.jpg 900w, https:\/\/galerielecolibri.fr\/wp-content\/uploads\/2023\/12\/IMG_0509-500x581.jpg 500w\" sizes=\"auto, (max-width: 882px) 100vw, 882px\" \/><figcaption class=\"wp-element-caption\">Grande fleur, lampe en c\u00e9ramique de Julie Descamps<\/figcaption><\/figure>\n<\/figure>\n\n\n\n<figure class=\"wp-block-gallery has-nested-images columns-default is-cropped wp-block-gallery-2 is-layout-flex wp-block-gallery-is-layout-flex\">\n<figure class=\"wp-block-image size-large\"><img loading=\"lazy\" decoding=\"async\" width=\"954\" height=\"1024\" data-id=\"2093\" src=\"https:\/\/galerielecolibri.fr\/wp-content\/uploads\/2023\/11\/IMG_7035-954x1024.jpg\" alt=\"\" class=\"wp-image-2093\" srcset=\"https:\/\/galerielecolibri.fr\/wp-content\/uploads\/2023\/11\/IMG_7035-954x1024.jpg 954w, https:\/\/galerielecolibri.fr\/wp-content\/uploads\/2023\/11\/IMG_7035-280x300.jpg 280w, https:\/\/galerielecolibri.fr\/wp-content\/uploads\/2023\/11\/IMG_7035-768x824.jpg 768w, https:\/\/galerielecolibri.fr\/wp-content\/uploads\/2023\/11\/IMG_7035-1431x1536.jpg 1431w, https:\/\/galerielecolibri.fr\/wp-content\/uploads\/2023\/11\/IMG_7035-1909x2048.jpg 1909w, https:\/\/galerielecolibri.fr\/wp-content\/uploads\/2023\/11\/IMG_7035-900x966.jpg 900w, https:\/\/galerielecolibri.fr\/wp-content\/uploads\/2023\/11\/IMG_7035-500x537.jpg 500w\" sizes=\"auto, (max-width: 954px) 100vw, 954px\" \/><figcaption class=\"wp-element-caption\">Coupes abstraites, porcelaine blanche et noir<\/figcaption><\/figure>\n\n\n\n<figure class=\"wp-block-image size-large\"><img loading=\"lazy\" decoding=\"async\" width=\"1022\" height=\"1024\" data-id=\"2096\" src=\"https:\/\/galerielecolibri.fr\/wp-content\/uploads\/2023\/11\/IMG_9036-1-1022x1024.jpeg\" alt=\"\" class=\"wp-image-2096\" srcset=\"https:\/\/galerielecolibri.fr\/wp-content\/uploads\/2023\/11\/IMG_9036-1-1022x1024.jpeg 1022w, https:\/\/galerielecolibri.fr\/wp-content\/uploads\/2023\/11\/IMG_9036-1-300x300.jpeg 300w, https:\/\/galerielecolibri.fr\/wp-content\/uploads\/2023\/11\/IMG_9036-1-150x150.jpeg 150w, https:\/\/galerielecolibri.fr\/wp-content\/uploads\/2023\/11\/IMG_9036-1-768x769.jpeg 768w, https:\/\/galerielecolibri.fr\/wp-content\/uploads\/2023\/11\/IMG_9036-1-1533x1536.jpeg 1533w, https:\/\/galerielecolibri.fr\/wp-content\/uploads\/2023\/11\/IMG_9036-1-2045x2048.jpeg 2045w, https:\/\/galerielecolibri.fr\/wp-content\/uploads\/2023\/11\/IMG_9036-1-900x901.jpeg 900w, https:\/\/galerielecolibri.fr\/wp-content\/uploads\/2023\/11\/IMG_9036-1-500x500.jpeg 500w\" sizes=\"auto, (max-width: 1022px) 100vw, 1022px\" \/><figcaption class=\"wp-element-caption\">Coupes figuratives, porcelaine blanche et noire<\/figcaption><\/figure>\n<\/figure>\n\n\n\n<figure class=\"wp-block-gallery has-nested-images columns-default is-cropped wp-block-gallery-3 is-layout-flex wp-block-gallery-is-layout-flex\">\n<figure class=\"wp-block-image size-large\"><img loading=\"lazy\" decoding=\"async\" width=\"912\" height=\"1024\" data-id=\"2094\" src=\"https:\/\/galerielecolibri.fr\/wp-content\/uploads\/2023\/11\/IMG_9867-2-912x1024.jpeg\" alt=\"\" class=\"wp-image-2094\" srcset=\"https:\/\/galerielecolibri.fr\/wp-content\/uploads\/2023\/11\/IMG_9867-2-912x1024.jpeg 912w, https:\/\/galerielecolibri.fr\/wp-content\/uploads\/2023\/11\/IMG_9867-2-267x300.jpeg 267w, https:\/\/galerielecolibri.fr\/wp-content\/uploads\/2023\/11\/IMG_9867-2-768x862.jpeg 768w, https:\/\/galerielecolibri.fr\/wp-content\/uploads\/2023\/11\/IMG_9867-2-1368x1536.jpeg 1368w, https:\/\/galerielecolibri.fr\/wp-content\/uploads\/2023\/11\/IMG_9867-2-1824x2048.jpeg 1824w, https:\/\/galerielecolibri.fr\/wp-content\/uploads\/2023\/11\/IMG_9867-2-900x1010.jpeg 900w, https:\/\/galerielecolibri.fr\/wp-content\/uploads\/2023\/11\/IMG_9867-2-500x561.jpeg 500w\" sizes=\"auto, (max-width: 912px) 100vw, 912px\" \/><figcaption class=\"wp-element-caption\">Fleur mont\u00e9e sur tige<\/figcaption><\/figure>\n\n\n\n<figure class=\"wp-block-image size-large\"><img loading=\"lazy\" decoding=\"async\" width=\"932\" height=\"1024\" data-id=\"2097\" src=\"https:\/\/galerielecolibri.fr\/wp-content\/uploads\/2023\/11\/IMG_9874-2-932x1024.jpeg\" alt=\"\" class=\"wp-image-2097\" srcset=\"https:\/\/galerielecolibri.fr\/wp-content\/uploads\/2023\/11\/IMG_9874-2-932x1024.jpeg 932w, https:\/\/galerielecolibri.fr\/wp-content\/uploads\/2023\/11\/IMG_9874-2-273x300.jpeg 273w, https:\/\/galerielecolibri.fr\/wp-content\/uploads\/2023\/11\/IMG_9874-2-768x843.jpeg 768w, https:\/\/galerielecolibri.fr\/wp-content\/uploads\/2023\/11\/IMG_9874-2-1399x1536.jpeg 1399w, https:\/\/galerielecolibri.fr\/wp-content\/uploads\/2023\/11\/IMG_9874-2-900x988.jpeg 900w, https:\/\/galerielecolibri.fr\/wp-content\/uploads\/2023\/11\/IMG_9874-2-500x549.jpeg 500w, https:\/\/galerielecolibri.fr\/wp-content\/uploads\/2023\/11\/IMG_9874-2.jpeg 1811w\" sizes=\"auto, (max-width: 932px) 100vw, 932px\" \/><figcaption class=\"wp-element-caption\">Fleur mont\u00e9e sur tige<\/figcaption><\/figure>\n<\/figure>\n\n\n<div class=\"wp-block-image\">\n<figure class=\"aligncenter size-large is-resized\"><img loading=\"lazy\" decoding=\"async\" width=\"1008\" height=\"1024\" src=\"https:\/\/galerielecolibri.fr\/wp-content\/uploads\/2023\/11\/IMG_7200-2-1008x1024.jpeg\" alt=\"\" class=\"wp-image-2099\" style=\"width:366px;height:auto\" srcset=\"https:\/\/galerielecolibri.fr\/wp-content\/uploads\/2023\/11\/IMG_7200-2-1008x1024.jpeg 1008w, https:\/\/galerielecolibri.fr\/wp-content\/uploads\/2023\/11\/IMG_7200-2-295x300.jpeg 295w, https:\/\/galerielecolibri.fr\/wp-content\/uploads\/2023\/11\/IMG_7200-2-768x781.jpeg 768w, https:\/\/galerielecolibri.fr\/wp-content\/uploads\/2023\/11\/IMG_7200-2-900x915.jpeg 900w, https:\/\/galerielecolibri.fr\/wp-content\/uploads\/2023\/11\/IMG_7200-2-500x508.jpeg 500w, https:\/\/galerielecolibri.fr\/wp-content\/uploads\/2023\/11\/IMG_7200-2.jpeg 1351w\" sizes=\"auto, (max-width: 1008px) 100vw, 1008px\" \/><\/figure>\n<\/div>","protected":false},"excerpt":{"rendered":"<p>Laurence Mallart est c\u00e9ramiste. Elle travaille uniquement la porcelaine sur des th\u00e8mes floraux. Blanches ou noires, abstraites ou figuratives, ses pi\u00e8ces (coupes, [&hellip;]<\/p>\n","protected":false},"author":1,"featured_media":0,"parent":0,"menu_order":0,"comment_status":"closed","ping_status":"closed","template":"","meta":{"footnotes":""},"class_list":{"0":"post-2067","1":"page","2":"type-page","3":"status-publish","5":"col-md-12"},"_links":{"self":[{"href":"https:\/\/galerielecolibri.fr\/index.php?rest_route=\/wp\/v2\/pages\/2067","targetHints":{"allow":["GET"]}}],"collection":[{"href":"https:\/\/galerielecolibri.fr\/index.php?rest_route=\/wp\/v2\/pages"}],"about":[{"href":"https:\/\/galerielecolibri.fr\/index.php?rest_route=\/wp\/v2\/types\/page"}],"author":[{"embeddable":true,"href":"https:\/\/galerielecolibri.fr\/index.php?rest_route=\/wp\/v2\/users\/1"}],"replies":[{"embeddable":true,"href":"https:\/\/galerielecolibri.fr\/index.php?rest_route=%2Fwp%2Fv2%2Fcomments&post=2067"}],"version-history":[{"count":11,"href":"https:\/\/galerielecolibri.fr\/index.php?rest_route=\/wp\/v2\/pages\/2067\/revisions"}],"predecessor-version":[{"id":2409,"href":"https:\/\/galerielecolibri.fr\/index.php?rest_route=\/wp\/v2\/pages\/2067\/revisions\/2409"}],"wp:attachment":[{"href":"https:\/\/galerielecolibri.fr\/index.php?rest_route=%2Fwp%2Fv2%2Fmedia&parent=2067"}],"curies":[{"name":"wp","href":"https:\/\/api.w.org\/{rel}","templated":true}]}}