{"id":2125,"date":"2023-11-17T17:27:01","date_gmt":"2023-11-17T16:27:01","guid":{"rendered":"https:\/\/galerielecolibri.fr\/?page_id=2125"},"modified":"2024-11-19T12:04:10","modified_gmt":"2024-11-19T11:04:10","slug":"sophie-jouan","status":"publish","type":"page","link":"https:\/\/galerielecolibri.fr\/?page_id=2125","title":{"rendered":"Sophie JOUAN"},"content":{"rendered":"<div class=\"wp-block-image\">\n<figure class=\"aligncenter size-full is-resized\"><img loading=\"lazy\" decoding=\"async\" width=\"853\" height=\"772\" src=\"https:\/\/galerielecolibri.fr\/wp-content\/uploads\/2023\/11\/PHOTO-2023-11-17-12-44-35.jpg\" alt=\"\" class=\"wp-image-2143\" style=\"width:312px;height:auto\" srcset=\"https:\/\/galerielecolibri.fr\/wp-content\/uploads\/2023\/11\/PHOTO-2023-11-17-12-44-35.jpg 853w, https:\/\/galerielecolibri.fr\/wp-content\/uploads\/2023\/11\/PHOTO-2023-11-17-12-44-35-300x272.jpg 300w, https:\/\/galerielecolibri.fr\/wp-content\/uploads\/2023\/11\/PHOTO-2023-11-17-12-44-35-768x695.jpg 768w, https:\/\/galerielecolibri.fr\/wp-content\/uploads\/2023\/11\/PHOTO-2023-11-17-12-44-35-500x453.jpg 500w\" sizes=\"auto, (max-width: 853px) 100vw, 853px\" \/><\/figure>\n<\/div>\n\n\n<p>Sophie Jouan travaille ses pi\u00e8ces en soudure avec de l&rsquo;acier et de la p\u00e2te \u00e0 papier. Avec cette mati\u00e8re, elle sculpte et montre l\u2019\u00e9quilibre et le d\u00e9s\u00e9quilibre qui nous traverse parfois. Gravit\u00e9 et d\u00e9rision, nous retrouvons ici les sujets de pr\u00e9dilection de cette magnifique sculptrice qui a expos\u00e9 au salon Art Capital l&rsquo;ann\u00e9e derni\u00e8re au Grand Palais Eph\u00e9m\u00e8re.&nbsp;<\/p>\n\n\n\n<figure class=\"wp-block-gallery has-nested-images columns-default is-cropped wp-block-gallery-1 is-layout-flex wp-block-gallery-is-layout-flex\">\n<figure class=\"wp-block-image size-large\"><img loading=\"lazy\" decoding=\"async\" width=\"757\" height=\"1024\" data-id=\"2269\" src=\"https:\/\/galerielecolibri.fr\/wp-content\/uploads\/2023\/11\/IMG_9998-757x1024.jpg\" alt=\"\" class=\"wp-image-2269\" srcset=\"https:\/\/galerielecolibri.fr\/wp-content\/uploads\/2023\/11\/IMG_9998-757x1024.jpg 757w, https:\/\/galerielecolibri.fr\/wp-content\/uploads\/2023\/11\/IMG_9998-222x300.jpg 222w, https:\/\/galerielecolibri.fr\/wp-content\/uploads\/2023\/11\/IMG_9998-768x1038.jpg 768w, https:\/\/galerielecolibri.fr\/wp-content\/uploads\/2023\/11\/IMG_9998-1136x1536.jpg 1136w, https:\/\/galerielecolibri.fr\/wp-content\/uploads\/2023\/11\/IMG_9998-1515x2048.jpg 1515w, https:\/\/galerielecolibri.fr\/wp-content\/uploads\/2023\/11\/IMG_9998-900x1217.jpg 900w, https:\/\/galerielecolibri.fr\/wp-content\/uploads\/2023\/11\/IMG_9998-500x676.jpg 500w, https:\/\/galerielecolibri.fr\/wp-content\/uploads\/2023\/11\/IMG_9998-scaled.jpg 1894w\" sizes=\"auto, (max-width: 757px) 100vw, 757px\" \/><figcaption class=\"wp-element-caption\">La cl\u00e9, 60x65x24, vendu<\/figcaption><\/figure>\n<\/figure>\n\n\n\n<figure class=\"wp-block-gallery has-nested-images columns-default is-cropped wp-block-gallery-2 is-layout-flex wp-block-gallery-is-layout-flex\">\n<figure class=\"wp-block-image size-large\"><img loading=\"lazy\" decoding=\"async\" width=\"1024\" height=\"871\" data-id=\"2265\" src=\"https:\/\/galerielecolibri.fr\/wp-content\/uploads\/2023\/11\/IMG_0003-1-1024x871.jpg\" alt=\"\" class=\"wp-image-2265\" srcset=\"https:\/\/galerielecolibri.fr\/wp-content\/uploads\/2023\/11\/IMG_0003-1-1024x871.jpg 1024w, https:\/\/galerielecolibri.fr\/wp-content\/uploads\/2023\/11\/IMG_0003-1-300x255.jpg 300w, https:\/\/galerielecolibri.fr\/wp-content\/uploads\/2023\/11\/IMG_0003-1-768x653.jpg 768w, https:\/\/galerielecolibri.fr\/wp-content\/uploads\/2023\/11\/IMG_0003-1-1536x1306.jpg 1536w, https:\/\/galerielecolibri.fr\/wp-content\/uploads\/2023\/11\/IMG_0003-1-2048x1741.jpg 2048w, https:\/\/galerielecolibri.fr\/wp-content\/uploads\/2023\/11\/IMG_0003-1-900x765.jpg 900w, https:\/\/galerielecolibri.fr\/wp-content\/uploads\/2023\/11\/IMG_0003-1-500x425.jpg 500w\" sizes=\"auto, (max-width: 1024px) 100vw, 1024px\" \/><\/figure>\n\n\n\n<figure class=\"wp-block-image size-large\"><img loading=\"lazy\" decoding=\"async\" width=\"850\" height=\"1024\" data-id=\"2268\" src=\"https:\/\/galerielecolibri.fr\/wp-content\/uploads\/2023\/11\/IMG_0004-1-850x1024.jpg\" alt=\"\" class=\"wp-image-2268\" srcset=\"https:\/\/galerielecolibri.fr\/wp-content\/uploads\/2023\/11\/IMG_0004-1-850x1024.jpg 850w, https:\/\/galerielecolibri.fr\/wp-content\/uploads\/2023\/11\/IMG_0004-1-249x300.jpg 249w, https:\/\/galerielecolibri.fr\/wp-content\/uploads\/2023\/11\/IMG_0004-1-768x926.jpg 768w, https:\/\/galerielecolibri.fr\/wp-content\/uploads\/2023\/11\/IMG_0004-1-1274x1536.jpg 1274w, https:\/\/galerielecolibri.fr\/wp-content\/uploads\/2023\/11\/IMG_0004-1-1699x2048.jpg 1699w, https:\/\/galerielecolibri.fr\/wp-content\/uploads\/2023\/11\/IMG_0004-1-900x1085.jpg 900w, https:\/\/galerielecolibri.fr\/wp-content\/uploads\/2023\/11\/IMG_0004-1-500x603.jpg 500w, https:\/\/galerielecolibri.fr\/wp-content\/uploads\/2023\/11\/IMG_0004-1.jpg 2037w\" sizes=\"auto, (max-width: 850px) 100vw, 850px\" \/><figcaption class=\"wp-element-caption\">Le nid<\/figcaption><\/figure>\n<\/figure>\n\n\n\n<figure class=\"wp-block-gallery has-nested-images columns-default is-cropped wp-block-gallery-3 is-layout-flex wp-block-gallery-is-layout-flex\">\n<figure class=\"wp-block-image size-large\"><img loading=\"lazy\" decoding=\"async\" width=\"906\" height=\"1024\" data-id=\"2270\" src=\"https:\/\/galerielecolibri.fr\/wp-content\/uploads\/2023\/11\/IMG_9993-1-906x1024.jpg\" alt=\"\" class=\"wp-image-2270\" srcset=\"https:\/\/galerielecolibri.fr\/wp-content\/uploads\/2023\/11\/IMG_9993-1-906x1024.jpg 906w, https:\/\/galerielecolibri.fr\/wp-content\/uploads\/2023\/11\/IMG_9993-1-266x300.jpg 266w, https:\/\/galerielecolibri.fr\/wp-content\/uploads\/2023\/11\/IMG_9993-1-768x868.jpg 768w, https:\/\/galerielecolibri.fr\/wp-content\/uploads\/2023\/11\/IMG_9993-1-1360x1536.jpg 1360w, https:\/\/galerielecolibri.fr\/wp-content\/uploads\/2023\/11\/IMG_9993-1-1813x2048.jpg 1813w, https:\/\/galerielecolibri.fr\/wp-content\/uploads\/2023\/11\/IMG_9993-1-900x1017.jpg 900w, https:\/\/galerielecolibri.fr\/wp-content\/uploads\/2023\/11\/IMG_9993-1-500x565.jpg 500w\" sizes=\"auto, (max-width: 906px) 100vw, 906px\" \/><figcaption class=\"wp-element-caption\">Petites t\u00eates, terre, chacune<\/figcaption><\/figure>\n\n\n\n<figure class=\"wp-block-image size-large\"><img loading=\"lazy\" decoding=\"async\" width=\"775\" height=\"1024\" data-id=\"2266\" src=\"https:\/\/galerielecolibri.fr\/wp-content\/uploads\/2023\/11\/IMG_9995-1-775x1024.jpg\" alt=\"\" class=\"wp-image-2266\" srcset=\"https:\/\/galerielecolibri.fr\/wp-content\/uploads\/2023\/11\/IMG_9995-1-775x1024.jpg 775w, https:\/\/galerielecolibri.fr\/wp-content\/uploads\/2023\/11\/IMG_9995-1-227x300.jpg 227w, https:\/\/galerielecolibri.fr\/wp-content\/uploads\/2023\/11\/IMG_9995-1-768x1015.jpg 768w, https:\/\/galerielecolibri.fr\/wp-content\/uploads\/2023\/11\/IMG_9995-1-1162x1536.jpg 1162w, https:\/\/galerielecolibri.fr\/wp-content\/uploads\/2023\/11\/IMG_9995-1-1550x2048.jpg 1550w, https:\/\/galerielecolibri.fr\/wp-content\/uploads\/2023\/11\/IMG_9995-1-900x1189.jpg 900w, https:\/\/galerielecolibri.fr\/wp-content\/uploads\/2023\/11\/IMG_9995-1-500x661.jpg 500w, https:\/\/galerielecolibri.fr\/wp-content\/uploads\/2023\/11\/IMG_9995-1-scaled.jpg 1937w\" sizes=\"auto, (max-width: 775px) 100vw, 775px\" \/><figcaption class=\"wp-element-caption\">La Maison 28x24x12<\/figcaption><\/figure>\n<\/figure>\n\n\n\n<figure class=\"wp-block-gallery has-nested-images columns-default is-cropped wp-block-gallery-4 is-layout-flex wp-block-gallery-is-layout-flex\">\n<figure class=\"wp-block-image size-large\"><img loading=\"lazy\" decoding=\"async\" width=\"683\" height=\"1024\" data-id=\"2217\" src=\"https:\/\/galerielecolibri.fr\/wp-content\/uploads\/2023\/11\/A-un-fil-acier-soude-pate-a-papier-patine152x53x27-683x1024.jpg\" alt=\"\" class=\"wp-image-2217\" srcset=\"https:\/\/galerielecolibri.fr\/wp-content\/uploads\/2023\/11\/A-un-fil-acier-soude-pate-a-papier-patine152x53x27-683x1024.jpg 683w, https:\/\/galerielecolibri.fr\/wp-content\/uploads\/2023\/11\/A-un-fil-acier-soude-pate-a-papier-patine152x53x27-200x300.jpg 200w, https:\/\/galerielecolibri.fr\/wp-content\/uploads\/2023\/11\/A-un-fil-acier-soude-pate-a-papier-patine152x53x27-768x1152.jpg 768w, https:\/\/galerielecolibri.fr\/wp-content\/uploads\/2023\/11\/A-un-fil-acier-soude-pate-a-papier-patine152x53x27-1024x1536.jpg 1024w, https:\/\/galerielecolibri.fr\/wp-content\/uploads\/2023\/11\/A-un-fil-acier-soude-pate-a-papier-patine152x53x27-1365x2048.jpg 1365w, https:\/\/galerielecolibri.fr\/wp-content\/uploads\/2023\/11\/A-un-fil-acier-soude-pate-a-papier-patine152x53x27-900x1350.jpg 900w, https:\/\/galerielecolibri.fr\/wp-content\/uploads\/2023\/11\/A-un-fil-acier-soude-pate-a-papier-patine152x53x27-500x750.jpg 500w, https:\/\/galerielecolibri.fr\/wp-content\/uploads\/2023\/11\/A-un-fil-acier-soude-pate-a-papier-patine152x53x27-scaled.jpg 1707w\" sizes=\"auto, (max-width: 683px) 100vw, 683px\" \/><figcaption class=\"wp-element-caption\">\u00c0 un fil 152\/53\/27<\/figcaption><\/figure>\n<\/figure>\n\n\n\n<figure class=\"wp-block-gallery has-nested-images columns-default is-cropped wp-block-gallery-5 is-layout-flex wp-block-gallery-is-layout-flex\">\n<figure class=\"wp-block-image size-large\"><img loading=\"lazy\" decoding=\"async\" width=\"729\" height=\"1024\" data-id=\"2218\" src=\"https:\/\/galerielecolibri.fr\/wp-content\/uploads\/2023\/11\/fragile-equilibre-2-101X16X57-729x1024.png\" alt=\"\" class=\"wp-image-2218\" srcset=\"https:\/\/galerielecolibri.fr\/wp-content\/uploads\/2023\/11\/fragile-equilibre-2-101X16X57-729x1024.png 729w, https:\/\/galerielecolibri.fr\/wp-content\/uploads\/2023\/11\/fragile-equilibre-2-101X16X57-214x300.png 214w, https:\/\/galerielecolibri.fr\/wp-content\/uploads\/2023\/11\/fragile-equilibre-2-101X16X57-768x1078.png 768w, https:\/\/galerielecolibri.fr\/wp-content\/uploads\/2023\/11\/fragile-equilibre-2-101X16X57-1094x1536.png 1094w, https:\/\/galerielecolibri.fr\/wp-content\/uploads\/2023\/11\/fragile-equilibre-2-101X16X57-900x1264.png 900w, https:\/\/galerielecolibri.fr\/wp-content\/uploads\/2023\/11\/fragile-equilibre-2-101X16X57-500x702.png 500w, https:\/\/galerielecolibri.fr\/wp-content\/uploads\/2023\/11\/fragile-equilibre-2-101X16X57.png 1302w\" sizes=\"auto, (max-width: 729px) 100vw, 729px\" \/><figcaption class=\"wp-element-caption\">Fragile \u00e9quilibre 102\/30\/58<\/figcaption><\/figure>\n\n\n\n<figure class=\"wp-block-image size-large\"><img loading=\"lazy\" decoding=\"async\" width=\"768\" height=\"1024\" data-id=\"2326\" src=\"https:\/\/galerielecolibri.fr\/wp-content\/uploads\/2023\/12\/point-de-vue-terre-cuite-et-acier-768x1024.jpg\" alt=\"\" class=\"wp-image-2326\" srcset=\"https:\/\/galerielecolibri.fr\/wp-content\/uploads\/2023\/12\/point-de-vue-terre-cuite-et-acier-768x1024.jpg 768w, https:\/\/galerielecolibri.fr\/wp-content\/uploads\/2023\/12\/point-de-vue-terre-cuite-et-acier-225x300.jpg 225w, https:\/\/galerielecolibri.fr\/wp-content\/uploads\/2023\/12\/point-de-vue-terre-cuite-et-acier-1152x1536.jpg 1152w, https:\/\/galerielecolibri.fr\/wp-content\/uploads\/2023\/12\/point-de-vue-terre-cuite-et-acier-1536x2048.jpg 1536w, https:\/\/galerielecolibri.fr\/wp-content\/uploads\/2023\/12\/point-de-vue-terre-cuite-et-acier-900x1200.jpg 900w, https:\/\/galerielecolibri.fr\/wp-content\/uploads\/2023\/12\/point-de-vue-terre-cuite-et-acier-500x667.jpg 500w, https:\/\/galerielecolibri.fr\/wp-content\/uploads\/2023\/12\/point-de-vue-terre-cuite-et-acier-scaled.jpg 1920w\" sizes=\"auto, (max-width: 768px) 100vw, 768px\" \/><figcaption class=\"wp-element-caption\">Point de vue, terre cuite et acier, vendu<\/figcaption><\/figure>\n\n\n\n<figure class=\"wp-block-image size-large\"><img loading=\"lazy\" decoding=\"async\" width=\"609\" height=\"1024\" data-id=\"2219\" src=\"https:\/\/galerielecolibri.fr\/wp-content\/uploads\/2023\/11\/sophie-jouan_acier-soude-et-pate-a-pate-a-papier_45x30x16-609x1024.png\" alt=\"\" class=\"wp-image-2219\" srcset=\"https:\/\/galerielecolibri.fr\/wp-content\/uploads\/2023\/11\/sophie-jouan_acier-soude-et-pate-a-pate-a-papier_45x30x16-609x1024.png 609w, https:\/\/galerielecolibri.fr\/wp-content\/uploads\/2023\/11\/sophie-jouan_acier-soude-et-pate-a-pate-a-papier_45x30x16-178x300.png 178w, https:\/\/galerielecolibri.fr\/wp-content\/uploads\/2023\/11\/sophie-jouan_acier-soude-et-pate-a-pate-a-papier_45x30x16-768x1291.png 768w, https:\/\/galerielecolibri.fr\/wp-content\/uploads\/2023\/11\/sophie-jouan_acier-soude-et-pate-a-pate-a-papier_45x30x16-913x1536.png 913w, https:\/\/galerielecolibri.fr\/wp-content\/uploads\/2023\/11\/sophie-jouan_acier-soude-et-pate-a-pate-a-papier_45x30x16-900x1513.png 900w, https:\/\/galerielecolibri.fr\/wp-content\/uploads\/2023\/11\/sophie-jouan_acier-soude-et-pate-a-pate-a-papier_45x30x16-500x841.png 500w, https:\/\/galerielecolibri.fr\/wp-content\/uploads\/2023\/11\/sophie-jouan_acier-soude-et-pate-a-pate-a-papier_45x30x16.png 1124w\" sizes=\"auto, (max-width: 609px) 100vw, 609px\" \/><figcaption class=\"wp-element-caption\">Quoi 45\/30\/18<\/figcaption><\/figure>\n<\/figure>\n\n\n\n<figure class=\"wp-block-gallery has-nested-images columns-default is-cropped wp-block-gallery-6 is-layout-flex wp-block-gallery-is-layout-flex\">\n<figure class=\"wp-block-image size-large\"><img loading=\"lazy\" decoding=\"async\" width=\"1024\" height=\"936\" data-id=\"2220\" src=\"https:\/\/galerielecolibri.fr\/wp-content\/uploads\/2023\/11\/la-mere-Denis-42X34X14-1024x936.png\" alt=\"\" class=\"wp-image-2220\" srcset=\"https:\/\/galerielecolibri.fr\/wp-content\/uploads\/2023\/11\/la-mere-Denis-42X34X14-1024x936.png 1024w, https:\/\/galerielecolibri.fr\/wp-content\/uploads\/2023\/11\/la-mere-Denis-42X34X14-300x274.png 300w, https:\/\/galerielecolibri.fr\/wp-content\/uploads\/2023\/11\/la-mere-Denis-42X34X14-768x702.png 768w, https:\/\/galerielecolibri.fr\/wp-content\/uploads\/2023\/11\/la-mere-Denis-42X34X14-1536x1404.png 1536w, https:\/\/galerielecolibri.fr\/wp-content\/uploads\/2023\/11\/la-mere-Denis-42X34X14-900x823.png 900w, https:\/\/galerielecolibri.fr\/wp-content\/uploads\/2023\/11\/la-mere-Denis-42X34X14-500x457.png 500w, https:\/\/galerielecolibri.fr\/wp-content\/uploads\/2023\/11\/la-mere-Denis-42X34X14.png 1957w\" sizes=\"auto, (max-width: 1024px) 100vw, 1024px\" \/><figcaption class=\"wp-element-caption\">La m\u00e8re Denis 42\/34\/14<\/figcaption><\/figure>\n<\/figure>\n\n\n\n<figure class=\"wp-block-gallery has-nested-images columns-default is-cropped wp-block-gallery-7 is-layout-flex wp-block-gallery-is-layout-flex\">\n<figure class=\"wp-block-image size-large\"><img loading=\"lazy\" decoding=\"async\" width=\"759\" height=\"1024\" data-id=\"2221\" src=\"https:\/\/galerielecolibri.fr\/wp-content\/uploads\/2023\/11\/n-en-parlons-plus-759x1024.jpg\" alt=\"\" class=\"wp-image-2221\" srcset=\"https:\/\/galerielecolibri.fr\/wp-content\/uploads\/2023\/11\/n-en-parlons-plus-759x1024.jpg 759w, https:\/\/galerielecolibri.fr\/wp-content\/uploads\/2023\/11\/n-en-parlons-plus-222x300.jpg 222w, https:\/\/galerielecolibri.fr\/wp-content\/uploads\/2023\/11\/n-en-parlons-plus-768x1036.jpg 768w, https:\/\/galerielecolibri.fr\/wp-content\/uploads\/2023\/11\/n-en-parlons-plus-1138x1536.jpg 1138w, https:\/\/galerielecolibri.fr\/wp-content\/uploads\/2023\/11\/n-en-parlons-plus-1518x2048.jpg 1518w, https:\/\/galerielecolibri.fr\/wp-content\/uploads\/2023\/11\/n-en-parlons-plus-900x1215.jpg 900w, https:\/\/galerielecolibri.fr\/wp-content\/uploads\/2023\/11\/n-en-parlons-plus-500x675.jpg 500w, https:\/\/galerielecolibri.fr\/wp-content\/uploads\/2023\/11\/n-en-parlons-plus-scaled.jpg 1897w\" sizes=\"auto, (max-width: 759px) 100vw, 759px\" \/><figcaption class=\"wp-element-caption\">N&rsquo;en parlons plus 38\/30\/60<\/figcaption><\/figure>\n<\/figure>\n","protected":false},"excerpt":{"rendered":"<p>Sophie Jouan travaille ses pi\u00e8ces en soudure avec de l&rsquo;acier et de la p\u00e2te \u00e0 papier. Avec cette mati\u00e8re, elle sculpte et [&hellip;]<\/p>\n","protected":false},"author":1,"featured_media":0,"parent":0,"menu_order":0,"comment_status":"closed","ping_status":"closed","template":"","meta":{"footnotes":""},"class_list":{"0":"post-2125","1":"page","2":"type-page","3":"status-publish","5":"col-md-12"},"_links":{"self":[{"href":"https:\/\/galerielecolibri.fr\/index.php?rest_route=\/wp\/v2\/pages\/2125","targetHints":{"allow":["GET"]}}],"collection":[{"href":"https:\/\/galerielecolibri.fr\/index.php?rest_route=\/wp\/v2\/pages"}],"about":[{"href":"https:\/\/galerielecolibri.fr\/index.php?rest_route=\/wp\/v2\/types\/page"}],"author":[{"embeddable":true,"href":"https:\/\/galerielecolibri.fr\/index.php?rest_route=\/wp\/v2\/users\/1"}],"replies":[{"embeddable":true,"href":"https:\/\/galerielecolibri.fr\/index.php?rest_route=%2Fwp%2Fv2%2Fcomments&post=2125"}],"version-history":[{"count":9,"href":"https:\/\/galerielecolibri.fr\/index.php?rest_route=\/wp\/v2\/pages\/2125\/revisions"}],"predecessor-version":[{"id":3190,"href":"https:\/\/galerielecolibri.fr\/index.php?rest_route=\/wp\/v2\/pages\/2125\/revisions\/3190"}],"wp:attachment":[{"href":"https:\/\/galerielecolibri.fr\/index.php?rest_route=%2Fwp%2Fv2%2Fmedia&parent=2125"}],"curies":[{"name":"wp","href":"https:\/\/api.w.org\/{rel}","templated":true}]}}