{"id":2225,"date":"2023-12-02T15:03:31","date_gmt":"2023-12-02T14:03:31","guid":{"rendered":"https:\/\/galerielecolibri.fr\/?page_id=2225"},"modified":"2024-11-19T11:58:17","modified_gmt":"2024-11-19T10:58:17","slug":"pernille-picherit","status":"publish","type":"page","link":"https:\/\/galerielecolibri.fr\/?page_id=2225","title":{"rendered":"Pernille PICHERIT"},"content":{"rendered":"<div class=\"wp-block-image\">\n<figure class=\"aligncenter size-large is-resized\"><img loading=\"lazy\" decoding=\"async\" width=\"1024\" height=\"1024\" src=\"https:\/\/galerielecolibri.fr\/wp-content\/uploads\/2023\/12\/Capture-decran-2023-12-02-a-15.44.09-1024x1024.jpeg\" alt=\"\" class=\"wp-image-2316\" style=\"width:330px;height:auto\" srcset=\"https:\/\/galerielecolibri.fr\/wp-content\/uploads\/2023\/12\/Capture-decran-2023-12-02-a-15.44.09-1024x1024.jpeg 1024w, https:\/\/galerielecolibri.fr\/wp-content\/uploads\/2023\/12\/Capture-decran-2023-12-02-a-15.44.09-300x300.jpeg 300w, https:\/\/galerielecolibri.fr\/wp-content\/uploads\/2023\/12\/Capture-decran-2023-12-02-a-15.44.09-150x150.jpeg 150w, https:\/\/galerielecolibri.fr\/wp-content\/uploads\/2023\/12\/Capture-decran-2023-12-02-a-15.44.09-768x768.jpeg 768w, https:\/\/galerielecolibri.fr\/wp-content\/uploads\/2023\/12\/Capture-decran-2023-12-02-a-15.44.09-900x900.jpeg 900w, https:\/\/galerielecolibri.fr\/wp-content\/uploads\/2023\/12\/Capture-decran-2023-12-02-a-15.44.09-500x500.jpeg 500w, https:\/\/galerielecolibri.fr\/wp-content\/uploads\/2023\/12\/Capture-decran-2023-12-02-a-15.44.09.jpeg 1300w\" sizes=\"auto, (max-width: 1024px) 100vw, 1024px\" \/><\/figure>\n<\/div>\n\n\n<p><\/p>\n\n\n\n<p class=\"has-text-align-left\">Pernille Picherit&nbsp;est une artiste et designer danoise r\u00e9guli\u00e8rement pr\u00e9sent\u00e9e dans les revues internationales de design d\u2019int\u00e9rieur, pour ses tableaux mais aussi pour ses tapis et tissus.&nbsp;<\/p>\n\n\n\n<p class=\"has-text-align-left\">Pour cr\u00e9er, sa mati\u00e8re de pr\u00e9dilection est le papier. Par des techniques de gravure, superpositions, pliages, gaufrages, et \u00e0 travers l\u2019exploration de formes graphiques et l\u2019utilisation de nuances inspir\u00e9es de son h\u00e9ritage nordique, elle exprime sa sensibilit\u00e9 minimaliste et po\u00e9tique.&nbsp;<\/p>\n\n\n\n<p><\/p>\n\n\n\n<p><\/p>\n\n\n\n<figure class=\"wp-block-gallery has-nested-images columns-default is-cropped wp-block-gallery-1 is-layout-flex wp-block-gallery-is-layout-flex\">\n<figure class=\"wp-block-image size-large\"><img loading=\"lazy\" decoding=\"async\" width=\"778\" height=\"1024\" data-id=\"2292\" src=\"https:\/\/galerielecolibri.fr\/wp-content\/uploads\/2023\/12\/HARVEST-778x1024.jpeg\" alt=\"\" class=\"wp-image-2292\" srcset=\"https:\/\/galerielecolibri.fr\/wp-content\/uploads\/2023\/12\/HARVEST-778x1024.jpeg 778w, https:\/\/galerielecolibri.fr\/wp-content\/uploads\/2023\/12\/HARVEST-228x300.jpeg 228w, https:\/\/galerielecolibri.fr\/wp-content\/uploads\/2023\/12\/HARVEST-768x1010.jpeg 768w, https:\/\/galerielecolibri.fr\/wp-content\/uploads\/2023\/12\/HARVEST-900x1184.jpeg 900w, https:\/\/galerielecolibri.fr\/wp-content\/uploads\/2023\/12\/HARVEST-500x658.jpeg 500w, https:\/\/galerielecolibri.fr\/wp-content\/uploads\/2023\/12\/HARVEST.jpeg 960w\" sizes=\"auto, (max-width: 778px) 100vw, 778px\" \/><figcaption class=\"wp-element-caption\">HARVEST, 30\/40 encadr\u00e9<\/figcaption><\/figure>\n\n\n\n<figure class=\"wp-block-image size-large\"><img loading=\"lazy\" decoding=\"async\" width=\"1024\" height=\"1022\" data-id=\"2315\" src=\"https:\/\/galerielecolibri.fr\/wp-content\/uploads\/2023\/12\/Capture-decran-2023-12-02-a-15.01.16-1024x1022.png\" alt=\"\" class=\"wp-image-2315\" srcset=\"https:\/\/galerielecolibri.fr\/wp-content\/uploads\/2023\/12\/Capture-decran-2023-12-02-a-15.01.16-1024x1022.png 1024w, https:\/\/galerielecolibri.fr\/wp-content\/uploads\/2023\/12\/Capture-decran-2023-12-02-a-15.01.16-300x300.png 300w, https:\/\/galerielecolibri.fr\/wp-content\/uploads\/2023\/12\/Capture-decran-2023-12-02-a-15.01.16-150x150.png 150w, https:\/\/galerielecolibri.fr\/wp-content\/uploads\/2023\/12\/Capture-decran-2023-12-02-a-15.01.16-768x767.png 768w, https:\/\/galerielecolibri.fr\/wp-content\/uploads\/2023\/12\/Capture-decran-2023-12-02-a-15.01.16-900x899.png 900w, https:\/\/galerielecolibri.fr\/wp-content\/uploads\/2023\/12\/Capture-decran-2023-12-02-a-15.01.16-500x500.png 500w, https:\/\/galerielecolibri.fr\/wp-content\/uploads\/2023\/12\/Capture-decran-2023-12-02-a-15.01.16.png 1306w\" sizes=\"auto, (max-width: 1024px) 100vw, 1024px\" \/><figcaption class=\"wp-element-caption\">UNFOLDING #02 50\/70<\/figcaption><\/figure>\n\n\n\n<figure class=\"wp-block-image size-large\"><img loading=\"lazy\" decoding=\"async\" width=\"789\" height=\"1024\" data-id=\"2298\" src=\"https:\/\/galerielecolibri.fr\/wp-content\/uploads\/2023\/12\/ODE-TO-JAPAN-789x1024.jpeg\" alt=\"\" class=\"wp-image-2298\" srcset=\"https:\/\/galerielecolibri.fr\/wp-content\/uploads\/2023\/12\/ODE-TO-JAPAN-789x1024.jpeg 789w, https:\/\/galerielecolibri.fr\/wp-content\/uploads\/2023\/12\/ODE-TO-JAPAN-231x300.jpeg 231w, https:\/\/galerielecolibri.fr\/wp-content\/uploads\/2023\/12\/ODE-TO-JAPAN-768x997.jpeg 768w, https:\/\/galerielecolibri.fr\/wp-content\/uploads\/2023\/12\/ODE-TO-JAPAN-900x1168.jpeg 900w, https:\/\/galerielecolibri.fr\/wp-content\/uploads\/2023\/12\/ODE-TO-JAPAN-500x649.jpeg 500w, https:\/\/galerielecolibri.fr\/wp-content\/uploads\/2023\/12\/ODE-TO-JAPAN.jpeg 960w\" sizes=\"auto, (max-width: 789px) 100vw, 789px\" \/><figcaption class=\"wp-element-caption\">ODE TO JAPAN, 30\/40<\/figcaption><\/figure>\n<\/figure>\n\n\n\n<p>Unfolding #2: Cr\u00e9ation papier sur multiples niveaux, papier Japon, d\u00e9coupes, collages et gaufrage<\/p>\n\n\n\n<p>Harvest : Encrage par linogravure<\/p>\n\n\n\n<p>Ode to Japan : &nbsp;Encrage par linogravure, gaufrage<\/p>\n\n\n\n<figure class=\"wp-block-gallery has-nested-images columns-default is-cropped wp-block-gallery-2 is-layout-flex wp-block-gallery-is-layout-flex\">\n<figure class=\"wp-block-image size-large\"><img loading=\"lazy\" decoding=\"async\" width=\"773\" height=\"1024\" data-id=\"2299\" src=\"https:\/\/galerielecolibri.fr\/wp-content\/uploads\/2023\/12\/SHOOTING-STAR-912-773x1024.jpg\" alt=\"\" class=\"wp-image-2299\" srcset=\"https:\/\/galerielecolibri.fr\/wp-content\/uploads\/2023\/12\/SHOOTING-STAR-912-773x1024.jpg 773w, https:\/\/galerielecolibri.fr\/wp-content\/uploads\/2023\/12\/SHOOTING-STAR-912-227x300.jpg 227w, https:\/\/galerielecolibri.fr\/wp-content\/uploads\/2023\/12\/SHOOTING-STAR-912-768x1017.jpg 768w, https:\/\/galerielecolibri.fr\/wp-content\/uploads\/2023\/12\/SHOOTING-STAR-912-900x1192.jpg 900w, https:\/\/galerielecolibri.fr\/wp-content\/uploads\/2023\/12\/SHOOTING-STAR-912-500x662.jpg 500w, https:\/\/galerielecolibri.fr\/wp-content\/uploads\/2023\/12\/SHOOTING-STAR-912.jpg 960w\" sizes=\"auto, (max-width: 773px) 100vw, 773px\" \/><figcaption class=\"wp-element-caption\">SHOOTING STAR 5\/12, 21\/30<\/figcaption><\/figure>\n\n\n\n<figure class=\"wp-block-image size-large\"><img loading=\"lazy\" decoding=\"async\" width=\"1024\" height=\"967\" data-id=\"2313\" src=\"https:\/\/galerielecolibri.fr\/wp-content\/uploads\/2023\/12\/Capture-decran-2023-12-02-a-15.05.53-1-1024x967.png\" alt=\"\" class=\"wp-image-2313\" srcset=\"https:\/\/galerielecolibri.fr\/wp-content\/uploads\/2023\/12\/Capture-decran-2023-12-02-a-15.05.53-1-1024x967.png 1024w, https:\/\/galerielecolibri.fr\/wp-content\/uploads\/2023\/12\/Capture-decran-2023-12-02-a-15.05.53-1-300x283.png 300w, https:\/\/galerielecolibri.fr\/wp-content\/uploads\/2023\/12\/Capture-decran-2023-12-02-a-15.05.53-1-768x725.png 768w, https:\/\/galerielecolibri.fr\/wp-content\/uploads\/2023\/12\/Capture-decran-2023-12-02-a-15.05.53-1-900x850.png 900w, https:\/\/galerielecolibri.fr\/wp-content\/uploads\/2023\/12\/Capture-decran-2023-12-02-a-15.05.53-1-500x472.png 500w, https:\/\/galerielecolibri.fr\/wp-content\/uploads\/2023\/12\/Capture-decran-2023-12-02-a-15.05.53-1.png 1300w\" sizes=\"auto, (max-width: 1024px) 100vw, 1024px\" \/><figcaption class=\"wp-element-caption\">TWINKLE, 30\/40<\/figcaption><\/figure>\n\n\n\n<figure class=\"wp-block-image size-large\"><img loading=\"lazy\" decoding=\"async\" width=\"753\" height=\"1024\" data-id=\"2295\" src=\"https:\/\/galerielecolibri.fr\/wp-content\/uploads\/2023\/12\/SHOOTING-STAR-753x1024.jpeg\" alt=\"\" class=\"wp-image-2295\" srcset=\"https:\/\/galerielecolibri.fr\/wp-content\/uploads\/2023\/12\/SHOOTING-STAR-753x1024.jpeg 753w, https:\/\/galerielecolibri.fr\/wp-content\/uploads\/2023\/12\/SHOOTING-STAR-221x300.jpeg 221w, https:\/\/galerielecolibri.fr\/wp-content\/uploads\/2023\/12\/SHOOTING-STAR-768x1045.jpeg 768w, https:\/\/galerielecolibri.fr\/wp-content\/uploads\/2023\/12\/SHOOTING-STAR-900x1224.jpeg 900w, https:\/\/galerielecolibri.fr\/wp-content\/uploads\/2023\/12\/SHOOTING-STAR-500x680.jpeg 500w, https:\/\/galerielecolibri.fr\/wp-content\/uploads\/2023\/12\/SHOOTING-STAR.jpeg 941w\" sizes=\"auto, (max-width: 753px) 100vw, 753px\" \/><figcaption class=\"wp-element-caption\">SHOOTING STAR 50\/70<\/figcaption><\/figure>\n<\/figure>\n\n\n\n<p>Twinkle: Collage papier multiples niveaux, gaufrages<\/p>\n\n\n\n<p>Shooting star : Encrage par linogravure<\/p>\n\n\n\n<figure class=\"wp-block-gallery has-nested-images columns-default is-cropped wp-block-gallery-3 is-layout-flex wp-block-gallery-is-layout-flex\">\n<figure class=\"wp-block-image size-large\"><img loading=\"lazy\" decoding=\"async\" width=\"1024\" height=\"747\" data-id=\"2303\" src=\"https:\/\/galerielecolibri.fr\/wp-content\/uploads\/2023\/12\/THE-ENTRANCE-01-1024x747.jpeg\" alt=\"\" class=\"wp-image-2303\" srcset=\"https:\/\/galerielecolibri.fr\/wp-content\/uploads\/2023\/12\/THE-ENTRANCE-01-1024x747.jpeg 1024w, https:\/\/galerielecolibri.fr\/wp-content\/uploads\/2023\/12\/THE-ENTRANCE-01-300x219.jpeg 300w, https:\/\/galerielecolibri.fr\/wp-content\/uploads\/2023\/12\/THE-ENTRANCE-01-768x560.jpeg 768w, https:\/\/galerielecolibri.fr\/wp-content\/uploads\/2023\/12\/THE-ENTRANCE-01-900x657.jpeg 900w, https:\/\/galerielecolibri.fr\/wp-content\/uploads\/2023\/12\/THE-ENTRANCE-01-500x365.jpeg 500w, https:\/\/galerielecolibri.fr\/wp-content\/uploads\/2023\/12\/THE-ENTRANCE-01.jpeg 1280w\" sizes=\"auto, (max-width: 1024px) 100vw, 1024px\" \/><figcaption class=\"wp-element-caption\">THE ENTRANCE #01 70\/50<\/figcaption><\/figure>\n\n\n\n<figure class=\"wp-block-image size-large\"><img loading=\"lazy\" decoding=\"async\" width=\"1022\" height=\"1024\" data-id=\"2306\" src=\"https:\/\/galerielecolibri.fr\/wp-content\/uploads\/2023\/12\/Capture-decran-2023-12-02-a-15.02.14-1022x1024.png\" alt=\"\" class=\"wp-image-2306\" srcset=\"https:\/\/galerielecolibri.fr\/wp-content\/uploads\/2023\/12\/Capture-decran-2023-12-02-a-15.02.14-1022x1024.png 1022w, https:\/\/galerielecolibri.fr\/wp-content\/uploads\/2023\/12\/Capture-decran-2023-12-02-a-15.02.14-300x300.png 300w, https:\/\/galerielecolibri.fr\/wp-content\/uploads\/2023\/12\/Capture-decran-2023-12-02-a-15.02.14-150x150.png 150w, https:\/\/galerielecolibri.fr\/wp-content\/uploads\/2023\/12\/Capture-decran-2023-12-02-a-15.02.14-768x769.png 768w, https:\/\/galerielecolibri.fr\/wp-content\/uploads\/2023\/12\/Capture-decran-2023-12-02-a-15.02.14-900x901.png 900w, https:\/\/galerielecolibri.fr\/wp-content\/uploads\/2023\/12\/Capture-decran-2023-12-02-a-15.02.14-500x500.png 500w, https:\/\/galerielecolibri.fr\/wp-content\/uploads\/2023\/12\/Capture-decran-2023-12-02-a-15.02.14.png 1302w\" sizes=\"auto, (max-width: 1022px) 100vw, 1022px\" \/><figcaption class=\"wp-element-caption\">SHADE #01 50\/70<\/figcaption><\/figure>\n\n\n\n<figure class=\"wp-block-image size-large\"><img loading=\"lazy\" decoding=\"async\" width=\"735\" height=\"1024\" data-id=\"2296\" src=\"https:\/\/galerielecolibri.fr\/wp-content\/uploads\/2023\/12\/EVOLVE-01-735x1024.jpeg\" alt=\"\" class=\"wp-image-2296\" srcset=\"https:\/\/galerielecolibri.fr\/wp-content\/uploads\/2023\/12\/EVOLVE-01-735x1024.jpeg 735w, https:\/\/galerielecolibri.fr\/wp-content\/uploads\/2023\/12\/EVOLVE-01-215x300.jpeg 215w, https:\/\/galerielecolibri.fr\/wp-content\/uploads\/2023\/12\/EVOLVE-01-768x1070.jpeg 768w, https:\/\/galerielecolibri.fr\/wp-content\/uploads\/2023\/12\/EVOLVE-01-900x1254.jpeg 900w, https:\/\/galerielecolibri.fr\/wp-content\/uploads\/2023\/12\/EVOLVE-01-500x696.jpeg 500w, https:\/\/galerielecolibri.fr\/wp-content\/uploads\/2023\/12\/EVOLVE-01.jpeg 919w\" sizes=\"auto, (max-width: 735px) 100vw, 735px\" \/><figcaption class=\"wp-element-caption\">EVOLVE #01 50\/70<\/figcaption><\/figure>\n<\/figure>\n\n\n\n<p>The entrance, Shade, Evolve: Collage papier multiples niveaux, gaufrages<\/p>\n\n\n\n<figure class=\"wp-block-gallery has-nested-images columns-default is-cropped wp-block-gallery-4 is-layout-flex wp-block-gallery-is-layout-flex\">\n<figure class=\"wp-block-image size-large\"><img loading=\"lazy\" decoding=\"async\" width=\"738\" height=\"1024\" data-id=\"2355\" src=\"https:\/\/galerielecolibri.fr\/wp-content\/uploads\/2023\/12\/CONVERSATION1-738x1024.jpeg\" alt=\"\" class=\"wp-image-2355\" srcset=\"https:\/\/galerielecolibri.fr\/wp-content\/uploads\/2023\/12\/CONVERSATION1-738x1024.jpeg 738w, https:\/\/galerielecolibri.fr\/wp-content\/uploads\/2023\/12\/CONVERSATION1-216x300.jpeg 216w, https:\/\/galerielecolibri.fr\/wp-content\/uploads\/2023\/12\/CONVERSATION1-768x1066.jpeg 768w, https:\/\/galerielecolibri.fr\/wp-content\/uploads\/2023\/12\/CONVERSATION1-900x1249.jpeg 900w, https:\/\/galerielecolibri.fr\/wp-content\/uploads\/2023\/12\/CONVERSATION1-500x694.jpeg 500w, https:\/\/galerielecolibri.fr\/wp-content\/uploads\/2023\/12\/CONVERSATION1.jpeg 922w\" sizes=\"auto, (max-width: 738px) 100vw, 738px\" \/><figcaption class=\"wp-element-caption\">CONVERSATION #1 50\/70<\/figcaption><\/figure>\n\n\n\n<figure class=\"wp-block-image size-large\"><img loading=\"lazy\" decoding=\"async\" width=\"726\" height=\"1024\" data-id=\"2354\" src=\"https:\/\/galerielecolibri.fr\/wp-content\/uploads\/2023\/12\/CONVERSATION2-726x1024.jpeg\" alt=\"\" class=\"wp-image-2354\" srcset=\"https:\/\/galerielecolibri.fr\/wp-content\/uploads\/2023\/12\/CONVERSATION2-726x1024.jpeg 726w, https:\/\/galerielecolibri.fr\/wp-content\/uploads\/2023\/12\/CONVERSATION2-213x300.jpeg 213w, https:\/\/galerielecolibri.fr\/wp-content\/uploads\/2023\/12\/CONVERSATION2-768x1083.jpeg 768w, https:\/\/galerielecolibri.fr\/wp-content\/uploads\/2023\/12\/CONVERSATION2-900x1269.jpeg 900w, https:\/\/galerielecolibri.fr\/wp-content\/uploads\/2023\/12\/CONVERSATION2-500x705.jpeg 500w, https:\/\/galerielecolibri.fr\/wp-content\/uploads\/2023\/12\/CONVERSATION2.jpeg 908w\" sizes=\"auto, (max-width: 726px) 100vw, 726px\" \/><figcaption class=\"wp-element-caption\">CONVERSATION #2 50\/70<\/figcaption><\/figure>\n\n\n\n<figure class=\"wp-block-image size-large\"><img loading=\"lazy\" decoding=\"async\" width=\"735\" height=\"1024\" data-id=\"2353\" src=\"https:\/\/galerielecolibri.fr\/wp-content\/uploads\/2023\/12\/CONVERSATION3-735x1024.jpeg\" alt=\"\" class=\"wp-image-2353\" srcset=\"https:\/\/galerielecolibri.fr\/wp-content\/uploads\/2023\/12\/CONVERSATION3-735x1024.jpeg 735w, https:\/\/galerielecolibri.fr\/wp-content\/uploads\/2023\/12\/CONVERSATION3-215x300.jpeg 215w, https:\/\/galerielecolibri.fr\/wp-content\/uploads\/2023\/12\/CONVERSATION3-768x1070.jpeg 768w, https:\/\/galerielecolibri.fr\/wp-content\/uploads\/2023\/12\/CONVERSATION3-900x1254.jpeg 900w, https:\/\/galerielecolibri.fr\/wp-content\/uploads\/2023\/12\/CONVERSATION3-500x696.jpeg 500w, https:\/\/galerielecolibri.fr\/wp-content\/uploads\/2023\/12\/CONVERSATION3.jpeg 919w\" sizes=\"auto, (max-width: 735px) 100vw, 735px\" \/><figcaption class=\"wp-element-caption\">CONVERSATION #3 50\/70<\/figcaption><\/figure>\n<\/figure>\n\n\n\n<p>Conversations: Impressions d&rsquo;encre sur papier Japon, pliages et gaufrages<\/p>\n\n\n\n<figure class=\"wp-block-gallery has-nested-images columns-default is-cropped wp-block-gallery-5 is-layout-flex wp-block-gallery-is-layout-flex\">\n<figure class=\"wp-block-image size-large\"><img loading=\"lazy\" decoding=\"async\" width=\"773\" height=\"1024\" data-id=\"2293\" src=\"https:\/\/galerielecolibri.fr\/wp-content\/uploads\/2023\/12\/BLOCKS-a-773x1024.jpeg\" alt=\"\" class=\"wp-image-2293\" srcset=\"https:\/\/galerielecolibri.fr\/wp-content\/uploads\/2023\/12\/BLOCKS-a-773x1024.jpeg 773w, https:\/\/galerielecolibri.fr\/wp-content\/uploads\/2023\/12\/BLOCKS-a-226x300.jpeg 226w, https:\/\/galerielecolibri.fr\/wp-content\/uploads\/2023\/12\/BLOCKS-a-768x1018.jpeg 768w, https:\/\/galerielecolibri.fr\/wp-content\/uploads\/2023\/12\/BLOCKS-a-900x1193.jpeg 900w, https:\/\/galerielecolibri.fr\/wp-content\/uploads\/2023\/12\/BLOCKS-a-500x663.jpeg 500w, https:\/\/galerielecolibri.fr\/wp-content\/uploads\/2023\/12\/BLOCKS-a.jpeg 960w\" sizes=\"auto, (max-width: 773px) 100vw, 773px\" \/><figcaption class=\"wp-element-caption\">BLOCS 30\/40<\/figcaption><\/figure>\n\n\n\n<figure class=\"wp-block-image size-large\"><img loading=\"lazy\" decoding=\"async\" width=\"771\" height=\"1024\" data-id=\"2297\" src=\"https:\/\/galerielecolibri.fr\/wp-content\/uploads\/2023\/12\/BLOCKS-2022-771x1024.jpeg\" alt=\"\" class=\"wp-image-2297\" srcset=\"https:\/\/galerielecolibri.fr\/wp-content\/uploads\/2023\/12\/BLOCKS-2022-771x1024.jpeg 771w, https:\/\/galerielecolibri.fr\/wp-content\/uploads\/2023\/12\/BLOCKS-2022-226x300.jpeg 226w, https:\/\/galerielecolibri.fr\/wp-content\/uploads\/2023\/12\/BLOCKS-2022-768x1020.jpeg 768w, https:\/\/galerielecolibri.fr\/wp-content\/uploads\/2023\/12\/BLOCKS-2022-900x1195.jpeg 900w, https:\/\/galerielecolibri.fr\/wp-content\/uploads\/2023\/12\/BLOCKS-2022-500x664.jpeg 500w, https:\/\/galerielecolibri.fr\/wp-content\/uploads\/2023\/12\/BLOCKS-2022.jpeg 961w\" sizes=\"auto, (max-width: 771px) 100vw, 771px\" \/><figcaption class=\"wp-element-caption\">BLOCS E.A 30\/40<\/figcaption><\/figure>\n\n\n\n<figure class=\"wp-block-image size-large\"><img loading=\"lazy\" decoding=\"async\" width=\"782\" height=\"1024\" data-id=\"2294\" src=\"https:\/\/galerielecolibri.fr\/wp-content\/uploads\/2023\/12\/HORIZONS-782x1024.jpeg\" alt=\"\" class=\"wp-image-2294\" srcset=\"https:\/\/galerielecolibri.fr\/wp-content\/uploads\/2023\/12\/HORIZONS-782x1024.jpeg 782w, https:\/\/galerielecolibri.fr\/wp-content\/uploads\/2023\/12\/HORIZONS-229x300.jpeg 229w, https:\/\/galerielecolibri.fr\/wp-content\/uploads\/2023\/12\/HORIZONS-768x1006.jpeg 768w, https:\/\/galerielecolibri.fr\/wp-content\/uploads\/2023\/12\/HORIZONS-900x1179.jpeg 900w, https:\/\/galerielecolibri.fr\/wp-content\/uploads\/2023\/12\/HORIZONS-500x655.jpeg 500w, https:\/\/galerielecolibri.fr\/wp-content\/uploads\/2023\/12\/HORIZONS.jpeg 961w\" sizes=\"auto, (max-width: 782px) 100vw, 782px\" \/><figcaption class=\"wp-element-caption\">HORIZONS 2022 30\/40<\/figcaption><\/figure>\n<\/figure>\n\n\n\n<p>Blocs, Horizons: Collage papier multiples niveaux, gaufrages<\/p>\n\n\n\n<figure class=\"wp-block-gallery has-nested-images columns-default is-cropped wp-block-gallery-6 is-layout-flex wp-block-gallery-is-layout-flex\">\n<figure class=\"wp-block-image size-large\"><img loading=\"lazy\" decoding=\"async\" width=\"750\" height=\"1024\" data-id=\"2305\" src=\"https:\/\/galerielecolibri.fr\/wp-content\/uploads\/2023\/12\/UNFOLDING-01-1-750x1024.jpeg\" alt=\"\" class=\"wp-image-2305\" srcset=\"https:\/\/galerielecolibri.fr\/wp-content\/uploads\/2023\/12\/UNFOLDING-01-1-750x1024.jpeg 750w, https:\/\/galerielecolibri.fr\/wp-content\/uploads\/2023\/12\/UNFOLDING-01-1-220x300.jpeg 220w, https:\/\/galerielecolibri.fr\/wp-content\/uploads\/2023\/12\/UNFOLDING-01-1-768x1048.jpeg 768w, https:\/\/galerielecolibri.fr\/wp-content\/uploads\/2023\/12\/UNFOLDING-01-1-900x1228.jpeg 900w, https:\/\/galerielecolibri.fr\/wp-content\/uploads\/2023\/12\/UNFOLDING-01-1-500x682.jpeg 500w, https:\/\/galerielecolibri.fr\/wp-content\/uploads\/2023\/12\/UNFOLDING-01-1.jpeg 938w\" sizes=\"auto, (max-width: 750px) 100vw, 750px\" \/><figcaption class=\"wp-element-caption\">UNFOLDING #01 50\/70<\/figcaption><\/figure>\n<\/figure>\n\n\n\n<p>Unfolding #01 : Impressions d&rsquo;encre, papier Japon, d\u00e9coupes, pliages et gaufrage<\/p>\n","protected":false},"excerpt":{"rendered":"<p>Pernille Picherit&nbsp;est une artiste et designer danoise r\u00e9guli\u00e8rement pr\u00e9sent\u00e9e dans les revues internationales de design d\u2019int\u00e9rieur, pour ses tableaux mais aussi pour [&hellip;]<\/p>\n","protected":false},"author":1,"featured_media":0,"parent":0,"menu_order":0,"comment_status":"closed","ping_status":"closed","template":"","meta":{"footnotes":""},"class_list":{"0":"post-2225","1":"page","2":"type-page","3":"status-publish","5":"col-md-12"},"_links":{"self":[{"href":"https:\/\/galerielecolibri.fr\/index.php?rest_route=\/wp\/v2\/pages\/2225","targetHints":{"allow":["GET"]}}],"collection":[{"href":"https:\/\/galerielecolibri.fr\/index.php?rest_route=\/wp\/v2\/pages"}],"about":[{"href":"https:\/\/galerielecolibri.fr\/index.php?rest_route=\/wp\/v2\/types\/page"}],"author":[{"embeddable":true,"href":"https:\/\/galerielecolibri.fr\/index.php?rest_route=\/wp\/v2\/users\/1"}],"replies":[{"embeddable":true,"href":"https:\/\/galerielecolibri.fr\/index.php?rest_route=%2Fwp%2Fv2%2Fcomments&post=2225"}],"version-history":[{"count":9,"href":"https:\/\/galerielecolibri.fr\/index.php?rest_route=\/wp\/v2\/pages\/2225\/revisions"}],"predecessor-version":[{"id":3186,"href":"https:\/\/galerielecolibri.fr\/index.php?rest_route=\/wp\/v2\/pages\/2225\/revisions\/3186"}],"wp:attachment":[{"href":"https:\/\/galerielecolibri.fr\/index.php?rest_route=%2Fwp%2Fv2%2Fmedia&parent=2225"}],"curies":[{"name":"wp","href":"https:\/\/api.w.org\/{rel}","templated":true}]}}