{"id":260,"date":"2022-09-19T19:01:56","date_gmt":"2022-09-19T17:01:56","guid":{"rendered":"https:\/\/galerielecolibri.fr\/?page_id=260"},"modified":"2024-11-19T12:11:01","modified_gmt":"2024-11-19T11:11:01","slug":"emmanuel-tissandier","status":"publish","type":"page","link":"https:\/\/galerielecolibri.fr\/?page_id=260","title":{"rendered":"Emmanuel TISSANDIER"},"content":{"rendered":"<div class=\"wp-block-image\">\n<figure class=\"aligncenter size-large is-resized\"><img loading=\"lazy\" decoding=\"async\" width=\"769\" height=\"1024\" src=\"https:\/\/galerielecolibri.fr\/wp-content\/uploads\/2023\/04\/IMG_4309_Original_Original-769x1024.jpeg\" alt=\"\" class=\"wp-image-1405\" style=\"width:299px;height:399px\" srcset=\"https:\/\/galerielecolibri.fr\/wp-content\/uploads\/2023\/04\/IMG_4309_Original_Original-769x1024.jpeg 769w, https:\/\/galerielecolibri.fr\/wp-content\/uploads\/2023\/04\/IMG_4309_Original_Original-225x300.jpeg 225w, https:\/\/galerielecolibri.fr\/wp-content\/uploads\/2023\/04\/IMG_4309_Original_Original-768x1022.jpeg 768w, https:\/\/galerielecolibri.fr\/wp-content\/uploads\/2023\/04\/IMG_4309_Original_Original-1154x1536.jpeg 1154w, https:\/\/galerielecolibri.fr\/wp-content\/uploads\/2023\/04\/IMG_4309_Original_Original-900x1198.jpeg 900w, https:\/\/galerielecolibri.fr\/wp-content\/uploads\/2023\/04\/IMG_4309_Original_Original-500x665.jpeg 500w, https:\/\/galerielecolibri.fr\/wp-content\/uploads\/2023\/04\/IMG_4309_Original_Original.jpeg 1348w\" sizes=\"auto, (max-width: 769px) 100vw, 769px\" \/><\/figure>\n<\/div>\n\n\n<p>Emmanuel Tissandier est un artiste peintre habitant dans l&rsquo;Essonne. Apr\u00e8s avoir longtemps travaill\u00e9 la peinture \u00e0 l&rsquo;huile sur des oeuvres abstraites, il r\u00e9alise depuis 2016 des portraits f\u00e9minins \u00e0 l&rsquo;aquarelle et avec la technique de l&rsquo;encre \u00e0 l&rsquo;alcool, le plus souvent sur plexiglass. Ces visages \u00e9tonnent par l&rsquo;utilisation de couleurs vives en taches qui les rendent presque abstraits, mais leurs regards nous envoutent et nous laissent sous le charme. <\/p>\n\n\n\n<p>Apr\u00e8s avoir expos\u00e9 au Colibri pour l&rsquo;ouverture de la galerie, c&rsquo;est avec un immense plaisir que nous retrouvons ses oeuvres pour d\u00e9buter la saison 2023-2024. Apr\u00e8s l&rsquo;exposition, nous gardons des oeuvres en r\u00e9serve, et certaines sont disponibles en reproduction num\u00e9rique. N&rsquo;h\u00e9sitez pas \u00e0 venir nous voir. <\/p>\n\n\n\n<figure class=\"wp-block-gallery has-nested-images columns-default is-cropped wp-block-gallery-1 is-layout-flex wp-block-gallery-is-layout-flex\">\n<figure class=\"wp-block-image size-large\"><img loading=\"lazy\" decoding=\"async\" width=\"768\" height=\"1024\" data-id=\"1746\" src=\"https:\/\/galerielecolibri.fr\/wp-content\/uploads\/2023\/08\/WhatsApp-Image-2023-07-04-at-18.57.38-1-768x1024.jpeg\" alt=\"\" class=\"wp-image-1746\" srcset=\"https:\/\/galerielecolibri.fr\/wp-content\/uploads\/2023\/08\/WhatsApp-Image-2023-07-04-at-18.57.38-1-768x1024.jpeg 768w, https:\/\/galerielecolibri.fr\/wp-content\/uploads\/2023\/08\/WhatsApp-Image-2023-07-04-at-18.57.38-1-225x300.jpeg 225w, https:\/\/galerielecolibri.fr\/wp-content\/uploads\/2023\/08\/WhatsApp-Image-2023-07-04-at-18.57.38-1-1152x1536.jpeg 1152w, https:\/\/galerielecolibri.fr\/wp-content\/uploads\/2023\/08\/WhatsApp-Image-2023-07-04-at-18.57.38-1-900x1200.jpeg 900w, https:\/\/galerielecolibri.fr\/wp-content\/uploads\/2023\/08\/WhatsApp-Image-2023-07-04-at-18.57.38-1-500x667.jpeg 500w, https:\/\/galerielecolibri.fr\/wp-content\/uploads\/2023\/08\/WhatsApp-Image-2023-07-04-at-18.57.38-1.jpeg 1536w\" sizes=\"auto, (max-width: 768px) 100vw, 768px\" \/><figcaption class=\"wp-element-caption\">encre sur papier, 40\/50, encadr\u00e9 <\/figcaption><\/figure>\n\n\n\n<figure class=\"wp-block-image size-large\"><img loading=\"lazy\" decoding=\"async\" width=\"768\" height=\"1024\" data-id=\"1740\" src=\"https:\/\/galerielecolibri.fr\/wp-content\/uploads\/2023\/08\/IMG-4006-768x1024.jpg\" alt=\"\" class=\"wp-image-1740\" srcset=\"https:\/\/galerielecolibri.fr\/wp-content\/uploads\/2023\/08\/IMG-4006-768x1024.jpg 768w, https:\/\/galerielecolibri.fr\/wp-content\/uploads\/2023\/08\/IMG-4006-225x300.jpg 225w, https:\/\/galerielecolibri.fr\/wp-content\/uploads\/2023\/08\/IMG-4006-1152x1536.jpg 1152w, https:\/\/galerielecolibri.fr\/wp-content\/uploads\/2023\/08\/IMG-4006-1536x2048.jpg 1536w, https:\/\/galerielecolibri.fr\/wp-content\/uploads\/2023\/08\/IMG-4006-900x1200.jpg 900w, https:\/\/galerielecolibri.fr\/wp-content\/uploads\/2023\/08\/IMG-4006-500x667.jpg 500w, https:\/\/galerielecolibri.fr\/wp-content\/uploads\/2023\/08\/IMG-4006-scaled.jpg 1920w\" sizes=\"auto, (max-width: 768px) 100vw, 768px\" \/><figcaption class=\"wp-element-caption\">encre sur papier, 40\/50, vendu<\/figcaption><\/figure>\n\n\n\n<figure class=\"wp-block-image size-large\"><img loading=\"lazy\" decoding=\"async\" width=\"879\" height=\"1024\" data-id=\"1739\" src=\"https:\/\/galerielecolibri.fr\/wp-content\/uploads\/2023\/08\/WhatsApp-Image-2023-07-04-at-18.57.39-1-879x1024.jpeg\" alt=\"\" class=\"wp-image-1739\" srcset=\"https:\/\/galerielecolibri.fr\/wp-content\/uploads\/2023\/08\/WhatsApp-Image-2023-07-04-at-18.57.39-1-879x1024.jpeg 879w, https:\/\/galerielecolibri.fr\/wp-content\/uploads\/2023\/08\/WhatsApp-Image-2023-07-04-at-18.57.39-1-258x300.jpeg 258w, https:\/\/galerielecolibri.fr\/wp-content\/uploads\/2023\/08\/WhatsApp-Image-2023-07-04-at-18.57.39-1-768x895.jpeg 768w, https:\/\/galerielecolibri.fr\/wp-content\/uploads\/2023\/08\/WhatsApp-Image-2023-07-04-at-18.57.39-1-1319x1536.jpeg 1319w, https:\/\/galerielecolibri.fr\/wp-content\/uploads\/2023\/08\/WhatsApp-Image-2023-07-04-at-18.57.39-1-900x1048.jpeg 900w, https:\/\/galerielecolibri.fr\/wp-content\/uploads\/2023\/08\/WhatsApp-Image-2023-07-04-at-18.57.39-1-500x582.jpeg 500w, https:\/\/galerielecolibri.fr\/wp-content\/uploads\/2023\/08\/WhatsApp-Image-2023-07-04-at-18.57.39-1.jpeg 1758w\" sizes=\"auto, (max-width: 879px) 100vw, 879px\" \/><figcaption class=\"wp-element-caption\">encre sur papier, 40\/50, encadr\u00e9 <\/figcaption><\/figure>\n<\/figure>\n\n\n\n<figure class=\"wp-block-gallery has-nested-images columns-default is-cropped wp-block-gallery-2 is-layout-flex wp-block-gallery-is-layout-flex\">\n<figure class=\"wp-block-image size-large\"><img loading=\"lazy\" decoding=\"async\" width=\"1024\" height=\"1016\" data-id=\"1735\" src=\"https:\/\/galerielecolibri.fr\/wp-content\/uploads\/2023\/08\/numero13-Original-1024x1016.jpeg\" alt=\"\" class=\"wp-image-1735\" srcset=\"https:\/\/galerielecolibri.fr\/wp-content\/uploads\/2023\/08\/numero13-Original-1024x1016.jpeg 1024w, https:\/\/galerielecolibri.fr\/wp-content\/uploads\/2023\/08\/numero13-Original-300x298.jpeg 300w, https:\/\/galerielecolibri.fr\/wp-content\/uploads\/2023\/08\/numero13-Original-150x150.jpeg 150w, https:\/\/galerielecolibri.fr\/wp-content\/uploads\/2023\/08\/numero13-Original-768x762.jpeg 768w, https:\/\/galerielecolibri.fr\/wp-content\/uploads\/2023\/08\/numero13-Original-900x893.jpeg 900w, https:\/\/galerielecolibri.fr\/wp-content\/uploads\/2023\/08\/numero13-Original-500x496.jpeg 500w, https:\/\/galerielecolibri.fr\/wp-content\/uploads\/2023\/08\/numero13-Original.jpeg 1358w\" sizes=\"auto, (max-width: 1024px) 100vw, 1024px\" \/><figcaption class=\"wp-element-caption\">So you can hide, 100\/100, <br> encre sur plexi Vendu<\/figcaption><\/figure>\n\n\n\n<figure class=\"wp-block-image size-large\"><img loading=\"lazy\" decoding=\"async\" width=\"1024\" height=\"1024\" data-id=\"1736\" src=\"https:\/\/galerielecolibri.fr\/wp-content\/uploads\/2023\/08\/WhatsApp-Image-2022-11-05-at-15.03.50-1024x1024.jpg\" alt=\"\" class=\"wp-image-1736\" srcset=\"https:\/\/galerielecolibri.fr\/wp-content\/uploads\/2023\/08\/WhatsApp-Image-2022-11-05-at-15.03.50-1024x1024.jpg 1024w, https:\/\/galerielecolibri.fr\/wp-content\/uploads\/2023\/08\/WhatsApp-Image-2022-11-05-at-15.03.50-300x300.jpg 300w, https:\/\/galerielecolibri.fr\/wp-content\/uploads\/2023\/08\/WhatsApp-Image-2022-11-05-at-15.03.50-150x150.jpg 150w, https:\/\/galerielecolibri.fr\/wp-content\/uploads\/2023\/08\/WhatsApp-Image-2022-11-05-at-15.03.50-768x768.jpg 768w, https:\/\/galerielecolibri.fr\/wp-content\/uploads\/2023\/08\/WhatsApp-Image-2022-11-05-at-15.03.50-1536x1536.jpg 1536w, https:\/\/galerielecolibri.fr\/wp-content\/uploads\/2023\/08\/WhatsApp-Image-2022-11-05-at-15.03.50-900x900.jpg 900w, https:\/\/galerielecolibri.fr\/wp-content\/uploads\/2023\/08\/WhatsApp-Image-2022-11-05-at-15.03.50-500x500.jpg 500w, https:\/\/galerielecolibri.fr\/wp-content\/uploads\/2023\/08\/WhatsApp-Image-2022-11-05-at-15.03.50.jpg 1600w\" sizes=\"auto, (max-width: 1024px) 100vw, 1024px\" \/><figcaption class=\"wp-element-caption\">100\/100, encre sur plexi<\/figcaption><\/figure>\n\n\n\n<figure class=\"wp-block-image size-large\"><img loading=\"lazy\" decoding=\"async\" width=\"1024\" height=\"1017\" data-id=\"1737\" src=\"https:\/\/galerielecolibri.fr\/wp-content\/uploads\/2023\/08\/WhatsApp-Image-2022-11-05-at-15.17.54-1024x1017.jpg\" alt=\"\" class=\"wp-image-1737\" srcset=\"https:\/\/galerielecolibri.fr\/wp-content\/uploads\/2023\/08\/WhatsApp-Image-2022-11-05-at-15.17.54-1024x1017.jpg 1024w, https:\/\/galerielecolibri.fr\/wp-content\/uploads\/2023\/08\/WhatsApp-Image-2022-11-05-at-15.17.54-300x298.jpg 300w, https:\/\/galerielecolibri.fr\/wp-content\/uploads\/2023\/08\/WhatsApp-Image-2022-11-05-at-15.17.54-150x150.jpg 150w, https:\/\/galerielecolibri.fr\/wp-content\/uploads\/2023\/08\/WhatsApp-Image-2022-11-05-at-15.17.54-768x763.jpg 768w, https:\/\/galerielecolibri.fr\/wp-content\/uploads\/2023\/08\/WhatsApp-Image-2022-11-05-at-15.17.54-1536x1526.jpg 1536w, https:\/\/galerielecolibri.fr\/wp-content\/uploads\/2023\/08\/WhatsApp-Image-2022-11-05-at-15.17.54-900x894.jpg 900w, https:\/\/galerielecolibri.fr\/wp-content\/uploads\/2023\/08\/WhatsApp-Image-2022-11-05-at-15.17.54-500x497.jpg 500w, https:\/\/galerielecolibri.fr\/wp-content\/uploads\/2023\/08\/WhatsApp-Image-2022-11-05-at-15.17.54.jpg 2048w\" sizes=\"auto, (max-width: 1024px) 100vw, 1024px\" \/><figcaption class=\"wp-element-caption\">Summer attitude, 100\/100 <br> encre sur plexi<\/figcaption><\/figure>\n<\/figure>\n\n\n\n<figure class=\"wp-block-gallery has-nested-images columns-default is-cropped wp-block-gallery-3 is-layout-flex wp-block-gallery-is-layout-flex\">\n<figure class=\"wp-block-image size-full\"><img loading=\"lazy\" decoding=\"async\" width=\"768\" height=\"1024\" data-id=\"1743\" src=\"https:\/\/galerielecolibri.fr\/wp-content\/uploads\/2023\/08\/9b1c16f2-9188-4049-9fd1-cb001155e75c.jpg\" alt=\"\" class=\"wp-image-1743\" srcset=\"https:\/\/galerielecolibri.fr\/wp-content\/uploads\/2023\/08\/9b1c16f2-9188-4049-9fd1-cb001155e75c.jpg 768w, https:\/\/galerielecolibri.fr\/wp-content\/uploads\/2023\/08\/9b1c16f2-9188-4049-9fd1-cb001155e75c-225x300.jpg 225w, https:\/\/galerielecolibri.fr\/wp-content\/uploads\/2023\/08\/9b1c16f2-9188-4049-9fd1-cb001155e75c-500x667.jpg 500w\" sizes=\"auto, (max-width: 768px) 100vw, 768px\" \/><figcaption class=\"wp-element-caption\">encre sur papier, 40\/50, encadr\u00e9 <\/figcaption><\/figure>\n\n\n\n<figure class=\"wp-block-image size-large\"><img loading=\"lazy\" decoding=\"async\" width=\"768\" height=\"1024\" data-id=\"1742\" src=\"https:\/\/galerielecolibri.fr\/wp-content\/uploads\/2023\/08\/WhatsApp-Image-2023-07-04-at-18.57.41-768x1024.jpeg\" alt=\"\" class=\"wp-image-1742\" srcset=\"https:\/\/galerielecolibri.fr\/wp-content\/uploads\/2023\/08\/WhatsApp-Image-2023-07-04-at-18.57.41-768x1024.jpeg 768w, https:\/\/galerielecolibri.fr\/wp-content\/uploads\/2023\/08\/WhatsApp-Image-2023-07-04-at-18.57.41-225x300.jpeg 225w, https:\/\/galerielecolibri.fr\/wp-content\/uploads\/2023\/08\/WhatsApp-Image-2023-07-04-at-18.57.41-1152x1536.jpeg 1152w, https:\/\/galerielecolibri.fr\/wp-content\/uploads\/2023\/08\/WhatsApp-Image-2023-07-04-at-18.57.41-900x1200.jpeg 900w, https:\/\/galerielecolibri.fr\/wp-content\/uploads\/2023\/08\/WhatsApp-Image-2023-07-04-at-18.57.41-500x667.jpeg 500w, https:\/\/galerielecolibri.fr\/wp-content\/uploads\/2023\/08\/WhatsApp-Image-2023-07-04-at-18.57.41.jpeg 1536w\" sizes=\"auto, (max-width: 768px) 100vw, 768px\" \/><figcaption class=\"wp-element-caption\">encre sur papier, 40\/50, encadr\u00e9<\/figcaption><\/figure>\n\n\n\n<figure class=\"wp-block-image size-large\"><img loading=\"lazy\" decoding=\"async\" width=\"768\" height=\"1024\" data-id=\"1828\" src=\"https:\/\/galerielecolibri.fr\/wp-content\/uploads\/2023\/08\/WhatsApp-Image-2023-07-04-at-18.57.37-1-768x1024.jpeg\" alt=\"\" class=\"wp-image-1828\" srcset=\"https:\/\/galerielecolibri.fr\/wp-content\/uploads\/2023\/08\/WhatsApp-Image-2023-07-04-at-18.57.37-1-768x1024.jpeg 768w, https:\/\/galerielecolibri.fr\/wp-content\/uploads\/2023\/08\/WhatsApp-Image-2023-07-04-at-18.57.37-1-225x300.jpeg 225w, https:\/\/galerielecolibri.fr\/wp-content\/uploads\/2023\/08\/WhatsApp-Image-2023-07-04-at-18.57.37-1-1152x1536.jpeg 1152w, https:\/\/galerielecolibri.fr\/wp-content\/uploads\/2023\/08\/WhatsApp-Image-2023-07-04-at-18.57.37-1-900x1200.jpeg 900w, https:\/\/galerielecolibri.fr\/wp-content\/uploads\/2023\/08\/WhatsApp-Image-2023-07-04-at-18.57.37-1-500x667.jpeg 500w, https:\/\/galerielecolibri.fr\/wp-content\/uploads\/2023\/08\/WhatsApp-Image-2023-07-04-at-18.57.37-1.jpeg 1536w\" sizes=\"auto, (max-width: 768px) 100vw, 768px\" \/><figcaption class=\"wp-element-caption\">encre sur papier, 40\/50, Vendu<\/figcaption><\/figure>\n<\/figure>\n\n\n\n<figure class=\"wp-block-gallery has-nested-images columns-default is-cropped wp-block-gallery-4 is-layout-flex wp-block-gallery-is-layout-flex\">\n<figure class=\"wp-block-image size-full\"><img loading=\"lazy\" decoding=\"async\" width=\"230\" height=\"232\" data-id=\"271\" src=\"https:\/\/galerielecolibri.fr\/wp-content\/uploads\/2022\/09\/TISSANDIER_2-1.jpg\" alt=\"\" class=\"wp-image-271\" srcset=\"https:\/\/galerielecolibri.fr\/wp-content\/uploads\/2022\/09\/TISSANDIER_2-1.jpg 230w, https:\/\/galerielecolibri.fr\/wp-content\/uploads\/2022\/09\/TISSANDIER_2-1-150x150.jpg 150w\" sizes=\"auto, (max-width: 230px) 100vw, 230px\" \/><figcaption class=\"wp-element-caption\">Julie, encre sur plexiglass 50\/50<\/figcaption><\/figure>\n\n\n\n<figure class=\"wp-block-image size-large\"><img loading=\"lazy\" decoding=\"async\" width=\"975\" height=\"1024\" data-id=\"2431\" src=\"https:\/\/galerielecolibri.fr\/wp-content\/uploads\/2024\/01\/IMG-8573-1-975x1024.jpg\" alt=\"\" class=\"wp-image-2431\" srcset=\"https:\/\/galerielecolibri.fr\/wp-content\/uploads\/2024\/01\/IMG-8573-1-975x1024.jpg 975w, https:\/\/galerielecolibri.fr\/wp-content\/uploads\/2024\/01\/IMG-8573-1-286x300.jpg 286w, https:\/\/galerielecolibri.fr\/wp-content\/uploads\/2024\/01\/IMG-8573-1-768x806.jpg 768w, https:\/\/galerielecolibri.fr\/wp-content\/uploads\/2024\/01\/IMG-8573-1-900x945.jpg 900w, https:\/\/galerielecolibri.fr\/wp-content\/uploads\/2024\/01\/IMG-8573-1-500x525.jpg 500w, https:\/\/galerielecolibri.fr\/wp-content\/uploads\/2024\/01\/IMG-8573-1.jpg 1442w\" sizes=\"auto, (max-width: 975px) 100vw, 975px\" \/><figcaption class=\"wp-element-caption\">encre sur papier, 40\/50, vendu<\/figcaption><\/figure>\n\n\n\n<figure class=\"wp-block-image size-large\"><img loading=\"lazy\" decoding=\"async\" width=\"1024\" height=\"1013\" data-id=\"804\" src=\"https:\/\/galerielecolibri.fr\/wp-content\/uploads\/2022\/12\/image-3-1024x1013.png\" alt=\"\" class=\"wp-image-804\" srcset=\"https:\/\/galerielecolibri.fr\/wp-content\/uploads\/2022\/12\/image-3-1024x1013.png 1024w, https:\/\/galerielecolibri.fr\/wp-content\/uploads\/2022\/12\/image-3-300x297.png 300w, https:\/\/galerielecolibri.fr\/wp-content\/uploads\/2022\/12\/image-3-768x759.png 768w, https:\/\/galerielecolibri.fr\/wp-content\/uploads\/2022\/12\/image-3-900x890.png 900w, https:\/\/galerielecolibri.fr\/wp-content\/uploads\/2022\/12\/image-3-500x494.png 500w, https:\/\/galerielecolibri.fr\/wp-content\/uploads\/2022\/12\/image-3.png 1076w\" sizes=\"auto, (max-width: 1024px) 100vw, 1024px\" \/><figcaption class=\"wp-element-caption\">F\u00e9licit\u00e9, encre sur plexiglass 60\/80, vendu<\/figcaption><\/figure>\n<\/figure>\n\n\n\n<figure class=\"wp-block-gallery has-nested-images columns-default is-cropped wp-block-gallery-5 is-layout-flex wp-block-gallery-is-layout-flex\">\n<figure class=\"wp-block-image size-large\"><img loading=\"lazy\" decoding=\"async\" width=\"452\" height=\"440\" data-id=\"812\" src=\"https:\/\/galerielecolibri.fr\/wp-content\/uploads\/2022\/12\/image-7.png\" alt=\"\" class=\"wp-image-812\" srcset=\"https:\/\/galerielecolibri.fr\/wp-content\/uploads\/2022\/12\/image-7.png 452w, https:\/\/galerielecolibri.fr\/wp-content\/uploads\/2022\/12\/image-7-300x292.png 300w\" sizes=\"auto, (max-width: 452px) 100vw, 452px\" \/><figcaption class=\"wp-element-caption\">Aquarelle et acrylique 40\/50 vendu<\/figcaption><\/figure>\n\n\n\n<figure class=\"wp-block-image size-large\"><img loading=\"lazy\" decoding=\"async\" width=\"452\" height=\"460\" data-id=\"813\" src=\"https:\/\/galerielecolibri.fr\/wp-content\/uploads\/2022\/12\/image-8.png\" alt=\"\" class=\"wp-image-813\" srcset=\"https:\/\/galerielecolibri.fr\/wp-content\/uploads\/2022\/12\/image-8.png 452w, https:\/\/galerielecolibri.fr\/wp-content\/uploads\/2022\/12\/image-8-295x300.png 295w\" sizes=\"auto, (max-width: 452px) 100vw, 452px\" \/><figcaption class=\"wp-element-caption\">Trouble bleu, encre sur papier 40\/50<\/figcaption><\/figure>\n\n\n\n<figure class=\"wp-block-image size-large\"><img loading=\"lazy\" decoding=\"async\" width=\"768\" height=\"1024\" data-id=\"1744\" src=\"https:\/\/galerielecolibri.fr\/wp-content\/uploads\/2023\/08\/WhatsApp-Image-2023-07-04-at-18.57.36-768x1024.jpeg\" alt=\"\" class=\"wp-image-1744\" srcset=\"https:\/\/galerielecolibri.fr\/wp-content\/uploads\/2023\/08\/WhatsApp-Image-2023-07-04-at-18.57.36-768x1024.jpeg 768w, https:\/\/galerielecolibri.fr\/wp-content\/uploads\/2023\/08\/WhatsApp-Image-2023-07-04-at-18.57.36-225x300.jpeg 225w, https:\/\/galerielecolibri.fr\/wp-content\/uploads\/2023\/08\/WhatsApp-Image-2023-07-04-at-18.57.36-1152x1536.jpeg 1152w, https:\/\/galerielecolibri.fr\/wp-content\/uploads\/2023\/08\/WhatsApp-Image-2023-07-04-at-18.57.36-900x1200.jpeg 900w, https:\/\/galerielecolibri.fr\/wp-content\/uploads\/2023\/08\/WhatsApp-Image-2023-07-04-at-18.57.36-500x667.jpeg 500w, https:\/\/galerielecolibri.fr\/wp-content\/uploads\/2023\/08\/WhatsApp-Image-2023-07-04-at-18.57.36.jpeg 1536w\" sizes=\"auto, (max-width: 768px) 100vw, 768px\" \/><figcaption class=\"wp-element-caption\">Aquarelle, 40\/50<\/figcaption><\/figure>\n<\/figure>\n\n\n\n<figure class=\"wp-block-gallery has-nested-images columns-default is-cropped wp-block-gallery-6 is-layout-flex wp-block-gallery-is-layout-flex\">\n<figure class=\"wp-block-image size-large\"><img loading=\"lazy\" decoding=\"async\" width=\"470\" height=\"464\" data-id=\"814\" src=\"https:\/\/galerielecolibri.fr\/wp-content\/uploads\/2022\/12\/image-9.png\" alt=\"\" class=\"wp-image-814\" srcset=\"https:\/\/galerielecolibri.fr\/wp-content\/uploads\/2022\/12\/image-9.png 470w, https:\/\/galerielecolibri.fr\/wp-content\/uploads\/2022\/12\/image-9-300x296.png 300w\" sizes=\"auto, (max-width: 470px) 100vw, 470px\" \/><figcaption class=\"wp-element-caption\">Huile sur toile 80\/80<\/figcaption><\/figure>\n\n\n\n<figure class=\"wp-block-image size-large\"><img loading=\"lazy\" decoding=\"async\" width=\"486\" height=\"480\" data-id=\"815\" src=\"https:\/\/galerielecolibri.fr\/wp-content\/uploads\/2022\/12\/image-10.png\" alt=\"\" class=\"wp-image-815\" srcset=\"https:\/\/galerielecolibri.fr\/wp-content\/uploads\/2022\/12\/image-10.png 486w, https:\/\/galerielecolibri.fr\/wp-content\/uploads\/2022\/12\/image-10-300x296.png 300w\" sizes=\"auto, (max-width: 486px) 100vw, 486px\" \/><figcaption class=\"wp-element-caption\">Huile sur toile 80\/80<\/figcaption><\/figure>\n<\/figure>\n\n\n\n<figure class=\"wp-block-gallery has-nested-images columns-default is-cropped wp-block-gallery-7 is-layout-flex wp-block-gallery-is-layout-flex\">\n<figure class=\"wp-block-image size-large\"><img loading=\"lazy\" decoding=\"async\" width=\"448\" height=\"448\" data-id=\"811\" src=\"https:\/\/galerielecolibri.fr\/wp-content\/uploads\/2022\/12\/image-6.png\" alt=\"\" class=\"wp-image-811\" srcset=\"https:\/\/galerielecolibri.fr\/wp-content\/uploads\/2022\/12\/image-6.png 448w, https:\/\/galerielecolibri.fr\/wp-content\/uploads\/2022\/12\/image-6-300x300.png 300w, https:\/\/galerielecolibri.fr\/wp-content\/uploads\/2022\/12\/image-6-150x150.png 150w\" sizes=\"auto, (max-width: 448px) 100vw, 448px\" \/><figcaption class=\"wp-element-caption\">Encre sur plexi, 100\/100, vendu<\/figcaption><\/figure>\n\n\n\n<figure class=\"wp-block-image size-large\"><img loading=\"lazy\" decoding=\"async\" width=\"1011\" height=\"1024\" data-id=\"807\" src=\"https:\/\/galerielecolibri.fr\/wp-content\/uploads\/2022\/12\/image-4-1011x1024.png\" alt=\"\" class=\"wp-image-807\" srcset=\"https:\/\/galerielecolibri.fr\/wp-content\/uploads\/2022\/12\/image-4-1011x1024.png 1011w, https:\/\/galerielecolibri.fr\/wp-content\/uploads\/2022\/12\/image-4-296x300.png 296w, https:\/\/galerielecolibri.fr\/wp-content\/uploads\/2022\/12\/image-4-768x778.png 768w, https:\/\/galerielecolibri.fr\/wp-content\/uploads\/2022\/12\/image-4-900x912.png 900w, https:\/\/galerielecolibri.fr\/wp-content\/uploads\/2022\/12\/image-4-500x507.png 500w, https:\/\/galerielecolibri.fr\/wp-content\/uploads\/2022\/12\/image-4.png 1062w\" sizes=\"auto, (max-width: 1011px) 100vw, 1011px\" \/><figcaption class=\"wp-element-caption\">Encre sur plexi, 100\/100, vendu<\/figcaption><\/figure>\n\n\n\n<figure class=\"wp-block-image size-large\"><img loading=\"lazy\" decoding=\"async\" width=\"829\" height=\"1024\" data-id=\"877\" src=\"https:\/\/galerielecolibri.fr\/wp-content\/uploads\/2022\/12\/IMG-3392-829x1024.jpg\" alt=\"\" class=\"wp-image-877\" srcset=\"https:\/\/galerielecolibri.fr\/wp-content\/uploads\/2022\/12\/IMG-3392-829x1024.jpg 829w, https:\/\/galerielecolibri.fr\/wp-content\/uploads\/2022\/12\/IMG-3392-243x300.jpg 243w, https:\/\/galerielecolibri.fr\/wp-content\/uploads\/2022\/12\/IMG-3392-768x949.jpg 768w, https:\/\/galerielecolibri.fr\/wp-content\/uploads\/2022\/12\/IMG-3392-1243x1536.jpg 1243w, https:\/\/galerielecolibri.fr\/wp-content\/uploads\/2022\/12\/IMG-3392-1657x2048.jpg 1657w, https:\/\/galerielecolibri.fr\/wp-content\/uploads\/2022\/12\/IMG-3392-900x1112.jpg 900w, https:\/\/galerielecolibri.fr\/wp-content\/uploads\/2022\/12\/IMG-3392-500x618.jpg 500w\" sizes=\"auto, (max-width: 829px) 100vw, 829px\" \/><figcaption class=\"wp-element-caption\">Encre sur plexi, 100\/100, vendu<\/figcaption><\/figure>\n<\/figure>\n\n\n\n<figure class=\"wp-block-gallery has-nested-images columns-default is-cropped wp-block-gallery-8 is-layout-flex wp-block-gallery-is-layout-flex\">\n<figure class=\"wp-block-image size-large\"><img loading=\"lazy\" decoding=\"async\" width=\"1024\" height=\"1024\" data-id=\"1734\" src=\"https:\/\/galerielecolibri.fr\/wp-content\/uploads\/2023\/08\/WhatsApp-Image-2022-12-22-at-18.53.17-1024x1024.jpg\" alt=\"\" class=\"wp-image-1734\" srcset=\"https:\/\/galerielecolibri.fr\/wp-content\/uploads\/2023\/08\/WhatsApp-Image-2022-12-22-at-18.53.17-1024x1024.jpg 1024w, https:\/\/galerielecolibri.fr\/wp-content\/uploads\/2023\/08\/WhatsApp-Image-2022-12-22-at-18.53.17-300x300.jpg 300w, https:\/\/galerielecolibri.fr\/wp-content\/uploads\/2023\/08\/WhatsApp-Image-2022-12-22-at-18.53.17-150x150.jpg 150w, https:\/\/galerielecolibri.fr\/wp-content\/uploads\/2023\/08\/WhatsApp-Image-2022-12-22-at-18.53.17-768x768.jpg 768w, https:\/\/galerielecolibri.fr\/wp-content\/uploads\/2023\/08\/WhatsApp-Image-2022-12-22-at-18.53.17-900x900.jpg 900w, https:\/\/galerielecolibri.fr\/wp-content\/uploads\/2023\/08\/WhatsApp-Image-2022-12-22-at-18.53.17-500x500.jpg 500w, https:\/\/galerielecolibri.fr\/wp-content\/uploads\/2023\/08\/WhatsApp-Image-2022-12-22-at-18.53.17.jpg 1440w\" sizes=\"auto, (max-width: 1024px) 100vw, 1024px\" \/><figcaption class=\"wp-element-caption\">Encre sur plexi 50\/50, vendu<\/figcaption><\/figure>\n\n\n\n<figure class=\"wp-block-image size-large\"><img loading=\"lazy\" decoding=\"async\" width=\"1024\" height=\"1024\" data-id=\"1733\" src=\"https:\/\/galerielecolibri.fr\/wp-content\/uploads\/2023\/08\/WhatsApp-Image-2022-12-14-at-17.28.04-1024x1024.jpeg\" alt=\"\" class=\"wp-image-1733\" srcset=\"https:\/\/galerielecolibri.fr\/wp-content\/uploads\/2023\/08\/WhatsApp-Image-2022-12-14-at-17.28.04-1024x1024.jpeg 1024w, https:\/\/galerielecolibri.fr\/wp-content\/uploads\/2023\/08\/WhatsApp-Image-2022-12-14-at-17.28.04-300x300.jpeg 300w, https:\/\/galerielecolibri.fr\/wp-content\/uploads\/2023\/08\/WhatsApp-Image-2022-12-14-at-17.28.04-150x150.jpeg 150w, https:\/\/galerielecolibri.fr\/wp-content\/uploads\/2023\/08\/WhatsApp-Image-2022-12-14-at-17.28.04-768x768.jpeg 768w, https:\/\/galerielecolibri.fr\/wp-content\/uploads\/2023\/08\/WhatsApp-Image-2022-12-14-at-17.28.04-1536x1536.jpeg 1536w, https:\/\/galerielecolibri.fr\/wp-content\/uploads\/2023\/08\/WhatsApp-Image-2022-12-14-at-17.28.04-900x900.jpeg 900w, https:\/\/galerielecolibri.fr\/wp-content\/uploads\/2023\/08\/WhatsApp-Image-2022-12-14-at-17.28.04-500x500.jpeg 500w, https:\/\/galerielecolibri.fr\/wp-content\/uploads\/2023\/08\/WhatsApp-Image-2022-12-14-at-17.28.04.jpeg 1600w\" sizes=\"auto, (max-width: 1024px) 100vw, 1024px\" \/><figcaption class=\"wp-element-caption\">Encre sur plexi 50\/50, vendu<\/figcaption><\/figure>\n<\/figure>\n","protected":false},"excerpt":{"rendered":"<p>Emmanuel Tissandier est un artiste peintre habitant dans l&rsquo;Essonne. Apr\u00e8s avoir longtemps travaill\u00e9 la peinture \u00e0 l&rsquo;huile sur des oeuvres abstraites, il [&hellip;]<\/p>\n","protected":false},"author":1,"featured_media":0,"parent":0,"menu_order":0,"comment_status":"closed","ping_status":"closed","template":"","meta":{"footnotes":""},"class_list":{"0":"post-260","1":"page","2":"type-page","3":"status-publish","5":"col-md-12"},"_links":{"self":[{"href":"https:\/\/galerielecolibri.fr\/index.php?rest_route=\/wp\/v2\/pages\/260","targetHints":{"allow":["GET"]}}],"collection":[{"href":"https:\/\/galerielecolibri.fr\/index.php?rest_route=\/wp\/v2\/pages"}],"about":[{"href":"https:\/\/galerielecolibri.fr\/index.php?rest_route=\/wp\/v2\/types\/page"}],"author":[{"embeddable":true,"href":"https:\/\/galerielecolibri.fr\/index.php?rest_route=\/wp\/v2\/users\/1"}],"replies":[{"embeddable":true,"href":"https:\/\/galerielecolibri.fr\/index.php?rest_route=%2Fwp%2Fv2%2Fcomments&post=260"}],"version-history":[{"count":38,"href":"https:\/\/galerielecolibri.fr\/index.php?rest_route=\/wp\/v2\/pages\/260\/revisions"}],"predecessor-version":[{"id":3196,"href":"https:\/\/galerielecolibri.fr\/index.php?rest_route=\/wp\/v2\/pages\/260\/revisions\/3196"}],"wp:attachment":[{"href":"https:\/\/galerielecolibri.fr\/index.php?rest_route=%2Fwp%2Fv2%2Fmedia&parent=260"}],"curies":[{"name":"wp","href":"https:\/\/api.w.org\/{rel}","templated":true}]}}