{"id":278,"date":"2022-09-27T21:48:38","date_gmt":"2022-09-27T19:48:38","guid":{"rendered":"https:\/\/galerielecolibri.fr\/?page_id=278"},"modified":"2023-09-06T18:32:32","modified_gmt":"2023-09-06T16:32:32","slug":"martine-camors","status":"publish","type":"page","link":"https:\/\/galerielecolibri.fr\/?page_id=278","title":{"rendered":"Martine CAMORS, artiste en r\u00e9sidence \u00e0 la galerie."},"content":{"rendered":"<div class=\"wp-block-image\">\n<figure class=\"aligncenter size-large is-resized\"><img loading=\"lazy\" decoding=\"async\" src=\"https:\/\/galerielecolibri.fr\/wp-content\/uploads\/2023\/04\/008-772x1024.jpg\" alt=\"\" class=\"wp-image-1408\" style=\"width:277px;height:368px\" width=\"277\" height=\"368\" srcset=\"https:\/\/galerielecolibri.fr\/wp-content\/uploads\/2023\/04\/008-772x1024.jpg 772w, https:\/\/galerielecolibri.fr\/wp-content\/uploads\/2023\/04\/008-226x300.jpg 226w, https:\/\/galerielecolibri.fr\/wp-content\/uploads\/2023\/04\/008-768x1019.jpg 768w, https:\/\/galerielecolibri.fr\/wp-content\/uploads\/2023\/04\/008-1158x1536.jpg 1158w, https:\/\/galerielecolibri.fr\/wp-content\/uploads\/2023\/04\/008-1544x2048.jpg 1544w, https:\/\/galerielecolibri.fr\/wp-content\/uploads\/2023\/04\/008-900x1194.jpg 900w, https:\/\/galerielecolibri.fr\/wp-content\/uploads\/2023\/04\/008-500x663.jpg 500w, https:\/\/galerielecolibri.fr\/wp-content\/uploads\/2023\/04\/008.jpg 1646w\" sizes=\"auto, (max-width: 277px) 100vw, 277px\" \/><\/figure>\n<\/div>\n\n\n<p>Martine Camors a rencontr\u00e9 la terre tr\u00e8s t\u00f4t. Elle s\u2019est form\u00e9e aupr\u00e8s de diff\u00e9rents sculpteurs, et a travaill\u00e9 longtemps le modelage et la sculpture. Au fil des ann\u00e9es son style s\u2019est \u00e9pur\u00e9 jusqu\u2019\u00e0 vouloir tailler directement dans la pierre pour aller&nbsp;\u00e0 l\u2019essentiel.<\/p>\n\n\n\n<p>Par ailleurs, le travail de la terre ne la quitte pas. L\u00e0, elle peut se perdre, se permettre des surprises gr\u00e2ce \u00e0 des techniques diff\u00e9rentes comme l\u2019enfumage, le raku, les cuissons primitives.&nbsp;<\/p>\n\n\n\n<p>Vous pourrez d\u00e9couvrir \u00e0 la galerie ses sculptures, parfois \u00e9poustouflantes de puret\u00e9 pour les bronzes, et parfois \u00e9mouvantes et inspirantes dans son travail de la terre.<\/p>\n\n\n\n<p><\/p>\n\n\n\n<figure class=\"wp-block-gallery has-nested-images columns-default is-cropped wp-block-gallery-1 is-layout-flex wp-block-gallery-is-layout-flex\">\n<figure class=\"wp-block-image size-large\"><img loading=\"lazy\" decoding=\"async\" width=\"578\" height=\"808\" data-id=\"279\" src=\"https:\/\/galerielecolibri.fr\/wp-content\/uploads\/2022\/09\/Image-14-09-2022-a-15.09.jpg\" alt=\"\" class=\"wp-image-279\" srcset=\"https:\/\/galerielecolibri.fr\/wp-content\/uploads\/2022\/09\/Image-14-09-2022-a-15.09.jpg 578w, https:\/\/galerielecolibri.fr\/wp-content\/uploads\/2022\/09\/Image-14-09-2022-a-15.09-215x300.jpg 215w, https:\/\/galerielecolibri.fr\/wp-content\/uploads\/2022\/09\/Image-14-09-2022-a-15.09-500x699.jpg 500w\" sizes=\"auto, (max-width: 578px) 100vw, 578px\" \/><figcaption class=\"wp-element-caption\">Nudit\u00e9, bronze num\u00e9rot\u00e9, original en marbre<\/figcaption><\/figure>\n\n\n\n<figure class=\"wp-block-image size-large\"><img loading=\"lazy\" decoding=\"async\" width=\"754\" height=\"1024\" data-id=\"772\" src=\"https:\/\/galerielecolibri.fr\/wp-content\/uploads\/2022\/12\/IMG_4113-754x1024.jpeg\" alt=\"\" class=\"wp-image-772\" srcset=\"https:\/\/galerielecolibri.fr\/wp-content\/uploads\/2022\/12\/IMG_4113-754x1024.jpeg 754w, https:\/\/galerielecolibri.fr\/wp-content\/uploads\/2022\/12\/IMG_4113-221x300.jpeg 221w, https:\/\/galerielecolibri.fr\/wp-content\/uploads\/2022\/12\/IMG_4113-768x1043.jpeg 768w, https:\/\/galerielecolibri.fr\/wp-content\/uploads\/2022\/12\/IMG_4113-1131x1536.jpeg 1131w, https:\/\/galerielecolibri.fr\/wp-content\/uploads\/2022\/12\/IMG_4113-1508x2048.jpeg 1508w, https:\/\/galerielecolibri.fr\/wp-content\/uploads\/2022\/12\/IMG_4113-900x1223.jpeg 900w, https:\/\/galerielecolibri.fr\/wp-content\/uploads\/2022\/12\/IMG_4113-500x679.jpeg 500w, https:\/\/galerielecolibri.fr\/wp-content\/uploads\/2022\/12\/IMG_4113-scaled.jpeg 1885w\" sizes=\"auto, (max-width: 754px) 100vw, 754px\" \/><figcaption class=\"wp-element-caption\">T\u00eate d&rsquo;homme, bronze num\u00e9rot\u00e9, original en marbre<\/figcaption><\/figure>\n\n\n\n<figure class=\"wp-block-image size-full\"><img loading=\"lazy\" decoding=\"async\" width=\"594\" height=\"850\" data-id=\"942\" src=\"https:\/\/galerielecolibri.fr\/wp-content\/uploads\/2022\/12\/Filomena_bd.jpg\" alt=\"\" class=\"wp-image-942\" srcset=\"https:\/\/galerielecolibri.fr\/wp-content\/uploads\/2022\/12\/Filomena_bd.jpg 594w, https:\/\/galerielecolibri.fr\/wp-content\/uploads\/2022\/12\/Filomena_bd-210x300.jpg 210w, https:\/\/galerielecolibri.fr\/wp-content\/uploads\/2022\/12\/Filomena_bd-500x715.jpg 500w\" sizes=\"auto, (max-width: 594px) 100vw, 594px\" \/><figcaption class=\"wp-element-caption\">Filomena, bronze num\u00e9rot\u00e9, original en pierre<\/figcaption><\/figure>\n<\/figure>\n\n\n\n<figure class=\"wp-block-gallery has-nested-images columns-default is-cropped wp-block-gallery-2 is-layout-flex wp-block-gallery-is-layout-flex\">\n<figure class=\"wp-block-image size-large\"><img loading=\"lazy\" decoding=\"async\" width=\"687\" height=\"1024\" data-id=\"1838\" src=\"https:\/\/galerielecolibri.fr\/wp-content\/uploads\/2023\/09\/IMG-8600-687x1024.jpg\" alt=\"\" class=\"wp-image-1838\" srcset=\"https:\/\/galerielecolibri.fr\/wp-content\/uploads\/2023\/09\/IMG-8600-687x1024.jpg 687w, https:\/\/galerielecolibri.fr\/wp-content\/uploads\/2023\/09\/IMG-8600-201x300.jpg 201w, https:\/\/galerielecolibri.fr\/wp-content\/uploads\/2023\/09\/IMG-8600-768x1145.jpg 768w, https:\/\/galerielecolibri.fr\/wp-content\/uploads\/2023\/09\/IMG-8600-1030x1536.jpg 1030w, https:\/\/galerielecolibri.fr\/wp-content\/uploads\/2023\/09\/IMG-8600-1374x2048.jpg 1374w, https:\/\/galerielecolibri.fr\/wp-content\/uploads\/2023\/09\/IMG-8600-900x1342.jpg 900w, https:\/\/galerielecolibri.fr\/wp-content\/uploads\/2023\/09\/IMG-8600-500x745.jpg 500w, https:\/\/galerielecolibri.fr\/wp-content\/uploads\/2023\/09\/IMG-8600-scaled.jpg 1717w\" sizes=\"auto, (max-width: 687px) 100vw, 687px\" \/><\/figure>\n\n\n\n<figure class=\"wp-block-image size-large\"><img loading=\"lazy\" decoding=\"async\" width=\"679\" height=\"1024\" data-id=\"1839\" src=\"https:\/\/galerielecolibri.fr\/wp-content\/uploads\/2023\/09\/IMG-8602-679x1024.jpg\" alt=\"\" class=\"wp-image-1839\" srcset=\"https:\/\/galerielecolibri.fr\/wp-content\/uploads\/2023\/09\/IMG-8602-679x1024.jpg 679w, https:\/\/galerielecolibri.fr\/wp-content\/uploads\/2023\/09\/IMG-8602-199x300.jpg 199w, https:\/\/galerielecolibri.fr\/wp-content\/uploads\/2023\/09\/IMG-8602-768x1158.jpg 768w, https:\/\/galerielecolibri.fr\/wp-content\/uploads\/2023\/09\/IMG-8602-1018x1536.jpg 1018w, https:\/\/galerielecolibri.fr\/wp-content\/uploads\/2023\/09\/IMG-8602-1358x2048.jpg 1358w, https:\/\/galerielecolibri.fr\/wp-content\/uploads\/2023\/09\/IMG-8602-900x1358.jpg 900w, https:\/\/galerielecolibri.fr\/wp-content\/uploads\/2023\/09\/IMG-8602-500x754.jpg 500w, https:\/\/galerielecolibri.fr\/wp-content\/uploads\/2023\/09\/IMG-8602-scaled.jpg 1697w\" sizes=\"auto, (max-width: 679px) 100vw, 679px\" \/><figcaption class=\"wp-element-caption\">Neuf mois, bronze, original en terre<\/figcaption><\/figure>\n\n\n\n<figure class=\"wp-block-image size-large\"><img loading=\"lazy\" decoding=\"async\" width=\"696\" height=\"1024\" data-id=\"1840\" src=\"https:\/\/galerielecolibri.fr\/wp-content\/uploads\/2023\/09\/IMG-8604-696x1024.jpg\" alt=\"\" class=\"wp-image-1840\" srcset=\"https:\/\/galerielecolibri.fr\/wp-content\/uploads\/2023\/09\/IMG-8604-696x1024.jpg 696w, https:\/\/galerielecolibri.fr\/wp-content\/uploads\/2023\/09\/IMG-8604-204x300.jpg 204w, https:\/\/galerielecolibri.fr\/wp-content\/uploads\/2023\/09\/IMG-8604-768x1130.jpg 768w, https:\/\/galerielecolibri.fr\/wp-content\/uploads\/2023\/09\/IMG-8604-1044x1536.jpg 1044w, https:\/\/galerielecolibri.fr\/wp-content\/uploads\/2023\/09\/IMG-8604-1392x2048.jpg 1392w, https:\/\/galerielecolibri.fr\/wp-content\/uploads\/2023\/09\/IMG-8604-900x1324.jpg 900w, https:\/\/galerielecolibri.fr\/wp-content\/uploads\/2023\/09\/IMG-8604-500x735.jpg 500w, https:\/\/galerielecolibri.fr\/wp-content\/uploads\/2023\/09\/IMG-8604-scaled.jpg 1740w\" sizes=\"auto, (max-width: 696px) 100vw, 696px\" \/><\/figure>\n<\/figure>\n\n\n\n<figure class=\"wp-block-gallery has-nested-images columns-default is-cropped wp-block-gallery-3 is-layout-flex wp-block-gallery-is-layout-flex\">\n<figure class=\"wp-block-image size-large\"><img loading=\"lazy\" decoding=\"async\" width=\"768\" height=\"1024\" data-id=\"1842\" src=\"https:\/\/galerielecolibri.fr\/wp-content\/uploads\/2023\/09\/IMG_4110-2-768x1024.jpg\" alt=\"\" class=\"wp-image-1842\" srcset=\"https:\/\/galerielecolibri.fr\/wp-content\/uploads\/2023\/09\/IMG_4110-2-768x1024.jpg 768w, https:\/\/galerielecolibri.fr\/wp-content\/uploads\/2023\/09\/IMG_4110-2-225x300.jpg 225w, https:\/\/galerielecolibri.fr\/wp-content\/uploads\/2023\/09\/IMG_4110-2-1152x1536.jpg 1152w, https:\/\/galerielecolibri.fr\/wp-content\/uploads\/2023\/09\/IMG_4110-2-1536x2048.jpg 1536w, https:\/\/galerielecolibri.fr\/wp-content\/uploads\/2023\/09\/IMG_4110-2-900x1200.jpg 900w, https:\/\/galerielecolibri.fr\/wp-content\/uploads\/2023\/09\/IMG_4110-2-500x667.jpg 500w, https:\/\/galerielecolibri.fr\/wp-content\/uploads\/2023\/09\/IMG_4110-2-scaled.jpg 1920w\" sizes=\"auto, (max-width: 768px) 100vw, 768px\" \/><figcaption class=\"wp-element-caption\">Regard vers, bronze num\u00e9rot\u00e9, original en marbre <\/figcaption><\/figure>\n\n\n\n<figure class=\"wp-block-image size-large\"><img loading=\"lazy\" decoding=\"async\" width=\"845\" height=\"1024\" data-id=\"1445\" src=\"https:\/\/galerielecolibri.fr\/wp-content\/uploads\/2023\/04\/IMG-6350-845x1024.jpg\" alt=\"\" class=\"wp-image-1445\" srcset=\"https:\/\/galerielecolibri.fr\/wp-content\/uploads\/2023\/04\/IMG-6350-845x1024.jpg 845w, https:\/\/galerielecolibri.fr\/wp-content\/uploads\/2023\/04\/IMG-6350-248x300.jpg 248w, https:\/\/galerielecolibri.fr\/wp-content\/uploads\/2023\/04\/IMG-6350-768x931.jpg 768w, https:\/\/galerielecolibri.fr\/wp-content\/uploads\/2023\/04\/IMG-6350-1268x1536.jpg 1268w, https:\/\/galerielecolibri.fr\/wp-content\/uploads\/2023\/04\/IMG-6350-1690x2048.jpg 1690w, https:\/\/galerielecolibri.fr\/wp-content\/uploads\/2023\/04\/IMG-6350-900x1091.jpg 900w, https:\/\/galerielecolibri.fr\/wp-content\/uploads\/2023\/04\/IMG-6350-500x606.jpg 500w\" sizes=\"auto, (max-width: 845px) 100vw, 845px\" \/><figcaption class=\"wp-element-caption\">Une bouche pr\u00e8s de ma bouche bronze num\u00e9rot\u00e9, original en terre<\/figcaption><\/figure>\n\n\n\n<figure class=\"wp-block-image size-large\"><img loading=\"lazy\" decoding=\"async\" width=\"815\" height=\"1024\" data-id=\"818\" src=\"https:\/\/galerielecolibri.fr\/wp-content\/uploads\/2022\/12\/IMG_4106-815x1024.jpg\" alt=\"\" class=\"wp-image-818\" srcset=\"https:\/\/galerielecolibri.fr\/wp-content\/uploads\/2022\/12\/IMG_4106-815x1024.jpg 815w, https:\/\/galerielecolibri.fr\/wp-content\/uploads\/2022\/12\/IMG_4106-239x300.jpg 239w, https:\/\/galerielecolibri.fr\/wp-content\/uploads\/2022\/12\/IMG_4106-768x965.jpg 768w, https:\/\/galerielecolibri.fr\/wp-content\/uploads\/2022\/12\/IMG_4106-1222x1536.jpg 1222w, https:\/\/galerielecolibri.fr\/wp-content\/uploads\/2022\/12\/IMG_4106-1629x2048.jpg 1629w, https:\/\/galerielecolibri.fr\/wp-content\/uploads\/2022\/12\/IMG_4106-900x1131.jpg 900w, https:\/\/galerielecolibri.fr\/wp-content\/uploads\/2022\/12\/IMG_4106-500x628.jpg 500w, https:\/\/galerielecolibri.fr\/wp-content\/uploads\/2022\/12\/IMG_4106-scaled.jpg 2037w\" sizes=\"auto, (max-width: 815px) 100vw, 815px\" \/><figcaption class=\"wp-element-caption\">Visage d&rsquo;elle, bronze num\u00e9rot\u00e9, original en marbre <\/figcaption><\/figure>\n<\/figure>\n\n\n\n<figure class=\"wp-block-gallery has-nested-images columns-default is-cropped wp-block-gallery-4 is-layout-flex wp-block-gallery-is-layout-flex\">\n<figure class=\"wp-block-image size-large\"><img loading=\"lazy\" decoding=\"async\" width=\"765\" height=\"1024\" data-id=\"1835\" src=\"https:\/\/galerielecolibri.fr\/wp-content\/uploads\/2023\/09\/Une-autre-goutte-765x1024.jpg\" alt=\"\" class=\"wp-image-1835\" srcset=\"https:\/\/galerielecolibri.fr\/wp-content\/uploads\/2023\/09\/Une-autre-goutte-765x1024.jpg 765w, https:\/\/galerielecolibri.fr\/wp-content\/uploads\/2023\/09\/Une-autre-goutte-224x300.jpg 224w, https:\/\/galerielecolibri.fr\/wp-content\/uploads\/2023\/09\/Une-autre-goutte-768x1029.jpg 768w, https:\/\/galerielecolibri.fr\/wp-content\/uploads\/2023\/09\/Une-autre-goutte-1147x1536.jpg 1147w, https:\/\/galerielecolibri.fr\/wp-content\/uploads\/2023\/09\/Une-autre-goutte-1529x2048.jpg 1529w, https:\/\/galerielecolibri.fr\/wp-content\/uploads\/2023\/09\/Une-autre-goutte-900x1205.jpg 900w, https:\/\/galerielecolibri.fr\/wp-content\/uploads\/2023\/09\/Une-autre-goutte-500x670.jpg 500w, https:\/\/galerielecolibri.fr\/wp-content\/uploads\/2023\/09\/Une-autre-goutte-scaled.jpg 1911w\" sizes=\"auto, (max-width: 765px) 100vw, 765px\" \/><figcaption class=\"wp-element-caption\">Une autre goutte, sculpture en bronze, original en marbre<\/figcaption><\/figure>\n\n\n\n<figure class=\"wp-block-image size-large\"><img loading=\"lazy\" decoding=\"async\" width=\"723\" height=\"1024\" data-id=\"1833\" src=\"https:\/\/galerielecolibri.fr\/wp-content\/uploads\/2023\/09\/lEnvol-723x1024.jpeg\" alt=\"\" class=\"wp-image-1833\" srcset=\"https:\/\/galerielecolibri.fr\/wp-content\/uploads\/2023\/09\/lEnvol-723x1024.jpeg 723w, https:\/\/galerielecolibri.fr\/wp-content\/uploads\/2023\/09\/lEnvol-212x300.jpeg 212w, https:\/\/galerielecolibri.fr\/wp-content\/uploads\/2023\/09\/lEnvol-768x1088.jpeg 768w, https:\/\/galerielecolibri.fr\/wp-content\/uploads\/2023\/09\/lEnvol-1085x1536.jpeg 1085w, https:\/\/galerielecolibri.fr\/wp-content\/uploads\/2023\/09\/lEnvol-1446x2048.jpeg 1446w, https:\/\/galerielecolibri.fr\/wp-content\/uploads\/2023\/09\/lEnvol-900x1275.jpeg 900w, https:\/\/galerielecolibri.fr\/wp-content\/uploads\/2023\/09\/lEnvol-500x708.jpeg 500w, https:\/\/galerielecolibri.fr\/wp-content\/uploads\/2023\/09\/lEnvol-scaled.jpeg 1808w\" sizes=\"auto, (max-width: 723px) 100vw, 723px\" \/><figcaption class=\"wp-element-caption\">L&rsquo;envol, sculpture en bronze, original en marbre<\/figcaption><\/figure>\n<\/figure>\n","protected":false},"excerpt":{"rendered":"<p>Martine Camors a rencontr\u00e9 la terre tr\u00e8s t\u00f4t. Elle s\u2019est form\u00e9e aupr\u00e8s de diff\u00e9rents sculpteurs, et a travaill\u00e9 longtemps le modelage et [&hellip;]<\/p>\n","protected":false},"author":1,"featured_media":0,"parent":0,"menu_order":0,"comment_status":"closed","ping_status":"closed","template":"","meta":{"footnotes":""},"class_list":{"0":"post-278","1":"page","2":"type-page","3":"status-publish","5":"col-md-12"},"_links":{"self":[{"href":"https:\/\/galerielecolibri.fr\/index.php?rest_route=\/wp\/v2\/pages\/278","targetHints":{"allow":["GET"]}}],"collection":[{"href":"https:\/\/galerielecolibri.fr\/index.php?rest_route=\/wp\/v2\/pages"}],"about":[{"href":"https:\/\/galerielecolibri.fr\/index.php?rest_route=\/wp\/v2\/types\/page"}],"author":[{"embeddable":true,"href":"https:\/\/galerielecolibri.fr\/index.php?rest_route=\/wp\/v2\/users\/1"}],"replies":[{"embeddable":true,"href":"https:\/\/galerielecolibri.fr\/index.php?rest_route=%2Fwp%2Fv2%2Fcomments&post=278"}],"version-history":[{"count":24,"href":"https:\/\/galerielecolibri.fr\/index.php?rest_route=\/wp\/v2\/pages\/278\/revisions"}],"predecessor-version":[{"id":1844,"href":"https:\/\/galerielecolibri.fr\/index.php?rest_route=\/wp\/v2\/pages\/278\/revisions\/1844"}],"wp:attachment":[{"href":"https:\/\/galerielecolibri.fr\/index.php?rest_route=%2Fwp%2Fv2%2Fmedia&parent=278"}],"curies":[{"name":"wp","href":"https:\/\/api.w.org\/{rel}","templated":true}]}}