{"id":3001,"date":"2024-08-26T14:40:48","date_gmt":"2024-08-26T12:40:48","guid":{"rendered":"https:\/\/galerielecolibri.fr\/?page_id=3001"},"modified":"2024-11-19T11:49:12","modified_gmt":"2024-11-19T10:49:12","slug":"nico-abel","status":"publish","type":"page","link":"https:\/\/galerielecolibri.fr\/?page_id=3001","title":{"rendered":"Nico ABEL"},"content":{"rendered":"\n<p>Sculpteur de pi\u00e8ces en m\u00e9tal install\u00e9 dans les terres du Finist\u00e8re, Nico Abel a appris la soudure en regardant travailler son p\u00e8re quand il \u00e9tait enfant, \u00e9merveill\u00e9 par les feux d\u2019artifices des flashs lumineux de l\u2019arc \u00e9lectrique.<\/p>\n\n\n\n<p>\u00c0 ses d\u00e9buts, ses pi\u00e8ces sont destin\u00e9es aux accessoires des Arts de la rue. Puis apr\u00e8s un accident, il se plonge dans les livres d\u2019anatomie et se met \u00e0 cr\u00e9er ses premi\u00e8res sculptures. Son inspiration : la nature, l\u2019enfance, le monde animal, mais aussi les cabinets de curiosit\u00e9 et l\u2019univers post-apocalyptique.<\/p>\n\n\n\n<figure class=\"wp-block-gallery has-nested-images columns-default is-cropped wp-block-gallery-1 is-layout-flex wp-block-gallery-is-layout-flex\"><\/figure>\n\n\n\n<figure class=\"wp-block-gallery has-nested-images columns-default is-cropped wp-block-gallery-2 is-layout-flex wp-block-gallery-is-layout-flex\">\n<figure class=\"wp-block-image size-large\"><img loading=\"lazy\" decoding=\"async\" width=\"813\" height=\"1024\" data-id=\"3125\" src=\"https:\/\/galerielecolibri.fr\/wp-content\/uploads\/2024\/08\/IMG_4884-813x1024.jpg\" alt=\"\" class=\"wp-image-3125\" srcset=\"https:\/\/galerielecolibri.fr\/wp-content\/uploads\/2024\/08\/IMG_4884-813x1024.jpg 813w, https:\/\/galerielecolibri.fr\/wp-content\/uploads\/2024\/08\/IMG_4884-238x300.jpg 238w, https:\/\/galerielecolibri.fr\/wp-content\/uploads\/2024\/08\/IMG_4884-768x967.jpg 768w, https:\/\/galerielecolibri.fr\/wp-content\/uploads\/2024\/08\/IMG_4884-1220x1536.jpg 1220w, https:\/\/galerielecolibri.fr\/wp-content\/uploads\/2024\/08\/IMG_4884-1627x2048.jpg 1627w, https:\/\/galerielecolibri.fr\/wp-content\/uploads\/2024\/08\/IMG_4884-900x1133.jpg 900w, https:\/\/galerielecolibri.fr\/wp-content\/uploads\/2024\/08\/IMG_4884-500x629.jpg 500w, https:\/\/galerielecolibri.fr\/wp-content\/uploads\/2024\/08\/IMG_4884-scaled.jpg 2034w\" sizes=\"auto, (max-width: 813px) 100vw, 813px\" \/><figcaption class=\"wp-element-caption\">L\u2019enfant et la baleine 94\/47\/58<br><\/figcaption><\/figure>\n<\/figure>\n\n\n\n<figure class=\"wp-block-gallery has-nested-images columns-default is-cropped wp-block-gallery-3 is-layout-flex wp-block-gallery-is-layout-flex\">\n<figure class=\"wp-block-image size-large\"><img loading=\"lazy\" decoding=\"async\" width=\"755\" height=\"1024\" data-id=\"3127\" src=\"https:\/\/galerielecolibri.fr\/wp-content\/uploads\/2024\/08\/IMG_4907-755x1024.jpg\" alt=\"\" class=\"wp-image-3127\" srcset=\"https:\/\/galerielecolibri.fr\/wp-content\/uploads\/2024\/08\/IMG_4907-755x1024.jpg 755w, https:\/\/galerielecolibri.fr\/wp-content\/uploads\/2024\/08\/IMG_4907-221x300.jpg 221w, https:\/\/galerielecolibri.fr\/wp-content\/uploads\/2024\/08\/IMG_4907-768x1042.jpg 768w, https:\/\/galerielecolibri.fr\/wp-content\/uploads\/2024\/08\/IMG_4907-1132x1536.jpg 1132w, https:\/\/galerielecolibri.fr\/wp-content\/uploads\/2024\/08\/IMG_4907-1509x2048.jpg 1509w, https:\/\/galerielecolibri.fr\/wp-content\/uploads\/2024\/08\/IMG_4907-900x1221.jpg 900w, https:\/\/galerielecolibri.fr\/wp-content\/uploads\/2024\/08\/IMG_4907-500x678.jpg 500w, https:\/\/galerielecolibri.fr\/wp-content\/uploads\/2024\/08\/IMG_4907-scaled.jpg 1887w\" sizes=\"auto, (max-width: 755px) 100vw, 755px\" \/><figcaption class=\"wp-element-caption\">\u00c0 l&rsquo;eau 71\/36\/29<br> <\/figcaption><\/figure>\n<\/figure>\n\n\n\n<figure class=\"wp-block-gallery has-nested-images columns-default is-cropped wp-block-gallery-4 is-layout-flex wp-block-gallery-is-layout-flex\">\n<figure class=\"wp-block-image size-large\"><img loading=\"lazy\" decoding=\"async\" width=\"1024\" height=\"768\" data-id=\"3063\" src=\"https:\/\/galerielecolibri.fr\/wp-content\/uploads\/2024\/08\/IMG_4288-1-1-1024x768.jpg\" alt=\"\" class=\"wp-image-3063\" srcset=\"https:\/\/galerielecolibri.fr\/wp-content\/uploads\/2024\/08\/IMG_4288-1-1-1024x768.jpg 1024w, https:\/\/galerielecolibri.fr\/wp-content\/uploads\/2024\/08\/IMG_4288-1-1-300x225.jpg 300w, https:\/\/galerielecolibri.fr\/wp-content\/uploads\/2024\/08\/IMG_4288-1-1-768x576.jpg 768w, https:\/\/galerielecolibri.fr\/wp-content\/uploads\/2024\/08\/IMG_4288-1-1-1536x1152.jpg 1536w, https:\/\/galerielecolibri.fr\/wp-content\/uploads\/2024\/08\/IMG_4288-1-1-2048x1536.jpg 2048w, https:\/\/galerielecolibri.fr\/wp-content\/uploads\/2024\/08\/IMG_4288-1-1-900x675.jpg 900w, https:\/\/galerielecolibri.fr\/wp-content\/uploads\/2024\/08\/IMG_4288-1-1-500x375.jpg 500w\" sizes=\"auto, (max-width: 1024px) 100vw, 1024px\" \/><figcaption class=\"wp-element-caption\">Bonza\u00ef 60\/72\/48<br><\/figcaption><\/figure>\n<\/figure>\n\n\n\n<figure class=\"wp-block-gallery has-nested-images columns-default is-cropped wp-block-gallery-5 is-layout-flex wp-block-gallery-is-layout-flex\">\n<figure class=\"wp-block-image size-large\"><img loading=\"lazy\" decoding=\"async\" width=\"768\" height=\"1024\" data-id=\"3053\" src=\"https:\/\/galerielecolibri.fr\/wp-content\/uploads\/2024\/08\/IMG_0089-768x1024.jpg\" alt=\"\" class=\"wp-image-3053\" srcset=\"https:\/\/galerielecolibri.fr\/wp-content\/uploads\/2024\/08\/IMG_0089-768x1024.jpg 768w, https:\/\/galerielecolibri.fr\/wp-content\/uploads\/2024\/08\/IMG_0089-225x300.jpg 225w, https:\/\/galerielecolibri.fr\/wp-content\/uploads\/2024\/08\/IMG_0089-1152x1536.jpg 1152w, https:\/\/galerielecolibri.fr\/wp-content\/uploads\/2024\/08\/IMG_0089-1536x2048.jpg 1536w, https:\/\/galerielecolibri.fr\/wp-content\/uploads\/2024\/08\/IMG_0089-900x1200.jpg 900w, https:\/\/galerielecolibri.fr\/wp-content\/uploads\/2024\/08\/IMG_0089-500x667.jpg 500w, https:\/\/galerielecolibri.fr\/wp-content\/uploads\/2024\/08\/IMG_0089-scaled.jpg 1920w\" sizes=\"auto, (max-width: 768px) 100vw, 768px\" \/><figcaption class=\"wp-element-caption\">Moto 2 : 67\/71\/41<br><\/figcaption><\/figure>\n\n\n\n<figure class=\"wp-block-image size-large\"><img loading=\"lazy\" decoding=\"async\" width=\"768\" height=\"1024\" data-id=\"3054\" src=\"https:\/\/galerielecolibri.fr\/wp-content\/uploads\/2024\/08\/IMG_0106-768x1024.jpg\" alt=\"\" class=\"wp-image-3054\" srcset=\"https:\/\/galerielecolibri.fr\/wp-content\/uploads\/2024\/08\/IMG_0106-768x1024.jpg 768w, https:\/\/galerielecolibri.fr\/wp-content\/uploads\/2024\/08\/IMG_0106-225x300.jpg 225w, https:\/\/galerielecolibri.fr\/wp-content\/uploads\/2024\/08\/IMG_0106-1152x1536.jpg 1152w, https:\/\/galerielecolibri.fr\/wp-content\/uploads\/2024\/08\/IMG_0106-1536x2048.jpg 1536w, https:\/\/galerielecolibri.fr\/wp-content\/uploads\/2024\/08\/IMG_0106-900x1200.jpg 900w, https:\/\/galerielecolibri.fr\/wp-content\/uploads\/2024\/08\/IMG_0106-500x667.jpg 500w, https:\/\/galerielecolibri.fr\/wp-content\/uploads\/2024\/08\/IMG_0106-scaled.jpg 1920w\" sizes=\"auto, (max-width: 768px) 100vw, 768px\" \/><\/figure>\n<\/figure>\n\n\n\n<figure class=\"wp-block-gallery has-nested-images columns-default is-cropped wp-block-gallery-6 is-layout-flex wp-block-gallery-is-layout-flex\">\n<figure class=\"wp-block-image size-large\"><img loading=\"lazy\" decoding=\"async\" width=\"1024\" height=\"768\" data-id=\"3049\" src=\"https:\/\/galerielecolibri.fr\/wp-content\/uploads\/2024\/08\/IMG_6624-1024x768.jpg\" alt=\"\" class=\"wp-image-3049\" srcset=\"https:\/\/galerielecolibri.fr\/wp-content\/uploads\/2024\/08\/IMG_6624-1024x768.jpg 1024w, https:\/\/galerielecolibri.fr\/wp-content\/uploads\/2024\/08\/IMG_6624-300x225.jpg 300w, https:\/\/galerielecolibri.fr\/wp-content\/uploads\/2024\/08\/IMG_6624-768x576.jpg 768w, https:\/\/galerielecolibri.fr\/wp-content\/uploads\/2024\/08\/IMG_6624-1536x1152.jpg 1536w, https:\/\/galerielecolibri.fr\/wp-content\/uploads\/2024\/08\/IMG_6624-2048x1536.jpg 2048w, https:\/\/galerielecolibri.fr\/wp-content\/uploads\/2024\/08\/IMG_6624-900x675.jpg 900w, https:\/\/galerielecolibri.fr\/wp-content\/uploads\/2024\/08\/IMG_6624-500x375.jpg 500w\" sizes=\"auto, (max-width: 1024px) 100vw, 1024px\" \/><figcaption class=\"wp-element-caption\">Moto 1 : 59\/62\/36<br><\/figcaption><\/figure>\n\n\n\n<figure class=\"wp-block-image size-large\"><img loading=\"lazy\" decoding=\"async\" width=\"768\" height=\"1024\" data-id=\"3050\" src=\"https:\/\/galerielecolibri.fr\/wp-content\/uploads\/2024\/08\/IMG_6630-768x1024.jpg\" alt=\"\" class=\"wp-image-3050\" srcset=\"https:\/\/galerielecolibri.fr\/wp-content\/uploads\/2024\/08\/IMG_6630-768x1024.jpg 768w, https:\/\/galerielecolibri.fr\/wp-content\/uploads\/2024\/08\/IMG_6630-225x300.jpg 225w, https:\/\/galerielecolibri.fr\/wp-content\/uploads\/2024\/08\/IMG_6630-1152x1536.jpg 1152w, https:\/\/galerielecolibri.fr\/wp-content\/uploads\/2024\/08\/IMG_6630-1536x2048.jpg 1536w, https:\/\/galerielecolibri.fr\/wp-content\/uploads\/2024\/08\/IMG_6630-900x1200.jpg 900w, https:\/\/galerielecolibri.fr\/wp-content\/uploads\/2024\/08\/IMG_6630-500x667.jpg 500w, https:\/\/galerielecolibri.fr\/wp-content\/uploads\/2024\/08\/IMG_6630-scaled.jpg 1920w\" sizes=\"auto, (max-width: 768px) 100vw, 768px\" \/><\/figure>\n<\/figure>\n\n\n\n<figure class=\"wp-block-gallery has-nested-images columns-default is-cropped wp-block-gallery-7 is-layout-flex wp-block-gallery-is-layout-flex\">\n<figure class=\"wp-block-image size-large\"><img loading=\"lazy\" decoding=\"async\" width=\"891\" height=\"1024\" data-id=\"3128\" src=\"https:\/\/galerielecolibri.fr\/wp-content\/uploads\/2024\/08\/IMG_4896-891x1024.jpg\" alt=\"\" class=\"wp-image-3128\" srcset=\"https:\/\/galerielecolibri.fr\/wp-content\/uploads\/2024\/08\/IMG_4896-891x1024.jpg 891w, https:\/\/galerielecolibri.fr\/wp-content\/uploads\/2024\/08\/IMG_4896-261x300.jpg 261w, https:\/\/galerielecolibri.fr\/wp-content\/uploads\/2024\/08\/IMG_4896-768x883.jpg 768w, https:\/\/galerielecolibri.fr\/wp-content\/uploads\/2024\/08\/IMG_4896-1336x1536.jpg 1336w, https:\/\/galerielecolibri.fr\/wp-content\/uploads\/2024\/08\/IMG_4896-1781x2048.jpg 1781w, https:\/\/galerielecolibri.fr\/wp-content\/uploads\/2024\/08\/IMG_4896-900x1035.jpg 900w, https:\/\/galerielecolibri.fr\/wp-content\/uploads\/2024\/08\/IMG_4896-500x575.jpg 500w\" sizes=\"auto, (max-width: 891px) 100vw, 891px\" \/><figcaption class=\"wp-element-caption\">Le Gar\u00e7on au cerceau 57\/70\/42<br><\/figcaption><\/figure>\n\n\n\n<figure class=\"wp-block-image size-large\"><img loading=\"lazy\" decoding=\"async\" width=\"813\" height=\"1024\" data-id=\"3129\" src=\"https:\/\/galerielecolibri.fr\/wp-content\/uploads\/2024\/08\/IMG_4898-813x1024.jpg\" alt=\"\" class=\"wp-image-3129\" srcset=\"https:\/\/galerielecolibri.fr\/wp-content\/uploads\/2024\/08\/IMG_4898-813x1024.jpg 813w, https:\/\/galerielecolibri.fr\/wp-content\/uploads\/2024\/08\/IMG_4898-238x300.jpg 238w, https:\/\/galerielecolibri.fr\/wp-content\/uploads\/2024\/08\/IMG_4898-768x968.jpg 768w, https:\/\/galerielecolibri.fr\/wp-content\/uploads\/2024\/08\/IMG_4898-1219x1536.jpg 1219w, https:\/\/galerielecolibri.fr\/wp-content\/uploads\/2024\/08\/IMG_4898-1625x2048.jpg 1625w, https:\/\/galerielecolibri.fr\/wp-content\/uploads\/2024\/08\/IMG_4898-900x1134.jpg 900w, https:\/\/galerielecolibri.fr\/wp-content\/uploads\/2024\/08\/IMG_4898-500x630.jpg 500w, https:\/\/galerielecolibri.fr\/wp-content\/uploads\/2024\/08\/IMG_4898.jpg 1811w\" sizes=\"auto, (max-width: 813px) 100vw, 813px\" \/><\/figure>\n<\/figure>\n\n\n\n<figure class=\"wp-block-gallery has-nested-images columns-default is-cropped wp-block-gallery-8 is-layout-flex wp-block-gallery-is-layout-flex\">\n<figure class=\"wp-block-image size-large\"><img loading=\"lazy\" decoding=\"async\" width=\"576\" height=\"1024\" data-id=\"3060\" src=\"https:\/\/galerielecolibri.fr\/wp-content\/uploads\/2024\/08\/20210703_115401-576x1024.jpg\" alt=\"\" class=\"wp-image-3060\" srcset=\"https:\/\/galerielecolibri.fr\/wp-content\/uploads\/2024\/08\/20210703_115401-576x1024.jpg 576w, https:\/\/galerielecolibri.fr\/wp-content\/uploads\/2024\/08\/20210703_115401-169x300.jpg 169w, https:\/\/galerielecolibri.fr\/wp-content\/uploads\/2024\/08\/20210703_115401-768x1365.jpg 768w, https:\/\/galerielecolibri.fr\/wp-content\/uploads\/2024\/08\/20210703_115401-864x1536.jpg 864w, https:\/\/galerielecolibri.fr\/wp-content\/uploads\/2024\/08\/20210703_115401-1152x2048.jpg 1152w, https:\/\/galerielecolibri.fr\/wp-content\/uploads\/2024\/08\/20210703_115401-900x1600.jpg 900w, https:\/\/galerielecolibri.fr\/wp-content\/uploads\/2024\/08\/20210703_115401-500x889.jpg 500w, https:\/\/galerielecolibri.fr\/wp-content\/uploads\/2024\/08\/20210703_115401-scaled.jpg 1440w\" sizes=\"auto, (max-width: 576px) 100vw, 576px\" \/><figcaption class=\"wp-element-caption\">C\u0153ur 51\/34\/30<\/figcaption><\/figure>\n<\/figure>\n","protected":false},"excerpt":{"rendered":"<p>Sculpteur de pi\u00e8ces en m\u00e9tal install\u00e9 dans les terres du Finist\u00e8re, Nico Abel a appris la soudure en regardant travailler son p\u00e8re [&hellip;]<\/p>\n","protected":false},"author":1,"featured_media":0,"parent":0,"menu_order":0,"comment_status":"closed","ping_status":"closed","template":"","meta":{"footnotes":""},"class_list":{"0":"post-3001","1":"page","2":"type-page","3":"status-publish","5":"col-md-12"},"_links":{"self":[{"href":"https:\/\/galerielecolibri.fr\/index.php?rest_route=\/wp\/v2\/pages\/3001","targetHints":{"allow":["GET"]}}],"collection":[{"href":"https:\/\/galerielecolibri.fr\/index.php?rest_route=\/wp\/v2\/pages"}],"about":[{"href":"https:\/\/galerielecolibri.fr\/index.php?rest_route=\/wp\/v2\/types\/page"}],"author":[{"embeddable":true,"href":"https:\/\/galerielecolibri.fr\/index.php?rest_route=\/wp\/v2\/users\/1"}],"replies":[{"embeddable":true,"href":"https:\/\/galerielecolibri.fr\/index.php?rest_route=%2Fwp%2Fv2%2Fcomments&post=3001"}],"version-history":[{"count":16,"href":"https:\/\/galerielecolibri.fr\/index.php?rest_route=\/wp\/v2\/pages\/3001\/revisions"}],"predecessor-version":[{"id":3178,"href":"https:\/\/galerielecolibri.fr\/index.php?rest_route=\/wp\/v2\/pages\/3001\/revisions\/3178"}],"wp:attachment":[{"href":"https:\/\/galerielecolibri.fr\/index.php?rest_route=%2Fwp%2Fv2%2Fmedia&parent=3001"}],"curies":[{"name":"wp","href":"https:\/\/api.w.org\/{rel}","templated":true}]}}