{"id":337,"date":"2022-11-16T15:22:48","date_gmt":"2022-11-16T14:22:48","guid":{"rendered":"https:\/\/galerielecolibri.fr\/?page_id=337"},"modified":"2022-12-01T14:26:12","modified_gmt":"2022-12-01T13:26:12","slug":"abceramic","status":"publish","type":"page","link":"https:\/\/galerielecolibri.fr\/?page_id=337","title":{"rendered":"ABCeramic"},"content":{"rendered":"<div class=\"wp-block-image\">\n<figure class=\"aligncenter size-large\"><img loading=\"lazy\" decoding=\"async\" width=\"1024\" height=\"863\" src=\"https:\/\/galerielecolibri.fr\/wp-content\/uploads\/2022\/12\/IMG_3457-1024x863.jpg\" alt=\"\" class=\"wp-image-710\" srcset=\"https:\/\/galerielecolibri.fr\/wp-content\/uploads\/2022\/12\/IMG_3457-1024x863.jpg 1024w, https:\/\/galerielecolibri.fr\/wp-content\/uploads\/2022\/12\/IMG_3457-300x253.jpg 300w, https:\/\/galerielecolibri.fr\/wp-content\/uploads\/2022\/12\/IMG_3457-768x647.jpg 768w, https:\/\/galerielecolibri.fr\/wp-content\/uploads\/2022\/12\/IMG_3457-1536x1294.jpg 1536w, https:\/\/galerielecolibri.fr\/wp-content\/uploads\/2022\/12\/IMG_3457-2048x1726.jpg 2048w, https:\/\/galerielecolibri.fr\/wp-content\/uploads\/2022\/12\/IMG_3457-900x758.jpg 900w, https:\/\/galerielecolibri.fr\/wp-content\/uploads\/2022\/12\/IMG_3457-500x421.jpg 500w\" sizes=\"auto, (max-width: 1024px) 100vw, 1024px\" \/><\/figure>\n<\/div>\n\n\n<p>ABCeramique\u00a0: Artisane vivant dans le Gers, Aur\u00e9lie Champilly travaille chaque pi\u00e8ce avec soin. Leur forme est toujours sensiblement la m\u00eame mais jamais pareille aux pr\u00e9c\u00e9dentes. Elle cr\u00e9e elle-m\u00eame ses \u00e9maux, c&rsquo;est ce qui rend la couleur et la texture de ses pi\u00e8ces totalement uniques, quelles soient dans le blanc, le noir ou le bleu. Leur aspect brut est directement inspir\u00e9 de la nature qui l&rsquo;entoure. <\/p>\n","protected":false},"excerpt":{"rendered":"<p>ABCeramique\u00a0: Artisane vivant dans le Gers, Aur\u00e9lie Champilly travaille chaque pi\u00e8ce avec soin. Leur forme est toujours sensiblement la m\u00eame mais jamais [&hellip;]<\/p>\n","protected":false},"author":1,"featured_media":0,"parent":0,"menu_order":0,"comment_status":"closed","ping_status":"closed","template":"","meta":{"footnotes":""},"class_list":{"0":"post-337","1":"page","2":"type-page","3":"status-publish","5":"col-md-12"},"_links":{"self":[{"href":"https:\/\/galerielecolibri.fr\/index.php?rest_route=\/wp\/v2\/pages\/337","targetHints":{"allow":["GET"]}}],"collection":[{"href":"https:\/\/galerielecolibri.fr\/index.php?rest_route=\/wp\/v2\/pages"}],"about":[{"href":"https:\/\/galerielecolibri.fr\/index.php?rest_route=\/wp\/v2\/types\/page"}],"author":[{"embeddable":true,"href":"https:\/\/galerielecolibri.fr\/index.php?rest_route=\/wp\/v2\/users\/1"}],"replies":[{"embeddable":true,"href":"https:\/\/galerielecolibri.fr\/index.php?rest_route=%2Fwp%2Fv2%2Fcomments&post=337"}],"version-history":[{"count":8,"href":"https:\/\/galerielecolibri.fr\/index.php?rest_route=\/wp\/v2\/pages\/337\/revisions"}],"predecessor-version":[{"id":713,"href":"https:\/\/galerielecolibri.fr\/index.php?rest_route=\/wp\/v2\/pages\/337\/revisions\/713"}],"wp:attachment":[{"href":"https:\/\/galerielecolibri.fr\/index.php?rest_route=%2Fwp%2Fv2%2Fmedia&parent=337"}],"curies":[{"name":"wp","href":"https:\/\/api.w.org\/{rel}","templated":true}]}}