{"id":84,"date":"2022-08-02T13:04:33","date_gmt":"2022-08-02T11:04:33","guid":{"rendered":"https:\/\/galerielecolibri.fr\/?page_id=84"},"modified":"2025-01-11T15:28:47","modified_gmt":"2025-01-11T14:28:47","slug":"peintures-2","status":"publish","type":"page","link":"https:\/\/galerielecolibri.fr\/?page_id=84","title":{"rendered":"Expositions d&rsquo;Escale en Escale"},"content":{"rendered":"\n<p>La galerie d&rsquo;Orsay est d\u00e9finitivement ferm\u00e9e. Mais&#8230;<\/p>\n\n\n\n<p>Le Colibri poursuit son vol d&rsquo;Escale en Escale, sous forme d&rsquo;expositions temporaires, toujours organis\u00e9es par Amandine Grappin, et accueillies dans divers lieux, maisons de particuliers d\u00e9sirant participer \u00e0 la diffusion de l&rsquo;art, restaurants, ou autres.<\/p>\n","protected":false},"excerpt":{"rendered":"<p>La galerie d&rsquo;Orsay est d\u00e9finitivement ferm\u00e9e. Mais&#8230; Le Colibri poursuit son vol d&rsquo;Escale en Escale, sous forme d&rsquo;expositions temporaires, toujours organis\u00e9es par [&hellip;]<\/p>\n","protected":false},"author":1,"featured_media":0,"parent":0,"menu_order":0,"comment_status":"closed","ping_status":"closed","template":"","meta":{"footnotes":""},"class_list":{"0":"post-84","1":"page","2":"type-page","3":"status-publish","5":"col-md-12"},"_links":{"self":[{"href":"https:\/\/galerielecolibri.fr\/index.php?rest_route=\/wp\/v2\/pages\/84","targetHints":{"allow":["GET"]}}],"collection":[{"href":"https:\/\/galerielecolibri.fr\/index.php?rest_route=\/wp\/v2\/pages"}],"about":[{"href":"https:\/\/galerielecolibri.fr\/index.php?rest_route=\/wp\/v2\/types\/page"}],"author":[{"embeddable":true,"href":"https:\/\/galerielecolibri.fr\/index.php?rest_route=\/wp\/v2\/users\/1"}],"replies":[{"embeddable":true,"href":"https:\/\/galerielecolibri.fr\/index.php?rest_route=%2Fwp%2Fv2%2Fcomments&post=84"}],"version-history":[{"count":34,"href":"https:\/\/galerielecolibri.fr\/index.php?rest_route=\/wp\/v2\/pages\/84\/revisions"}],"predecessor-version":[{"id":3240,"href":"https:\/\/galerielecolibri.fr\/index.php?rest_route=\/wp\/v2\/pages\/84\/revisions\/3240"}],"wp:attachment":[{"href":"https:\/\/galerielecolibri.fr\/index.php?rest_route=%2Fwp%2Fv2%2Fmedia&parent=84"}],"curies":[{"name":"wp","href":"https:\/\/api.w.org\/{rel}","templated":true}]}}